{"id":785,"date":"2014-08-16T23:08:54","date_gmt":"2014-08-16T23:08:54","guid":{"rendered":"http:\/\/evosec.eu\/?page_id=785"},"modified":"2016-09-11T00:57:42","modified_gmt":"2016-09-11T00:57:42","slug":"what-we-do","status":"publish","type":"page","link":"https:\/\/evosec.eu\/sv\/what-we-do\/","title":{"rendered":"Vad Vi G\u00f6r"},"content":{"rendered":"<h2><a href=\"\/security\"><i class=\"fa fa-shield fa-fw\"><\/i>IT-S\u00c4KERHET<\/a><\/h2>\n<ul class=\"fa-ul\" style=\"list-style-type: none\">\n<li><i class=\"fa-li fa fa-angle-right fa-fw\"><\/i><a href=\"http:\/\/evosec.eu\/smbs-fast-cyber-security-checklist\/\">Snabb SMB kontrollera<\/a><\/li>\n<li><i class=\"fa-li fa fa-angle-right fa-fw\"><\/i>Webbplats s\u00e4kerhetsgranskning<\/li>\n<li><i class=\"fa-li fa fa-angle-right fa-fw\"><\/i>N\u00e4tverk s\u00e4kerhetsgranskning<\/li>\n<li><i class=\"fa-li fa fa-angle-right fa-fw\"><\/i>Server s\u00e4kerhet Audit<\/li>\n<li><i class=\"fa-li fa fa-angle-right fa-fw\"><\/i>Embedded-enheten s\u00e4kerhetsgranskning<\/li>\n<\/ul>\n<h2><a href=\"\/operations\"><i class=\"fa fa-heartbeat fa-fw\"><\/i>IT-DRIFT<\/a><\/h2>\n<ul class=\"fa-ul\" style=\"list-style-type: none\">\n<li><i class=\"fa-li fa fa-angle-right fa-fw\"><\/i>N\u00e4tverk<\/li>\n<li><i class=\"fa-li fa fa-angle-right fa-fw\"><\/i>Linux-servrar<\/li>\n<li><i class=\"fa-li fa fa-angle-right fa-fw\"><\/i>S\u00e4kerhetskopior \/ Ransomware-bevis s\u00e4kerhetskopior<\/li>\n<li><i class=\"fa-li fa fa-angle-right fa-fw\"><\/i>\u00d6vervakning av webbplatser, IPs\/IP varierar, enheter etc<\/li>\n<li><i class=\"fa-li fa fa-angle-right fa-fw\"><\/i>3rd party\/f\u00f6r\u00e5ldrad protokoll uppdatering\/integrationer<\/li>\n<\/ul>\n<h2><a href=\"\/automation\"><i class=\"fa fa-cogs fa-fw\"><\/i>IT-AUTOMATION<\/a><\/h2>\n<ul class=\"fa-ul\" style=\"list-style-type: none\">\n<li><i class=\"fa-li fa fa-angle-right fa-fw\"><\/i>Data som kryper\/parsning<\/li>\n<li><i class=\"fa-li fa fa-angle-right fa-fw\"><\/i>Automatiserade e-postmeddelanden<\/li>\n<li><i class=\"fa-li fa fa-angle-right fa-fw\"><\/i>Egen utvecklad program, skript eller l\u00f6sningar f\u00f6r att k\u00f6ras p\u00e5 allm\u00e4nt tillg\u00e4ngliga inb\u00e4ddade styrelser &#8211; Raspberry PI, Arduino etc<\/li>\n<\/ul>\n<h2><a href=\"\/web-support\"><i class=\"fa fa-user fa-fw\"><\/i>SUPPORT F\u00d6R WEB<\/a><\/h2>\n<ul class=\"fa-ul\" style=\"list-style-type: none\">\n<li><i class=\"fa-li fa fa-angle-right fa-fw\"><\/i>Uppdatering-, sk\u00e4rm- och Patch: WordPress-baserade webbplatser &#038; Plugins<\/li>\n<li><i class=\"fa-li fa fa-angle-right fa-fw\"><\/i>Uppdatering-, sk\u00e4rm- och Patch: Joomla-baserade webbplatser, Plugins &#038; komponenter<\/li>\n<\/ul>\n<h2><a href=\"\/iot-devices-security-assessment\"><i class=\"fa fa-wifi fa-fw\"><\/i>IoT-enheter s\u00e4kerhet<\/a><\/h2>\n<ul class=\"fa-ul\" style=\"list-style-type: none\">\n<li><i class=\"fa-li fa fa-angle-right fa-fw\"><\/i>Kontrollera\/Fels\u00f6ka konfigurationen<\/li>\n<li><i class=\"fa-li fa fa-angle-right fa-fw\"><\/i>Oprioriterade protokoll\/klartext l\u00f6senord<\/li>\n<li><i class=\"fa-li fa fa-angle-right fa-fw\"><\/i>Reverse engineering protokoll<\/li>\n<li><i class=\"fa-li fa fa-angle-right fa-fw\"><\/i>Fast l\u00f6senord, bakd\u00f6rrar, standardinst\u00e4llningarna<\/li>\n<\/ul>\n","protected":false},"excerpt":{"rendered":"<p>IT-S\u00c4KERHET Snabb SMB kontrollera Webbplats s\u00e4kerhetsgranskning N\u00e4tverk s\u00e4kerhetsgranskning Server s\u00e4kerhet Audit Embedded-enheten s\u00e4kerhetsgranskning IT-DRIFT N\u00e4tverk Linux-servrar S\u00e4kerhetskopior \/ Ransomware-bevis s\u00e4kerhetskopior \u00d6vervakning av webbplatser, IPs\/IP varierar, enheter etc 3rd party\/f\u00f6r\u00e5ldrad protokoll uppdatering\/integrationer IT-AUTOMATION Data som kryper\/parsning Automatiserade e-postmeddelanden Egen utvecklad program, skript eller l\u00f6sningar f\u00f6r att k\u00f6ras p\u00e5 allm\u00e4nt tillg\u00e4ngliga inb\u00e4ddade &hellip;<\/p>\n","protected":false},"author":1,"featured_media":0,"parent":0,"menu_order":0,"comment_status":"closed","ping_status":"open","template":"","meta":{"footnotes":""},"class_list":["post-785","page","type-page","status-publish","hentry"],"translation":{"provider":"WPGlobus","version":"3.0.2","language":"sv","enabled_languages":["en","da","de","es","fi","fr","it","hu","nl","no","pl","pt","ru","sv"],"languages":{"en":{"title":true,"content":true,"excerpt":false},"da":{"title":true,"content":true,"excerpt":false},"de":{"title":true,"content":true,"excerpt":false},"es":{"title":true,"content":true,"excerpt":false},"fi":{"title":true,"content":true,"excerpt":false},"fr":{"title":true,"content":true,"excerpt":false},"it":{"title":true,"content":true,"excerpt":false},"hu":{"title":true,"content":true,"excerpt":false},"nl":{"title":true,"content":true,"excerpt":false},"no":{"title":true,"content":true,"excerpt":false},"pl":{"title":true,"content":true,"excerpt":false},"pt":{"title":true,"content":true,"excerpt":false},"ru":{"title":true,"content":true,"excerpt":false},"sv":{"title":true,"content":true,"excerpt":false}}},"_links":{"self":[{"href":"https:\/\/evosec.eu\/sv\/wp-json\/wp\/v2\/pages\/785","targetHints":{"allow":["GET"]}}],"collection":[{"href":"https:\/\/evosec.eu\/sv\/wp-json\/wp\/v2\/pages"}],"about":[{"href":"https:\/\/evosec.eu\/sv\/wp-json\/wp\/v2\/types\/page"}],"author":[{"embeddable":true,"href":"https:\/\/evosec.eu\/sv\/wp-json\/wp\/v2\/users\/1"}],"replies":[{"embeddable":true,"href":"https:\/\/evosec.eu\/sv\/wp-json\/wp\/v2\/comments?post=785"}],"version-history":[{"count":3,"href":"https:\/\/evosec.eu\/sv\/wp-json\/wp\/v2\/pages\/785\/revisions"}],"predecessor-version":[{"id":2132,"href":"https:\/\/evosec.eu\/sv\/wp-json\/wp\/v2\/pages\/785\/revisions\/2132"}],"wp:attachment":[{"href":"https:\/\/evosec.eu\/sv\/wp-json\/wp\/v2\/media?parent=785"}],"curies":[{"name":"wp","href":"https:\/\/api.w.org\/{rel}","templated":true}]}}