{"id":767,"date":"2015-01-16T23:29:16","date_gmt":"2015-01-16T23:29:16","guid":{"rendered":"http:\/\/evosec.eu\/?page_id=767"},"modified":"2017-09-08T01:08:35","modified_gmt":"2017-09-08T01:08:35","slug":"homepage","status":"publish","type":"page","link":"https:\/\/evosec.eu\/sv\/","title":{"rendered":"Vi V\u00e4lkomnar Er!"},"content":{"rendered":"<div class=\"row\">\n<div class=\"col-lg-12\">\n<div class=\"panel panel-default\">\n<div class=\"panel-body\">Vi \u00e4r ett IT tech-f\u00f6retag, specialiserat p\u00e5 att tillhandah\u00e5lla tj\u00e4nster, l\u00f6sningar och anpassade produkter f\u00f6r sm\u00e5-medelstora f\u00f6retag.Vi tror att sm\u00e5 och medelstora f\u00f6retag har det behov som skiljer sig fr\u00e5n de som stora f\u00f6retag eller f\u00f6retag kr\u00e4ver. \u00c4nnu, sm\u00e5 och medelstora f\u00f6retag fortfarande beh\u00f6ver kompetenta resurser och v\u00e4l utvecklat l\u00f6sningar f\u00f6r att kunna konkurrera p\u00e5 n\u00e5gon marknad, s\u00e4rskilt nu n\u00e4r n\u00e4stan alla f\u00f6retag omvandla\/skifta till digital och m\u00f6ter en ny v\u00e4rld, med nya f\u00f6rdelar och utmaningar.<\/p>\n<p>Ett av v\u00e5ra m\u00e5l \u00e4r att ge sm\u00e5 och medelstora f\u00f6retag med samma konkurrenskraftiga f\u00f6rdelar som st\u00f6rre organisationer har.<\/p>\n<\/div>\n<\/div>\n<\/div>\n<\/div>\n<div class=\"row\">\n<div class=\"col-xs-12 col-sm-12 col-md-6 col-lg-6\">\n<div class=\"thumbnail\"><a href=\"\/security\/\"><img decoding=\"async\" src=\"\/wp-content\/images\/security.png\" alt=\"IT-s\u00e4kerhet\" \/><\/a><\/p>\n<div class=\"caption\">\n<h1><i class=\"fa fa-shield fa-fw\"><\/i>IT-s\u00e4kerhet<\/h1>\n<p><a class=\"btn btn-primary\" href=\"\/security\/\">L\u00e4s mer<\/a><\/div>\n<\/div>\n<\/div>\n<div class=\"col-xs-12 col-sm-12 col-md-6 col-lg-6\">\n<div class=\"thumbnail\"><a href=\"\/operations\/\"><img decoding=\"async\" src=\"\/wp-content\/images\/operations.png\" alt=\"IT-drift\" \/><\/a><\/p>\n<div class=\"caption\">\n<h1><i class=\"fa fa-heartbeat fa-fw\"><\/i>IT-drift<\/h1>\n<p><a class=\"btn btn-success\" href=\"\/category\/case-studies\/it-operations\/\">L\u00e4s mer<\/a>\n<\/div>\n<\/div>\n<\/div>\n<\/div>\n<div class=\"row\">\n<div class=\"col-xs-12 col-sm-12 col-md-6 col-lg-6\">\n<div class=\"thumbnail\"><a href=\"\/automation\/\"><img decoding=\"async\" src=\"\/wp-content\/images\/automation.png\" alt=\"IT-Automation\" \/><\/a><\/p>\n<div class=\"caption\">\n<h1><i class=\"fa fa-cogs fa-fw\"><\/i>IT-Automation<\/h1>\n<p><a class=\"btn btn-info\" href=\"\/category\/case-studies\/automation\/\">L\u00e4s mer<\/a><\/div>\n<\/div>\n<\/div>\n<div class=\"col-xs-12 col-sm-12 col-md-6 col-lg-6\">\n<div class=\"thumbnail\"><a href=\"\/iot-devices-security-assessment\/\"><img decoding=\"async\" src=\"\/wp-content\/images\/iot.png\" alt=\"IoT-enheter\" \/><\/a><\/p>\n<div class=\"caption\">\n<h1><i class=\"fa fa-wifi fa-fw\"><\/i>IoT-enheter<\/h1>\n<p><a class=\"btn btn-warning\" href=\"\/category\/case-studies\/iot-security\/\">L\u00e4s mer<\/a><\/div>\n<\/div>\n<\/div>\n<\/div>\n","protected":false},"excerpt":{"rendered":"<p>Vi \u00e4r ett IT tech-f\u00f6retag, specialiserat p\u00e5 att tillhandah\u00e5lla tj\u00e4nster, l\u00f6sningar och anpassade produkter f\u00f6r sm\u00e5-medelstora f\u00f6retag.Vi tror att sm\u00e5 och medelstora f\u00f6retag har det behov som skiljer sig fr\u00e5n de som stora f\u00f6retag eller f\u00f6retag kr\u00e4ver. \u00c4nnu, sm\u00e5 och medelstora f\u00f6retag fortfarande beh\u00f6ver kompetenta resurser och v\u00e4l utvecklat l\u00f6sningar &hellip;<\/p>\n","protected":false},"author":1,"featured_media":0,"parent":0,"menu_order":0,"comment_status":"closed","ping_status":"closed","template":"","meta":{"footnotes":""},"class_list":["post-767","page","type-page","status-publish","hentry"],"translation":{"provider":"WPGlobus","version":"3.0.2","language":"sv","enabled_languages":["en","da","de","es","fi","fr","it","hu","nl","no","pl","pt","ru","sv"],"languages":{"en":{"title":true,"content":true,"excerpt":false},"da":{"title":true,"content":true,"excerpt":false},"de":{"title":true,"content":true,"excerpt":false},"es":{"title":true,"content":true,"excerpt":false},"fi":{"title":true,"content":true,"excerpt":false},"fr":{"title":true,"content":true,"excerpt":false},"it":{"title":true,"content":true,"excerpt":false},"hu":{"title":true,"content":true,"excerpt":false},"nl":{"title":true,"content":true,"excerpt":false},"no":{"title":true,"content":true,"excerpt":false},"pl":{"title":true,"content":true,"excerpt":false},"pt":{"title":false,"content":false,"excerpt":false},"ru":{"title":true,"content":true,"excerpt":false},"sv":{"title":true,"content":true,"excerpt":false}}},"_links":{"self":[{"href":"https:\/\/evosec.eu\/sv\/wp-json\/wp\/v2\/pages\/767","targetHints":{"allow":["GET"]}}],"collection":[{"href":"https:\/\/evosec.eu\/sv\/wp-json\/wp\/v2\/pages"}],"about":[{"href":"https:\/\/evosec.eu\/sv\/wp-json\/wp\/v2\/types\/page"}],"author":[{"embeddable":true,"href":"https:\/\/evosec.eu\/sv\/wp-json\/wp\/v2\/users\/1"}],"replies":[{"embeddable":true,"href":"https:\/\/evosec.eu\/sv\/wp-json\/wp\/v2\/comments?post=767"}],"version-history":[{"count":3,"href":"https:\/\/evosec.eu\/sv\/wp-json\/wp\/v2\/pages\/767\/revisions"}],"predecessor-version":[{"id":1159,"href":"https:\/\/evosec.eu\/sv\/wp-json\/wp\/v2\/pages\/767\/revisions\/1159"}],"wp:attachment":[{"href":"https:\/\/evosec.eu\/sv\/wp-json\/wp\/v2\/media?parent=767"}],"curies":[{"name":"wp","href":"https:\/\/api.w.org\/{rel}","templated":true}]}}