{"id":1757,"date":"2016-05-09T22:48:35","date_gmt":"2016-05-09T22:48:35","guid":{"rendered":"https:\/\/evosec.eu\/?page_id=1757"},"modified":"2016-09-11T01:00:42","modified_gmt":"2016-09-11T01:00:42","slug":"wordpress-security-testinghardening","status":"publish","type":"page","link":"https:\/\/evosec.eu\/sv\/wordpress-security-testinghardening\/","title":{"rendered":"WordPress S\u00e4kerhetstester &amp; Amp; H\u00e4rdning"},"content":{"rendered":"<p>Auktoriserat inte du prov din WordPress-baserade webbplats mot vanliga konfigurationsproblem som kan leda till s\u00e4kerhet huvudv\u00e4rk?<br \/>\nHave you heard of <a class=\"external text\" href=\"http:\/\/en.wikipedia.org\/wiki\/Security_through_obscurity\">Security through obscurity<\/a>?<br \/>\nVisste du att \\ On\u00f6digt att s\u00e4ga, \u00e4r CMS plattformar som WordPress inte s\u00e4kerhet-h\u00e4rdade i stor utstr\u00e4ckning ur l\u00e5dan.<br \/>\nN\u00e5gonsin t\u00e4nkt p\u00e5 de?<\/p>\n<ul>\n<li>K\u00f6r alltid den senaste versionen<\/li>\n<li>Regelbundet uppdatera ditt backend<\/li>\n<li>Anv\u00e4nd alltid tillf\u00f6rlitliga k\u00e4llor f\u00f6r teman och plugins. Vara extra noga om gratis teman och plugins (eftersom de m\u00e5ste g\u00f6ra en levande, hur g\u00f6r de det?)<\/li>\n<li>Aldrig Anv\u00e4nd standardinst\u00e4llningar<\/li>\n<li>Minska autentiseringsuppgifter och vara f\u00f6rsiktig med anv\u00e4ndarniv\u00e5er<\/li>\n<li>Anv\u00e4nd alltid starka l\u00f6senord<\/li>\n<li>Skydda den .htaccess arkivera<\/li>\n<li>Backup dagligen, men ocks\u00e5 h\u00e5lla veckovisa och m\u00e5natliga s\u00e4kerhetskopior. En webbplats kompromiss kanske inte uppt\u00e4cks i en dagens-span, s\u00e5 du kan beh\u00f6va en gammal s\u00e4kerhetskopia.<\/li>\n<\/ul>\n<p>Intresserad? Vi kan hj\u00e4lpa dig s\u00e4kra din webbplats, penna-test det eller ge anpassade r\u00e5d. Bara sl\u00e5 oss en signal p\u00e5 <a href=\"mailto:Office@evosec.EU\">Office@evosec.EU<\/a> eller Anv\u00e4nd den <a href=\"\/contact\">contact section<\/a>.\n<\/p>\n<hr \/>\n<div class=\"row\" style=\"text-align:center;\">\n<img decoding=\"async\" src=\"\/wp-content\/uploads\/2016\/05\/wordpress-hacker-rgb1.jpg\" \/>\n<\/div>\n","protected":false},"excerpt":{"rendered":"<p>Auktoriserat inte du prov din WordPress-baserade webbplats mot vanliga konfigurationsproblem som kan leda till s\u00e4kerhet huvudv\u00e4rk? Have you heard of Security through obscurity? Visste du att \\ On\u00f6digt att s\u00e4ga, \u00e4r CMS plattformar som WordPress inte s\u00e4kerhet-h\u00e4rdade i stor utstr\u00e4ckning ur l\u00e5dan. N\u00e5gonsin t\u00e4nkt p\u00e5 de? K\u00f6r alltid den senaste &hellip;<\/p>\n","protected":false},"author":1,"featured_media":1785,"parent":0,"menu_order":0,"comment_status":"closed","ping_status":"closed","template":"","meta":{"footnotes":""},"class_list":["post-1757","page","type-page","status-publish","has-post-thumbnail","hentry"],"translation":{"provider":"WPGlobus","version":"3.0.2","language":"sv","enabled_languages":["en","da","de","es","fi","fr","it","hu","nl","no","pl","pt","ru","sv"],"languages":{"en":{"title":true,"content":true,"excerpt":false},"da":{"title":true,"content":true,"excerpt":false},"de":{"title":true,"content":true,"excerpt":false},"es":{"title":true,"content":true,"excerpt":false},"fi":{"title":true,"content":true,"excerpt":false},"fr":{"title":true,"content":true,"excerpt":false},"it":{"title":true,"content":true,"excerpt":false},"hu":{"title":true,"content":true,"excerpt":false},"nl":{"title":true,"content":true,"excerpt":false},"no":{"title":true,"content":true,"excerpt":false},"pl":{"title":true,"content":true,"excerpt":false},"pt":{"title":true,"content":true,"excerpt":false},"ru":{"title":true,"content":true,"excerpt":false},"sv":{"title":true,"content":true,"excerpt":false}}},"_links":{"self":[{"href":"https:\/\/evosec.eu\/sv\/wp-json\/wp\/v2\/pages\/1757","targetHints":{"allow":["GET"]}}],"collection":[{"href":"https:\/\/evosec.eu\/sv\/wp-json\/wp\/v2\/pages"}],"about":[{"href":"https:\/\/evosec.eu\/sv\/wp-json\/wp\/v2\/types\/page"}],"author":[{"embeddable":true,"href":"https:\/\/evosec.eu\/sv\/wp-json\/wp\/v2\/users\/1"}],"replies":[{"embeddable":true,"href":"https:\/\/evosec.eu\/sv\/wp-json\/wp\/v2\/comments?post=1757"}],"version-history":[{"count":3,"href":"https:\/\/evosec.eu\/sv\/wp-json\/wp\/v2\/pages\/1757\/revisions"}],"predecessor-version":[{"id":2129,"href":"https:\/\/evosec.eu\/sv\/wp-json\/wp\/v2\/pages\/1757\/revisions\/2129"}],"wp:featuredmedia":[{"embeddable":true,"href":"https:\/\/evosec.eu\/sv\/wp-json\/wp\/v2\/media\/1785"}],"wp:attachment":[{"href":"https:\/\/evosec.eu\/sv\/wp-json\/wp\/v2\/media?parent=1757"}],"curies":[{"name":"wp","href":"https:\/\/api.w.org\/{rel}","templated":true}]}}