{"id":1640,"date":"2016-03-23T20:45:27","date_gmt":"2016-03-23T20:45:27","guid":{"rendered":"https:\/\/evosec.eu\/?page_id=1640"},"modified":"2016-09-11T01:05:18","modified_gmt":"2016-09-11T01:05:18","slug":"ransomware-prevention-backup","status":"publish","type":"page","link":"https:\/\/evosec.eu\/sv\/ransomware-prevention-backup\/","title":{"rendered":"Ransomware-f\u00f6rebyggande: Ransom-bevis S\u00e4kerhetskopior"},"content":{"rendered":"<div class=\"row\">\n<img decoding=\"async\" src=\"\/\/evosec.eu\/wp-content\/uploads\/2016\/03\/ransomware.jpg\" alt=\"Ransomware\" class=\"aligncenter img-responsive\" \/>\n<\/div>\n<div class=\"row\">\nV\u00e5ra ingenj\u00f6rer har utvecklat en l\u00f6sning som k\u00f6rs p\u00e5 Linux, men fungerar b\u00e5de f\u00f6r Windows och Linux-baserade n\u00e4tverk. H\u00e4r \u00e4r n\u00e5gra inslag i v\u00e5r l\u00f6sning, helt anpassningsbara till SMB-n\u00e4tverk:<\/p>\n<ul>\n<li>Helt automatiserad<\/li>\n<li>Kompatibel med Windows aktier<\/li>\n<li>M\u00f6jligheten att rulla tillbaka i tid<\/li>\n<li>Schemalagda uppdateringar av s\u00e4kerhetskopior<\/li>\n<li>Imune till Windows-baserade och Windows-aktier-attacker<\/li>\n<li>Helt kan l\u00e5sas ned, f\u00f6r att f\u00f6rhindra att s\u00e4kerhetskopiorna<\/li>\n<li>Kan anpassas till specifika applikationer eller kan integreras med andra<\/li>\n<li>Kan anv\u00e4ndas f\u00f6r hotellets s\u00e4kerhetskopior, men ocks\u00e5 f\u00f6r s\u00e4krad, remote, off-site s\u00e4kerhetskopiering<\/li>\n<\/ul>\n<h4>Om intresserad, tveka inte att <a href=\"\/contact\/\">kontakta oss<\/a><\/h4>\n<\/div>\n","protected":false},"excerpt":{"rendered":"<p>V\u00e5ra ingenj\u00f6rer har utvecklat en l\u00f6sning som k\u00f6rs p\u00e5 Linux, men fungerar b\u00e5de f\u00f6r Windows och Linux-baserade n\u00e4tverk. H\u00e4r \u00e4r n\u00e5gra inslag i v\u00e5r l\u00f6sning, helt anpassningsbara till SMB-n\u00e4tverk: Helt automatiserad Kompatibel med Windows aktier M\u00f6jligheten att rulla tillbaka i tid Schemalagda uppdateringar av s\u00e4kerhetskopior Imune till Windows-baserade och Windows-aktier-attacker &hellip;<\/p>\n","protected":false},"author":1,"featured_media":0,"parent":0,"menu_order":0,"comment_status":"closed","ping_status":"closed","template":"","meta":{"footnotes":""},"class_list":["post-1640","page","type-page","status-publish","hentry"],"translation":{"provider":"WPGlobus","version":"3.0.2","language":"sv","enabled_languages":["en","da","de","es","fi","fr","it","hu","nl","no","pl","pt","ru","sv"],"languages":{"en":{"title":true,"content":true,"excerpt":false},"da":{"title":true,"content":true,"excerpt":false},"de":{"title":true,"content":true,"excerpt":false},"es":{"title":true,"content":true,"excerpt":false},"fi":{"title":true,"content":true,"excerpt":false},"fr":{"title":true,"content":true,"excerpt":false},"it":{"title":true,"content":true,"excerpt":false},"hu":{"title":true,"content":true,"excerpt":false},"nl":{"title":true,"content":true,"excerpt":false},"no":{"title":true,"content":true,"excerpt":false},"pl":{"title":true,"content":true,"excerpt":false},"pt":{"title":true,"content":true,"excerpt":false},"ru":{"title":true,"content":true,"excerpt":false},"sv":{"title":true,"content":true,"excerpt":false}}},"_links":{"self":[{"href":"https:\/\/evosec.eu\/sv\/wp-json\/wp\/v2\/pages\/1640","targetHints":{"allow":["GET"]}}],"collection":[{"href":"https:\/\/evosec.eu\/sv\/wp-json\/wp\/v2\/pages"}],"about":[{"href":"https:\/\/evosec.eu\/sv\/wp-json\/wp\/v2\/types\/page"}],"author":[{"embeddable":true,"href":"https:\/\/evosec.eu\/sv\/wp-json\/wp\/v2\/users\/1"}],"replies":[{"embeddable":true,"href":"https:\/\/evosec.eu\/sv\/wp-json\/wp\/v2\/comments?post=1640"}],"version-history":[{"count":3,"href":"https:\/\/evosec.eu\/sv\/wp-json\/wp\/v2\/pages\/1640\/revisions"}],"predecessor-version":[{"id":2131,"href":"https:\/\/evosec.eu\/sv\/wp-json\/wp\/v2\/pages\/1640\/revisions\/2131"}],"wp:attachment":[{"href":"https:\/\/evosec.eu\/sv\/wp-json\/wp\/v2\/media?parent=1640"}],"curies":[{"name":"wp","href":"https:\/\/api.w.org\/{rel}","templated":true}]}}