{"id":1380,"date":"2015-12-16T18:35:15","date_gmt":"2015-12-16T18:35:15","guid":{"rendered":"http:\/\/evosec.eu\/?page_id=1380"},"modified":"2016-09-11T00:55:24","modified_gmt":"2016-09-11T00:55:24","slug":"smbs-fast-cyber-security-checklist","status":"publish","type":"page","link":"https:\/\/evosec.eu\/sv\/smbs-fast-cyber-security-checklist\/","title":{"rendered":"Checklista F\u00f6r Sm\u00e5 Och Medelstora F\u00f6retag Snabb Cyber-s\u00e4kerhet"},"content":{"rendered":"<p>Vi kan hj\u00e4lpa, samr\u00e5da eller f\u00f6rse ditt f\u00f6retag med f\u00f6ljande:<\/p>\n<ol>\n<li>Skydd mot virus, spionprogram, skadliga program och annan skadlig kod eller program<\/li>\n<li>S\u00e4kra ditt n\u00e4tverk, speciellt din WiFi-n\u00e4tverk<\/li>\n<li>Fastst\u00e4lla b\u00e4sta praxis och politik och skydda din k\u00e4nsliga\/v\u00e4rdefull information<\/li>\n<li>Utbilda och g\u00f6ra dina anst\u00e4llda medvetna om cyberthreats, i v\u00e5ra utanf\u00f6r ditt f\u00f6retag<\/li>\n<li>Backup, intern s\u00e4kerhetskopiering och extern s\u00e4kerhetskopiering (Ja, triple backup, inom inuti och utanf\u00f6r f\u00f6retaget)<\/li>\n<li>Fysisk \u00e5tkomst till datorer, NASes och andra enheter som anv\u00e4nds av ditt f\u00f6retag<\/li>\n<li>Mobila enheter\/Bring Your Own Device: handlingsplan, s\u00e4kerhetshantering, s\u00e4kerhet apps, borttappade enheter, kryptering av k\u00e4nsliga data<\/li>\n<li>Kundinriktade webbplatser: skydd, utl\u00e4mnande av k\u00e4nslig information, programs\u00e4kerhet<\/li>\n<\/ol>\n","protected":false},"excerpt":{"rendered":"<p>Vi kan hj\u00e4lpa, samr\u00e5da eller f\u00f6rse ditt f\u00f6retag med f\u00f6ljande: Skydd mot virus, spionprogram, skadliga program och annan skadlig kod eller program S\u00e4kra ditt n\u00e4tverk, speciellt din WiFi-n\u00e4tverk Fastst\u00e4lla b\u00e4sta praxis och politik och skydda din k\u00e4nsliga\/v\u00e4rdefull information Utbilda och g\u00f6ra dina anst\u00e4llda medvetna om cyberthreats, i v\u00e5ra utanf\u00f6r ditt &hellip;<\/p>\n","protected":false},"author":1,"featured_media":0,"parent":0,"menu_order":0,"comment_status":"closed","ping_status":"closed","template":"","meta":{"footnotes":""},"class_list":["post-1380","page","type-page","status-publish","hentry"],"translation":{"provider":"WPGlobus","version":"3.0.2","language":"sv","enabled_languages":["en","da","de","es","fi","fr","it","hu","nl","no","pl","pt","ru","sv"],"languages":{"en":{"title":true,"content":true,"excerpt":false},"da":{"title":true,"content":true,"excerpt":false},"de":{"title":true,"content":true,"excerpt":false},"es":{"title":true,"content":true,"excerpt":false},"fi":{"title":true,"content":true,"excerpt":false},"fr":{"title":true,"content":true,"excerpt":false},"it":{"title":true,"content":true,"excerpt":false},"hu":{"title":true,"content":true,"excerpt":false},"nl":{"title":true,"content":true,"excerpt":false},"no":{"title":true,"content":true,"excerpt":false},"pl":{"title":true,"content":true,"excerpt":false},"pt":{"title":true,"content":true,"excerpt":false},"ru":{"title":true,"content":true,"excerpt":false},"sv":{"title":true,"content":true,"excerpt":false}}},"_links":{"self":[{"href":"https:\/\/evosec.eu\/sv\/wp-json\/wp\/v2\/pages\/1380","targetHints":{"allow":["GET"]}}],"collection":[{"href":"https:\/\/evosec.eu\/sv\/wp-json\/wp\/v2\/pages"}],"about":[{"href":"https:\/\/evosec.eu\/sv\/wp-json\/wp\/v2\/types\/page"}],"author":[{"embeddable":true,"href":"https:\/\/evosec.eu\/sv\/wp-json\/wp\/v2\/users\/1"}],"replies":[{"embeddable":true,"href":"https:\/\/evosec.eu\/sv\/wp-json\/wp\/v2\/comments?post=1380"}],"version-history":[{"count":3,"href":"https:\/\/evosec.eu\/sv\/wp-json\/wp\/v2\/pages\/1380\/revisions"}],"predecessor-version":[{"id":2134,"href":"https:\/\/evosec.eu\/sv\/wp-json\/wp\/v2\/pages\/1380\/revisions\/2134"}],"wp:attachment":[{"href":"https:\/\/evosec.eu\/sv\/wp-json\/wp\/v2\/media?parent=1380"}],"curies":[{"name":"wp","href":"https:\/\/api.w.org\/{rel}","templated":true}]}}