{"id":1315,"date":"2015-12-10T19:45:23","date_gmt":"2015-12-10T19:45:23","guid":{"rendered":"http:\/\/evosec.eu\/?page_id=1315"},"modified":"2016-09-11T00:58:36","modified_gmt":"2016-09-11T00:58:36","slug":"web-support","status":"publish","type":"page","link":"https:\/\/evosec.eu\/sv\/web-support\/","title":{"rendered":"Support F\u00f6r WEB &amp; Amp; Webbplatsers S\u00e4kerhet"},"content":{"rendered":"<ul class=\"fa-ul\" style=\"list-style-type: none;\">\n<li><i class=\"fa-li fa fa-angle-right fa-fw\"><\/i>Uppdatera, kontrollera &#038; Patch: WordPress-baserade webbplatser &#038; Plugins<\/li>\n<li><i class=\"fa-li fa fa-angle-right fa-fw\"><\/i>Uppdatera, kontrollera &#038; Patch: Joomla-baserade webbplatser, Plugins &#038; komponenter<\/li>\n<li><i class=\"fa-li fa fa-angle-right fa-fw\"><\/i>Linux-baserade servrar st\u00f6d (enkel, komplex, h\u00e4ngivna, unmanaged, Intel eller andra plattformar baserat)<\/li>\n<li><i class=\"fa-li fa fa-angle-right fa-fw\"><\/i>Monitor f\u00f6r defacements &#8211; \u00e4ndringar av hemsida\/landingpage\/andra sidor<\/li>\n<li><i class=\"fa-li fa fa-angle-right fa-fw\"><\/i>S\u00f6k efter SQLi (SQL-injektioner) S\u00e5rbarheter som kan exponera k\u00e4nsliga data som lagras i webbplatsens databas eller webbplatsens backend<\/li>\n<li><i class=\"fa-li fa fa-angle-right fa-fw\"><\/i>S\u00f6k f\u00f6r k\u00e4nslig information, dokument eller annan relaterad information utsatt p\u00e5 grund av improprer webbplats eller server konfiguration<\/li>\n<\/ul>\n","protected":false},"excerpt":{"rendered":"<p>Uppdatera, kontrollera &#038; Patch: WordPress-baserade webbplatser &#038; Plugins Uppdatera, kontrollera &#038; Patch: Joomla-baserade webbplatser, Plugins &#038; komponenter Linux-baserade servrar st\u00f6d (enkel, komplex, h\u00e4ngivna, unmanaged, Intel eller andra plattformar baserat) Monitor f\u00f6r defacements &#8211; \u00e4ndringar av hemsida\/landingpage\/andra sidor S\u00f6k efter SQLi (SQL-injektioner) S\u00e5rbarheter som kan exponera k\u00e4nsliga data som lagras i &hellip;<\/p>\n","protected":false},"author":1,"featured_media":0,"parent":0,"menu_order":0,"comment_status":"closed","ping_status":"closed","template":"","meta":{"footnotes":""},"class_list":["post-1315","page","type-page","status-publish","hentry"],"translation":{"provider":"WPGlobus","version":"3.0.2","language":"sv","enabled_languages":["en","da","de","es","fi","fr","it","hu","nl","no","pl","pt","ru","sv"],"languages":{"en":{"title":true,"content":true,"excerpt":false},"da":{"title":true,"content":true,"excerpt":false},"de":{"title":true,"content":true,"excerpt":false},"es":{"title":true,"content":true,"excerpt":false},"fi":{"title":true,"content":true,"excerpt":false},"fr":{"title":true,"content":true,"excerpt":false},"it":{"title":true,"content":true,"excerpt":false},"hu":{"title":true,"content":true,"excerpt":false},"nl":{"title":true,"content":true,"excerpt":false},"no":{"title":true,"content":true,"excerpt":false},"pl":{"title":true,"content":true,"excerpt":false},"pt":{"title":true,"content":true,"excerpt":false},"ru":{"title":true,"content":true,"excerpt":false},"sv":{"title":true,"content":true,"excerpt":false}}},"_links":{"self":[{"href":"https:\/\/evosec.eu\/sv\/wp-json\/wp\/v2\/pages\/1315","targetHints":{"allow":["GET"]}}],"collection":[{"href":"https:\/\/evosec.eu\/sv\/wp-json\/wp\/v2\/pages"}],"about":[{"href":"https:\/\/evosec.eu\/sv\/wp-json\/wp\/v2\/types\/page"}],"author":[{"embeddable":true,"href":"https:\/\/evosec.eu\/sv\/wp-json\/wp\/v2\/users\/1"}],"replies":[{"embeddable":true,"href":"https:\/\/evosec.eu\/sv\/wp-json\/wp\/v2\/comments?post=1315"}],"version-history":[{"count":3,"href":"https:\/\/evosec.eu\/sv\/wp-json\/wp\/v2\/pages\/1315\/revisions"}],"predecessor-version":[{"id":2135,"href":"https:\/\/evosec.eu\/sv\/wp-json\/wp\/v2\/pages\/1315\/revisions\/2135"}],"wp:attachment":[{"href":"https:\/\/evosec.eu\/sv\/wp-json\/wp\/v2\/media?parent=1315"}],"curies":[{"name":"wp","href":"https:\/\/api.w.org\/{rel}","templated":true}]}}