{"id":1757,"date":"2016-05-09T22:48:35","date_gmt":"2016-05-09T22:48:35","guid":{"rendered":"https:\/\/evosec.eu\/?page_id=1757"},"modified":"2016-09-11T01:00:42","modified_gmt":"2016-09-11T01:00:42","slug":"wordpress-security-testinghardening","status":"publish","type":"page","link":"https:\/\/evosec.eu\/pt\/wordpress-security-testinghardening\/","title":{"rendered":"Teste De Seguran\u00e7a WordPress &amp; Amp; Sistema De Prote\u00e7\u00e3o"},"content":{"rendered":"<p>Testou seu site baseado em WordPress contra problemas comuns de configura\u00e7\u00e3o que pode levar a dores de cabe\u00e7a de seguran\u00e7a?<br \/>\nHave you heard of <a class=\"external text\" href=\"http:\/\/en.wikipedia.org\/wiki\/Security_through_obscurity\">Security through obscurity<\/a>?<br \/>\nVoc\u00ea sabia que \\ Escusado ser\u00e1 dizer, plataformas CMS como o WordPress n\u00e3o s\u00e3o alta seguran\u00e7a em grande parte fora da caixa.<br \/>\nJ\u00e1 pensou esses?<\/p>\n<ul>\n<li>Sempre executar a vers\u00e3o mais recente<\/li>\n<li>Atualize regularmente o seu back-end<\/li>\n<li>Sempre use fontes confi\u00e1veis para temas e plugins. Ser extra cuidadosamente sobre temas livres e plugins (j\u00e1 que eles t\u00eam que fazer a vida, como eles fazem isso?)<\/li>\n<li>Nunca use as configura\u00e7\u00f5es padr\u00e3o<\/li>\n<li>Reduzir as credenciais e ter cuidado com os n\u00edveis de usu\u00e1rio<\/li>\n<li>Sempre use senhas fortes<\/li>\n<li>Proteger o arquivo. htaccess<\/li>\n<li>Backup diariamente, mas tamb\u00e9m manter backups de semanal e mensal. Um compromisso do site talvez n\u00e3o sejam detectado em um longo do dia, ent\u00e3o voc\u00ea pode precisar de um backup antigo.<\/li>\n<\/ul>\n<p>Est\u00e1 interessado? Podemos ajud\u00e1-lo proteger seu site, pen-test, e\/ou dar conselhos personalizados. Deixar-nos cair uma linha em <a href=\"mailto:Office@evosec.eu\">Office@evosec.eu<\/a> ou use o <a href=\"\/contact\">contact section<\/a>.\n<\/p>\n<hr \/>\n<div class=\"row\" style=\"text-align:center;\">\n<img decoding=\"async\" src=\"\/wp-content\/uploads\/2016\/05\/wordpress-hacker-rgb1.jpg\" \/>\n<\/div>\n","protected":false},"excerpt":{"rendered":"<p>Testou seu site baseado em WordPress contra problemas comuns de configura\u00e7\u00e3o que pode levar a dores de cabe\u00e7a de seguran\u00e7a? Have you heard of Security through obscurity? Voc\u00ea sabia que \\ Escusado ser\u00e1 dizer, plataformas CMS como o WordPress n\u00e3o s\u00e3o alta seguran\u00e7a em grande parte fora da caixa. J\u00e1 &hellip;<\/p>\n","protected":false},"author":1,"featured_media":1785,"parent":0,"menu_order":0,"comment_status":"closed","ping_status":"closed","template":"","meta":{"footnotes":""},"class_list":["post-1757","page","type-page","status-publish","has-post-thumbnail","hentry"],"translation":{"provider":"WPGlobus","version":"3.0.2","language":"pt","enabled_languages":["en","da","de","es","fi","fr","it","hu","nl","no","pl","pt","ru","sv"],"languages":{"en":{"title":true,"content":true,"excerpt":false},"da":{"title":true,"content":true,"excerpt":false},"de":{"title":true,"content":true,"excerpt":false},"es":{"title":true,"content":true,"excerpt":false},"fi":{"title":true,"content":true,"excerpt":false},"fr":{"title":true,"content":true,"excerpt":false},"it":{"title":true,"content":true,"excerpt":false},"hu":{"title":true,"content":true,"excerpt":false},"nl":{"title":true,"content":true,"excerpt":false},"no":{"title":true,"content":true,"excerpt":false},"pl":{"title":true,"content":true,"excerpt":false},"pt":{"title":true,"content":true,"excerpt":false},"ru":{"title":true,"content":true,"excerpt":false},"sv":{"title":true,"content":true,"excerpt":false}}},"_links":{"self":[{"href":"https:\/\/evosec.eu\/pt\/wp-json\/wp\/v2\/pages\/1757","targetHints":{"allow":["GET"]}}],"collection":[{"href":"https:\/\/evosec.eu\/pt\/wp-json\/wp\/v2\/pages"}],"about":[{"href":"https:\/\/evosec.eu\/pt\/wp-json\/wp\/v2\/types\/page"}],"author":[{"embeddable":true,"href":"https:\/\/evosec.eu\/pt\/wp-json\/wp\/v2\/users\/1"}],"replies":[{"embeddable":true,"href":"https:\/\/evosec.eu\/pt\/wp-json\/wp\/v2\/comments?post=1757"}],"version-history":[{"count":3,"href":"https:\/\/evosec.eu\/pt\/wp-json\/wp\/v2\/pages\/1757\/revisions"}],"predecessor-version":[{"id":2129,"href":"https:\/\/evosec.eu\/pt\/wp-json\/wp\/v2\/pages\/1757\/revisions\/2129"}],"wp:featuredmedia":[{"embeddable":true,"href":"https:\/\/evosec.eu\/pt\/wp-json\/wp\/v2\/media\/1785"}],"wp:attachment":[{"href":"https:\/\/evosec.eu\/pt\/wp-json\/wp\/v2\/media?parent=1757"}],"curies":[{"name":"wp","href":"https:\/\/api.w.org\/{rel}","templated":true}]}}