{"id":1640,"date":"2016-03-23T20:45:27","date_gmt":"2016-03-23T20:45:27","guid":{"rendered":"https:\/\/evosec.eu\/?page_id=1640"},"modified":"2016-09-11T01:05:18","modified_gmt":"2016-09-11T01:05:18","slug":"ransomware-prevention-backup","status":"publish","type":"page","link":"https:\/\/evosec.eu\/pt\/ransomware-prevention-backup\/","title":{"rendered":"Ransomware-preven\u00e7\u00e3o: \u00c0 Prova De Resgate Backups"},"content":{"rendered":"<div class=\"row\">\n<img decoding=\"async\" src=\"\/\/evosec.eu\/wp-content\/uploads\/2016\/03\/ransomware.jpg\" alt=\"Ransomware\" class=\"aligncenter img-responsive\" \/>\n<\/div>\n<div class=\"row\">\nNossos engenheiros desenvolveram uma solu\u00e7\u00e3o que roda em Linux, mas trabalha tanto para redes baseadas em Linux e Windows. Aqui est\u00e3o algumas caracter\u00edsticas de nossa solu\u00e7\u00e3o, perfeitamente adapt\u00e1vel \u00e0s redes SMB:<\/p>\n<ul>\n<li>Totalmente automatizado<\/li>\n<li>Compat\u00edvel com Windows compartilha<\/li>\n<li>Possibilidade de reverter no tempo<\/li>\n<li>Atualiza\u00e7\u00f5es regulares de backups<\/li>\n<li>Imune a ataques baseados em Windows e Windows-shares ataques<\/li>\n<li>Pode ser completamente fechado, para evitar qualquer dano para os backups<\/li>\n<li>Podem ser adaptadas para aplica\u00e7\u00f5es espec\u00edficas ou podem ser integrados com outros<\/li>\n<li>Pode ser usada para backups no local, mas tamb\u00e9m para backups off-site, remotos e seguros<\/li>\n<\/ul>\n<h4>Se estiver interessado, por favor, n\u00e3o hesite <a href=\"\/contact\/\">Contate-nos<\/a><\/h4>\n<\/div>\n","protected":false},"excerpt":{"rendered":"<p>Nossos engenheiros desenvolveram uma solu\u00e7\u00e3o que roda em Linux, mas trabalha tanto para redes baseadas em Linux e Windows. Aqui est\u00e3o algumas caracter\u00edsticas de nossa solu\u00e7\u00e3o, perfeitamente adapt\u00e1vel \u00e0s redes SMB: Totalmente automatizado Compat\u00edvel com Windows compartilha Possibilidade de reverter no tempo Atualiza\u00e7\u00f5es regulares de backups Imune a ataques baseados &hellip;<\/p>\n","protected":false},"author":1,"featured_media":0,"parent":0,"menu_order":0,"comment_status":"closed","ping_status":"closed","template":"","meta":{"footnotes":""},"class_list":["post-1640","page","type-page","status-publish","hentry"],"translation":{"provider":"WPGlobus","version":"3.0.2","language":"pt","enabled_languages":["en","da","de","es","fi","fr","it","hu","nl","no","pl","pt","ru","sv"],"languages":{"en":{"title":true,"content":true,"excerpt":false},"da":{"title":true,"content":true,"excerpt":false},"de":{"title":true,"content":true,"excerpt":false},"es":{"title":true,"content":true,"excerpt":false},"fi":{"title":true,"content":true,"excerpt":false},"fr":{"title":true,"content":true,"excerpt":false},"it":{"title":true,"content":true,"excerpt":false},"hu":{"title":true,"content":true,"excerpt":false},"nl":{"title":true,"content":true,"excerpt":false},"no":{"title":true,"content":true,"excerpt":false},"pl":{"title":true,"content":true,"excerpt":false},"pt":{"title":true,"content":true,"excerpt":false},"ru":{"title":true,"content":true,"excerpt":false},"sv":{"title":true,"content":true,"excerpt":false}}},"_links":{"self":[{"href":"https:\/\/evosec.eu\/pt\/wp-json\/wp\/v2\/pages\/1640","targetHints":{"allow":["GET"]}}],"collection":[{"href":"https:\/\/evosec.eu\/pt\/wp-json\/wp\/v2\/pages"}],"about":[{"href":"https:\/\/evosec.eu\/pt\/wp-json\/wp\/v2\/types\/page"}],"author":[{"embeddable":true,"href":"https:\/\/evosec.eu\/pt\/wp-json\/wp\/v2\/users\/1"}],"replies":[{"embeddable":true,"href":"https:\/\/evosec.eu\/pt\/wp-json\/wp\/v2\/comments?post=1640"}],"version-history":[{"count":3,"href":"https:\/\/evosec.eu\/pt\/wp-json\/wp\/v2\/pages\/1640\/revisions"}],"predecessor-version":[{"id":2131,"href":"https:\/\/evosec.eu\/pt\/wp-json\/wp\/v2\/pages\/1640\/revisions\/2131"}],"wp:attachment":[{"href":"https:\/\/evosec.eu\/pt\/wp-json\/wp\/v2\/media?parent=1640"}],"curies":[{"name":"wp","href":"https:\/\/api.w.org\/{rel}","templated":true}]}}