{"id":1380,"date":"2015-12-16T18:35:15","date_gmt":"2015-12-16T18:35:15","guid":{"rendered":"http:\/\/evosec.eu\/?page_id=1380"},"modified":"2016-09-11T00:55:24","modified_gmt":"2016-09-11T00:55:24","slug":"smbs-fast-cyber-security-checklist","status":"publish","type":"page","link":"https:\/\/evosec.eu\/pt\/smbs-fast-cyber-security-checklist\/","title":{"rendered":"Pequenas E M\u00e9dias Empresas R\u00e1pido Cyber Security Checklist"},"content":{"rendered":"<p>Podemos ajudar, consultar ou fornecer seu neg\u00f3cio com o seguinte:<\/p>\n<ol>\n<li>Prote\u00e7\u00e3o contra v\u00edrus, spyware, malware e outros programas mal-intencionados ou aplica\u00e7\u00f5es<\/li>\n<li>Seguran\u00e7a de suas redes, especialmente suas redes WiFi<\/li>\n<li>Estabelecer as melhores pr\u00e1ticas e pol\u00edticas e proteger sua informa\u00e7\u00e3o sens\u00edvel\/valioso<\/li>\n<li>Educar e conscientizar seus funcion\u00e1rios sobre amea\u00e7as cibern\u00e9ticas, nossa fora sua empresa<\/li>\n<li>Backup, backup interno e externo backup (Sim, triplo backup, dentro, dentro e fora de sua empresa)<\/li>\n<li>Acesso f\u00edsico aos computadores, NASes e outros dispositivos utilizados pela sua empresa<\/li>\n<li>Dispositivos m\u00f3vel\/traga seu pr\u00f3prio dispositivo: plano de ac\u00e7\u00e3o de gest\u00e3o de seguran\u00e7a, aplicativos de seguran\u00e7a, dispositivos perdidos, criptografia de dados confidenciais<\/li>\n<li>Sites voltados para o p\u00fablico: prote\u00e7\u00e3o, divulga\u00e7\u00e3o de informa\u00e7\u00f5es sens\u00edveis, seguran\u00e7a de aplicativos<\/li>\n<\/ol>\n","protected":false},"excerpt":{"rendered":"<p>Podemos ajudar, consultar ou fornecer seu neg\u00f3cio com o seguinte: Prote\u00e7\u00e3o contra v\u00edrus, spyware, malware e outros programas mal-intencionados ou aplica\u00e7\u00f5es Seguran\u00e7a de suas redes, especialmente suas redes WiFi Estabelecer as melhores pr\u00e1ticas e pol\u00edticas e proteger sua informa\u00e7\u00e3o sens\u00edvel\/valioso Educar e conscientizar seus funcion\u00e1rios sobre amea\u00e7as cibern\u00e9ticas, nossa fora &hellip;<\/p>\n","protected":false},"author":1,"featured_media":0,"parent":0,"menu_order":0,"comment_status":"closed","ping_status":"closed","template":"","meta":{"footnotes":""},"class_list":["post-1380","page","type-page","status-publish","hentry"],"translation":{"provider":"WPGlobus","version":"3.0.2","language":"pt","enabled_languages":["en","da","de","es","fi","fr","it","hu","nl","no","pl","pt","ru","sv"],"languages":{"en":{"title":true,"content":true,"excerpt":false},"da":{"title":true,"content":true,"excerpt":false},"de":{"title":true,"content":true,"excerpt":false},"es":{"title":true,"content":true,"excerpt":false},"fi":{"title":true,"content":true,"excerpt":false},"fr":{"title":true,"content":true,"excerpt":false},"it":{"title":true,"content":true,"excerpt":false},"hu":{"title":true,"content":true,"excerpt":false},"nl":{"title":true,"content":true,"excerpt":false},"no":{"title":true,"content":true,"excerpt":false},"pl":{"title":true,"content":true,"excerpt":false},"pt":{"title":true,"content":true,"excerpt":false},"ru":{"title":true,"content":true,"excerpt":false},"sv":{"title":true,"content":true,"excerpt":false}}},"_links":{"self":[{"href":"https:\/\/evosec.eu\/pt\/wp-json\/wp\/v2\/pages\/1380","targetHints":{"allow":["GET"]}}],"collection":[{"href":"https:\/\/evosec.eu\/pt\/wp-json\/wp\/v2\/pages"}],"about":[{"href":"https:\/\/evosec.eu\/pt\/wp-json\/wp\/v2\/types\/page"}],"author":[{"embeddable":true,"href":"https:\/\/evosec.eu\/pt\/wp-json\/wp\/v2\/users\/1"}],"replies":[{"embeddable":true,"href":"https:\/\/evosec.eu\/pt\/wp-json\/wp\/v2\/comments?post=1380"}],"version-history":[{"count":3,"href":"https:\/\/evosec.eu\/pt\/wp-json\/wp\/v2\/pages\/1380\/revisions"}],"predecessor-version":[{"id":2134,"href":"https:\/\/evosec.eu\/pt\/wp-json\/wp\/v2\/pages\/1380\/revisions\/2134"}],"wp:attachment":[{"href":"https:\/\/evosec.eu\/pt\/wp-json\/wp\/v2\/media?parent=1380"}],"curies":[{"name":"wp","href":"https:\/\/api.w.org\/{rel}","templated":true}]}}