{"id":1315,"date":"2015-12-10T19:45:23","date_gmt":"2015-12-10T19:45:23","guid":{"rendered":"http:\/\/evosec.eu\/?page_id=1315"},"modified":"2016-09-11T00:58:36","modified_gmt":"2016-09-11T00:58:36","slug":"web-support","status":"publish","type":"page","link":"https:\/\/evosec.eu\/pt\/web-support\/","title":{"rendered":"Suporte WEB &amp; Amp; Seguran\u00e7a Dos Web Site"},"content":{"rendered":"<ul class=\"fa-ul\" style=\"list-style-type: none;\">\n<li><i class=\"fa-li fa fa-angle-right fa-fw\"><\/i>Atualiza\u00e7\u00e3o, Monitor &#038; Patch: Plugins &#038; Sites baseados em WordPress<\/li>\n<li><i class=\"fa-li fa fa-angle-right fa-fw\"><\/i>Atualiza\u00e7\u00e3o, Monitor &#038; Patch: Componentes, Plugins &#038; Sites baseados em Joomla<\/li>\n<li><i class=\"fa-li fa fa-angle-right fa-fw\"><\/i>Suporte a servidores baseados em Linux (simples, complexo, dedicado, n\u00e3o gerenciado, Intel e outras plataformas com base)<\/li>\n<li><i class=\"fa-li fa fa-angle-right fa-fw\"><\/i>Monitor de desfigura\u00e7\u00f5es &#8211; altera\u00e7\u00f5es de uma homepage\/landingpage\/outras p\u00e1ginas<\/li>\n<li><i class=\"fa-li fa fa-angle-right fa-fw\"><\/i>Busca por SQLi (inje\u00e7\u00f5es de SQL) Vulnerabilidades que podem expor dados confidenciais armazenados no banco de dados do seu Web site ou back-end do site<\/li>\n<li><i class=\"fa-li fa fa-angle-right fa-fw\"><\/i>Busca de informa\u00e7\u00f5es confidenciais, documentos ou outros relacionados informa\u00e7\u00f5es expostas devido \u00e0 configura\u00e7\u00e3o de servidor ou site improprer<\/li>\n<\/ul>\n","protected":false},"excerpt":{"rendered":"<p>Atualiza\u00e7\u00e3o, Monitor &#038; Patch: Plugins &#038; Sites baseados em WordPress Atualiza\u00e7\u00e3o, Monitor &#038; Patch: Componentes, Plugins &#038; Sites baseados em Joomla Suporte a servidores baseados em Linux (simples, complexo, dedicado, n\u00e3o gerenciado, Intel e outras plataformas com base) Monitor de desfigura\u00e7\u00f5es &#8211; altera\u00e7\u00f5es de uma homepage\/landingpage\/outras p\u00e1ginas Busca por SQLi &hellip;<\/p>\n","protected":false},"author":1,"featured_media":0,"parent":0,"menu_order":0,"comment_status":"closed","ping_status":"closed","template":"","meta":{"footnotes":""},"class_list":["post-1315","page","type-page","status-publish","hentry"],"translation":{"provider":"WPGlobus","version":"3.0.2","language":"pt","enabled_languages":["en","da","de","es","fi","fr","it","hu","nl","no","pl","pt","ru","sv"],"languages":{"en":{"title":true,"content":true,"excerpt":false},"da":{"title":true,"content":true,"excerpt":false},"de":{"title":true,"content":true,"excerpt":false},"es":{"title":true,"content":true,"excerpt":false},"fi":{"title":true,"content":true,"excerpt":false},"fr":{"title":true,"content":true,"excerpt":false},"it":{"title":true,"content":true,"excerpt":false},"hu":{"title":true,"content":true,"excerpt":false},"nl":{"title":true,"content":true,"excerpt":false},"no":{"title":true,"content":true,"excerpt":false},"pl":{"title":true,"content":true,"excerpt":false},"pt":{"title":true,"content":true,"excerpt":false},"ru":{"title":true,"content":true,"excerpt":false},"sv":{"title":true,"content":true,"excerpt":false}}},"_links":{"self":[{"href":"https:\/\/evosec.eu\/pt\/wp-json\/wp\/v2\/pages\/1315","targetHints":{"allow":["GET"]}}],"collection":[{"href":"https:\/\/evosec.eu\/pt\/wp-json\/wp\/v2\/pages"}],"about":[{"href":"https:\/\/evosec.eu\/pt\/wp-json\/wp\/v2\/types\/page"}],"author":[{"embeddable":true,"href":"https:\/\/evosec.eu\/pt\/wp-json\/wp\/v2\/users\/1"}],"replies":[{"embeddable":true,"href":"https:\/\/evosec.eu\/pt\/wp-json\/wp\/v2\/comments?post=1315"}],"version-history":[{"count":3,"href":"https:\/\/evosec.eu\/pt\/wp-json\/wp\/v2\/pages\/1315\/revisions"}],"predecessor-version":[{"id":2135,"href":"https:\/\/evosec.eu\/pt\/wp-json\/wp\/v2\/pages\/1315\/revisions\/2135"}],"wp:attachment":[{"href":"https:\/\/evosec.eu\/pt\/wp-json\/wp\/v2\/media?parent=1315"}],"curies":[{"name":"wp","href":"https:\/\/api.w.org\/{rel}","templated":true}]}}