{"id":1757,"date":"2016-05-09T22:48:35","date_gmt":"2016-05-09T22:48:35","guid":{"rendered":"https:\/\/evosec.eu\/?page_id=1757"},"modified":"2016-09-11T01:00:42","modified_gmt":"2016-09-11T01:00:42","slug":"wordpress-security-testinghardening","status":"publish","type":"page","link":"https:\/\/evosec.eu\/pl\/wordpress-security-testinghardening\/","title":{"rendered":"Testy Bezpiecze\u0144stwa WordPress &amp; Amp; Hartowanie"},"content":{"rendered":"<p>Zrobi\u0142 ty test witryny WordPress na przeciwko typowe problemy z konfiguracj\u0105, kt\u00f3re mog\u0142yby prowadzi\u0107 do b\u00f3l\u00f3w g\u0142owy zabezpiecze\u0144?<br \/>\nHave you heard of <a class=\"external text\" href=\"http:\/\/en.wikipedia.org\/wiki\/Security_through_obscurity\">Security through obscurity<\/a>?<br \/>\nCzy wiesz, \u017ce \\ Oczywi\u015bcie platformy CMS takich jak WordPress s\u0105 nie ulepszonymi zabezpieczeniami w du\u017cym stopniu z pude\u0142ka.<br \/>\nKiedykolwiek my\u015bla\u0142 o tych co?<\/p>\n<ul>\n<li>Zawsze uruchomi\u0107 najnowsz\u0105 wersj\u0119<\/li>\n<li>Regularnie Aktualizuj sw\u00f3j backend<\/li>\n<li>Zawsze u\u017cywa\u0107 zaufanych \u017ar\u00f3de\u0142 dla themes i wtyczek. By\u0142 bardzo starannie o darmowych motyw\u00f3w i wtyczek (poniewa\u017c maj\u0105 zrobi\u0107, \u017cywy, jak oni to robi\u0105?)<\/li>\n<li>Nigdy nie u\u017cywaj domy\u015blnych ustawie\u0144<\/li>\n<li>Zmniejszy\u0107 po\u015bwiadczenia i uwa\u017ca\u0107 na poziom u\u017cytkownika<\/li>\n<li>Zawsze nale\u017cy u\u017cywa\u0107 silnych hase\u0142<\/li>\n<li>Chroni\u0107 .htaccess umie\u015bci\u0107 w teczce z dokumentami<\/li>\n<li>Kopii zapasowej codziennie, ale tak\u017ce przechowywa\u0107 kopie zapasowe tygodniowe i miesi\u0119czne. Kompromis witryny nie mog\u0105 by\u0107 wykryte w dzie\u0144-span, wi\u0119c mo\u017ce trzeba stary backup.<\/li>\n<\/ul>\n<p>Zainteresowany? Pomo\u017cemy Ci zabezpieczy\u0107 swoj\u0105 stron\u0119, pi\u00f3ro test, to lub jak nalepiej dostosowane. Po prostu napisz do nas na <a href=\"mailto:Office@evosec.eu\">Office@evosec.eu<\/a> lub u\u017cyj <a href=\"\/contact\">contact section<\/a>.\n<\/p>\n<hr \/>\n<div class=\"row\" style=\"text-align:center;\">\n<img decoding=\"async\" src=\"\/wp-content\/uploads\/2016\/05\/wordpress-hacker-rgb1.jpg\" \/>\n<\/div>\n","protected":false},"excerpt":{"rendered":"<p>Zrobi\u0142 ty test witryny WordPress na przeciwko typowe problemy z konfiguracj\u0105, kt\u00f3re mog\u0142yby prowadzi\u0107 do b\u00f3l\u00f3w g\u0142owy zabezpiecze\u0144? Have you heard of Security through obscurity? Czy wiesz, \u017ce \\ Oczywi\u015bcie platformy CMS takich jak WordPress s\u0105 nie ulepszonymi zabezpieczeniami w du\u017cym stopniu z pude\u0142ka. Kiedykolwiek my\u015bla\u0142 o tych co? Zawsze &hellip;<\/p>\n","protected":false},"author":1,"featured_media":1785,"parent":0,"menu_order":0,"comment_status":"closed","ping_status":"closed","template":"","meta":{"footnotes":""},"class_list":["post-1757","page","type-page","status-publish","has-post-thumbnail","hentry"],"translation":{"provider":"WPGlobus","version":"3.0.2","language":"pl","enabled_languages":["en","da","de","es","fi","fr","it","hu","nl","no","pl","pt","ru","sv"],"languages":{"en":{"title":true,"content":true,"excerpt":false},"da":{"title":true,"content":true,"excerpt":false},"de":{"title":true,"content":true,"excerpt":false},"es":{"title":true,"content":true,"excerpt":false},"fi":{"title":true,"content":true,"excerpt":false},"fr":{"title":true,"content":true,"excerpt":false},"it":{"title":true,"content":true,"excerpt":false},"hu":{"title":true,"content":true,"excerpt":false},"nl":{"title":true,"content":true,"excerpt":false},"no":{"title":true,"content":true,"excerpt":false},"pl":{"title":true,"content":true,"excerpt":false},"pt":{"title":true,"content":true,"excerpt":false},"ru":{"title":true,"content":true,"excerpt":false},"sv":{"title":true,"content":true,"excerpt":false}}},"_links":{"self":[{"href":"https:\/\/evosec.eu\/pl\/wp-json\/wp\/v2\/pages\/1757","targetHints":{"allow":["GET"]}}],"collection":[{"href":"https:\/\/evosec.eu\/pl\/wp-json\/wp\/v2\/pages"}],"about":[{"href":"https:\/\/evosec.eu\/pl\/wp-json\/wp\/v2\/types\/page"}],"author":[{"embeddable":true,"href":"https:\/\/evosec.eu\/pl\/wp-json\/wp\/v2\/users\/1"}],"replies":[{"embeddable":true,"href":"https:\/\/evosec.eu\/pl\/wp-json\/wp\/v2\/comments?post=1757"}],"version-history":[{"count":3,"href":"https:\/\/evosec.eu\/pl\/wp-json\/wp\/v2\/pages\/1757\/revisions"}],"predecessor-version":[{"id":2129,"href":"https:\/\/evosec.eu\/pl\/wp-json\/wp\/v2\/pages\/1757\/revisions\/2129"}],"wp:featuredmedia":[{"embeddable":true,"href":"https:\/\/evosec.eu\/pl\/wp-json\/wp\/v2\/media\/1785"}],"wp:attachment":[{"href":"https:\/\/evosec.eu\/pl\/wp-json\/wp\/v2\/media?parent=1757"}],"curies":[{"name":"wp","href":"https:\/\/api.w.org\/{rel}","templated":true}]}}