{"id":1380,"date":"2015-12-16T18:35:15","date_gmt":"2015-12-16T18:35:15","guid":{"rendered":"http:\/\/evosec.eu\/?page_id=1380"},"modified":"2016-09-11T00:55:24","modified_gmt":"2016-09-11T00:55:24","slug":"smbs-fast-cyber-security-checklist","status":"publish","type":"page","link":"https:\/\/evosec.eu\/pl\/smbs-fast-cyber-security-checklist\/","title":{"rendered":"Lista Kontrolna Zabezpiecze\u0144 Szybko Cyber Ma\u0142ych I \u015brednich Firm"},"content":{"rendered":"<p>Mo\u017cemy pom\u00f3c, skonsultowa\u0107 si\u0119 lub zapewniaj\u0105 Twojej firmy z nast\u0119puj\u0105cych czynno\u015bci:<\/p>\n<ol>\n<li>Odporno\u015b\u0107 na wirusy, spyware, malware i innych z\u0142o\u015bliwy kod lub aplikacji<\/li>\n<li>Zabezpiecz swoje sieci, zw\u0142aszcza sieci WiFi<\/li>\n<li>Ustanowienia najlepszych praktyk i polityk i ochrony informacji wra\u017cliwych\/warto\u015bciowy<\/li>\n<li>Edukowa\u0107 i u\u015bwiadomi\u0107 pracownikom o zagro\u017cenia, w naszej zewn\u0119trznej firmie<\/li>\n<li>Kopia zapasowa, kopia zapasowa wewn\u0119trznych i zewn\u0119trznych kopii zapasowych (tak, triple backup, w, wewn\u0105trz i na zewn\u0105trz firmy)<\/li>\n<li>Fizyczny dost\u0119p do komputer\u00f3w, serwer\u00f3w nas i inne urz\u0105dzenia wykorzystywane przez firm\u0119<\/li>\n<li>Mobilne urz\u0105dzenia\/Bring Your Own Device: plan dzia\u0142ania, zarz\u0105dzania bezpiecze\u0144stwem, aplikacje zabezpiecze\u0144, zagubione urz\u0105dzenia, szyfrowanie poufnych danych<\/li>\n<li>Publicznej witryny sieci Web: Ochrona, ujawnienie poufnych informacji, zabezpieczenia aplikacji<\/li>\n<\/ol>\n","protected":false},"excerpt":{"rendered":"<p>Mo\u017cemy pom\u00f3c, skonsultowa\u0107 si\u0119 lub zapewniaj\u0105 Twojej firmy z nast\u0119puj\u0105cych czynno\u015bci: Odporno\u015b\u0107 na wirusy, spyware, malware i innych z\u0142o\u015bliwy kod lub aplikacji Zabezpiecz swoje sieci, zw\u0142aszcza sieci WiFi Ustanowienia najlepszych praktyk i polityk i ochrony informacji wra\u017cliwych\/warto\u015bciowy Edukowa\u0107 i u\u015bwiadomi\u0107 pracownikom o zagro\u017cenia, w naszej zewn\u0119trznej firmie Kopia zapasowa, kopia &hellip;<\/p>\n","protected":false},"author":1,"featured_media":0,"parent":0,"menu_order":0,"comment_status":"closed","ping_status":"closed","template":"","meta":{"footnotes":""},"class_list":["post-1380","page","type-page","status-publish","hentry"],"translation":{"provider":"WPGlobus","version":"3.0.2","language":"pl","enabled_languages":["en","da","de","es","fi","fr","it","hu","nl","no","pl","pt","ru","sv"],"languages":{"en":{"title":true,"content":true,"excerpt":false},"da":{"title":true,"content":true,"excerpt":false},"de":{"title":true,"content":true,"excerpt":false},"es":{"title":true,"content":true,"excerpt":false},"fi":{"title":true,"content":true,"excerpt":false},"fr":{"title":true,"content":true,"excerpt":false},"it":{"title":true,"content":true,"excerpt":false},"hu":{"title":true,"content":true,"excerpt":false},"nl":{"title":true,"content":true,"excerpt":false},"no":{"title":true,"content":true,"excerpt":false},"pl":{"title":true,"content":true,"excerpt":false},"pt":{"title":true,"content":true,"excerpt":false},"ru":{"title":true,"content":true,"excerpt":false},"sv":{"title":true,"content":true,"excerpt":false}}},"_links":{"self":[{"href":"https:\/\/evosec.eu\/pl\/wp-json\/wp\/v2\/pages\/1380","targetHints":{"allow":["GET"]}}],"collection":[{"href":"https:\/\/evosec.eu\/pl\/wp-json\/wp\/v2\/pages"}],"about":[{"href":"https:\/\/evosec.eu\/pl\/wp-json\/wp\/v2\/types\/page"}],"author":[{"embeddable":true,"href":"https:\/\/evosec.eu\/pl\/wp-json\/wp\/v2\/users\/1"}],"replies":[{"embeddable":true,"href":"https:\/\/evosec.eu\/pl\/wp-json\/wp\/v2\/comments?post=1380"}],"version-history":[{"count":3,"href":"https:\/\/evosec.eu\/pl\/wp-json\/wp\/v2\/pages\/1380\/revisions"}],"predecessor-version":[{"id":2134,"href":"https:\/\/evosec.eu\/pl\/wp-json\/wp\/v2\/pages\/1380\/revisions\/2134"}],"wp:attachment":[{"href":"https:\/\/evosec.eu\/pl\/wp-json\/wp\/v2\/media?parent=1380"}],"curies":[{"name":"wp","href":"https:\/\/api.w.org\/{rel}","templated":true}]}}