{"id":1310,"date":"2015-12-10T19:44:07","date_gmt":"2015-12-10T19:44:07","guid":{"rendered":"http:\/\/evosec.eu\/?page_id=1310"},"modified":"2016-09-11T01:02:40","modified_gmt":"2016-09-11T01:02:40","slug":"security","status":"publish","type":"page","link":"https:\/\/evosec.eu\/pl\/security\/","title":{"rendered":"Bezpiecze\u0144stwa IT"},"content":{"rendered":"<div class=\"well well-sm\">\n<p>Zabezpieczenia komputera, znany r\u00f3wnie\u017c jako cyberbezpiecze\u0144stwa lub bezpiecze\u0144stwa IT, jest zabezpieczenie system\u00f3w informatycznych od kradzie\u017cy lub uszkodzenia sprz\u0119tu, oprogramowania i informacje o nich, jak r\u00f3wnie\u017c z zak\u0142\u00f3cenia lub niew\u0142a\u015bciwego rozpowszechniania us\u0142ug zapewniaj\u0105. Obejmuje to kontroli fizycznego dost\u0119pu do sprz\u0119tu, jak r\u00f3wnie\u017c ochron\u0119 przed szkod\u0105, kt\u00f3ra mo\u017ce przyj\u015b\u0107 za po\u015brednictwem sieci dost\u0119pu, danych i kodu iniekcji, a z powodu nadu\u017cy\u0107 przez operator\u00f3w, czy celowe, przypadkowe, lub z powodu ich nabra\u0107 na odbiegaj\u0105cym od bezpieczne procedury.<\/p>\n<p>Systemy komputerowe teraz obejmuj\u0105 bardzo szeroki zakres urz\u0105dze\u0144 \\<\/p>\n<\/div>\n<ul class=\"fa-ul\" style=\"list-style-type: none;\">\n<li><i class=\"fa-li fa fa-angle-right fa-fw\"><\/i><a href=\"http:\/\/evosec.eu\/smbs-fast-cyber-security-checklist\/\">SMB szybkiego wyboru<\/a><\/li>\n<li><i class=\"fa-li fa fa-angle-right fa-fw\"><\/i>Audyt bezpiecze\u0144stwa witryny<\/li>\n<li><i class=\"fa-li fa fa-angle-right fa-fw\"><\/i>Audyt bezpiecze\u0144stwa sieci<\/li>\n<li><i class=\"fa-li fa fa-angle-right fa-fw\"><\/i>Inspekcji zabezpiecze\u0144 serwera<\/li>\n<li><i class=\"fa-li fa fa-angle-right fa-fw\"><\/i>Audyt bezpiecze\u0144stwa urz\u0105dzenie osadzone \/ Audyt bezpiecze\u0144stwa IoT<\/li>\n<\/ul>\n<p>Mo\u017cemy zapewni\u0107 testy, monitorowanie, rozwi\u0105zania i doradztwo w zakresie:<\/p>\n<ul class=\"fa-ul\" style=\"list-style-type: none;\">\n<li><i class=\"fa-li fa fa-angle-right fa-fw\"><\/i>Adres URL\/polecenia wtrysku<\/li>\n<li><i class=\"fa-li fa fa-angle-right fa-fw\"><\/i>Z\u0142amane uwierzytelniania \/ z\u0142e zarz\u0105dzanie sesj\u0105<\/li>\n<li><i class=\"fa-li fa fa-angle-right fa-fw\"><\/i>Bezpo\u015brednie odwo\u0142ania do obiekt\u00f3w<\/li>\n<li><i class=\"fa-li fa fa-angle-right fa-fw\"><\/i>Nara\u017cenia wra\u017cliwych danych<\/li>\n<li><i class=\"fa-li fa fa-angle-right fa-fw\"><\/i>Znanych luk komponent\u00f3w<\/li>\n<li><i class=\"fa-li fa fa-angle-right fa-fw\"><\/i>Wykorzysta\u0107 rozwoju<\/li>\n<li><i class=\"fa-li fa fa-angle-right fa-fw\"><\/i>Analizy kodu \u017ar\u00f3d\u0142owego &#8211; zw\u0142aszcza protoko\u0142u implementuje<\/li>\n<\/ul>\n","protected":false},"excerpt":{"rendered":"<p>Zabezpieczenia komputera, znany r\u00f3wnie\u017c jako cyberbezpiecze\u0144stwa lub bezpiecze\u0144stwa IT, jest zabezpieczenie system\u00f3w informatycznych od kradzie\u017cy lub uszkodzenia sprz\u0119tu, oprogramowania i informacje o nich, jak r\u00f3wnie\u017c z zak\u0142\u00f3cenia lub niew\u0142a\u015bciwego rozpowszechniania us\u0142ug zapewniaj\u0105. Obejmuje to kontroli fizycznego dost\u0119pu do sprz\u0119tu, jak r\u00f3wnie\u017c ochron\u0119 przed szkod\u0105, kt\u00f3ra mo\u017ce przyj\u015b\u0107 za po\u015brednictwem sieci &hellip;<\/p>\n","protected":false},"author":1,"featured_media":0,"parent":0,"menu_order":0,"comment_status":"closed","ping_status":"closed","template":"","meta":{"footnotes":""},"class_list":["post-1310","page","type-page","status-publish","hentry"],"translation":{"provider":"WPGlobus","version":"3.0.2","language":"pl","enabled_languages":["en","da","de","es","fi","fr","it","hu","nl","no","pl","pt","ru","sv"],"languages":{"en":{"title":true,"content":true,"excerpt":false},"da":{"title":true,"content":true,"excerpt":false},"de":{"title":true,"content":true,"excerpt":false},"es":{"title":true,"content":true,"excerpt":false},"fi":{"title":true,"content":true,"excerpt":false},"fr":{"title":true,"content":true,"excerpt":false},"it":{"title":true,"content":true,"excerpt":false},"hu":{"title":true,"content":true,"excerpt":false},"nl":{"title":true,"content":true,"excerpt":false},"no":{"title":true,"content":true,"excerpt":false},"pl":{"title":true,"content":true,"excerpt":false},"pt":{"title":true,"content":true,"excerpt":false},"ru":{"title":true,"content":true,"excerpt":false},"sv":{"title":true,"content":true,"excerpt":false}}},"_links":{"self":[{"href":"https:\/\/evosec.eu\/pl\/wp-json\/wp\/v2\/pages\/1310","targetHints":{"allow":["GET"]}}],"collection":[{"href":"https:\/\/evosec.eu\/pl\/wp-json\/wp\/v2\/pages"}],"about":[{"href":"https:\/\/evosec.eu\/pl\/wp-json\/wp\/v2\/types\/page"}],"author":[{"embeddable":true,"href":"https:\/\/evosec.eu\/pl\/wp-json\/wp\/v2\/users\/1"}],"replies":[{"embeddable":true,"href":"https:\/\/evosec.eu\/pl\/wp-json\/wp\/v2\/comments?post=1310"}],"version-history":[{"count":3,"href":"https:\/\/evosec.eu\/pl\/wp-json\/wp\/v2\/pages\/1310\/revisions"}],"predecessor-version":[{"id":2136,"href":"https:\/\/evosec.eu\/pl\/wp-json\/wp\/v2\/pages\/1310\/revisions\/2136"}],"wp:attachment":[{"href":"https:\/\/evosec.eu\/pl\/wp-json\/wp\/v2\/media?parent=1310"}],"curies":[{"name":"wp","href":"https:\/\/api.w.org\/{rel}","templated":true}]}}