{"id":785,"date":"2014-08-16T23:08:54","date_gmt":"2014-08-16T23:08:54","guid":{"rendered":"http:\/\/evosec.eu\/?page_id=785"},"modified":"2016-09-11T00:57:42","modified_gmt":"2016-09-11T00:57:42","slug":"what-we-do","status":"publish","type":"page","link":"https:\/\/evosec.eu\/no\/what-we-do\/","title":{"rendered":"Hva Vi Gj\u00f8r"},"content":{"rendered":"<h2><a href=\"\/security\"><i class=\"fa fa-shield fa-fw\"><\/i>IT-SIKKERHET<\/a><\/h2>\n<ul class=\"fa-ul\" style=\"list-style-type: none\">\n<li><i class=\"fa-li fa fa-angle-right fa-fw\"><\/i><a href=\"http:\/\/evosec.eu\/smbs-fast-cyber-security-checklist\/\">Rask SMB sjekk<\/a><\/li>\n<li><i class=\"fa-li fa fa-angle-right fa-fw\"><\/i>Nettstedet sikkerhetsoverv\u00e5king<\/li>\n<li><i class=\"fa-li fa fa-angle-right fa-fw\"><\/i>Nettverk-sikkerhetsoverv\u00e5king<\/li>\n<li><i class=\"fa-li fa fa-angle-right fa-fw\"><\/i>Server sikkerhet revisjon<\/li>\n<li><i class=\"fa-li fa fa-angle-right fa-fw\"><\/i>Innebygde enheten sikkerhetsoverv\u00e5king<\/li>\n<\/ul>\n<h2><a href=\"\/operations\"><i class=\"fa fa-heartbeat fa-fw\"><\/i>IT-DRIFT<\/a><\/h2>\n<ul class=\"fa-ul\" style=\"list-style-type: none\">\n<li><i class=\"fa-li fa fa-angle-right fa-fw\"><\/i>Nettverk<\/li>\n<li><i class=\"fa-li fa fa-angle-right fa-fw\"><\/i>Linux-servere<\/li>\n<li><i class=\"fa-li fa fa-angle-right fa-fw\"><\/i>Sikkerhetskopier \/ Ransomware-bevis sikkerhetskopiering<\/li>\n<li><i class=\"fa-li fa fa-angle-right fa-fw\"><\/i>Overv\u00e5king av nettsteder, IPs\/IP omr\u00e5der, anordninger etc<\/li>\n<li><i class=\"fa-li fa fa-angle-right fa-fw\"><\/i>3rd party\/foreldet protokoller oppdatering\/integrasjoner<\/li>\n<\/ul>\n<h2><a href=\"\/automation\"><i class=\"fa fa-cogs fa-fw\"><\/i>IT AUTOMATISERING<\/a><\/h2>\n<ul class=\"fa-ul\" style=\"list-style-type: none\">\n<li><i class=\"fa-li fa fa-angle-right fa-fw\"><\/i>Data gjennomgang\/analyse<\/li>\n<li><i class=\"fa-li fa fa-angle-right fa-fw\"><\/i>Automatiserte e-post<\/li>\n<li><i class=\"fa-li fa fa-angle-right fa-fw\"><\/i>Spesialutviklede programmer, skript eller l\u00f8sninger skal kj\u00f8res p\u00e5 generelt tilgjengelige innebygde boards &#8211; bringeb\u00e6r PI, Arduino etc<\/li>\n<\/ul>\n<h2><a href=\"\/web-support\"><i class=\"fa fa-user fa-fw\"><\/i>WEB-ST\u00d8TTE<\/a><\/h2>\n<ul class=\"fa-ul\" style=\"list-style-type: none\">\n<li><i class=\"fa-li fa fa-angle-right fa-fw\"><\/i>Oppdateringen, skjerm og Patch: WordPress-baserte nettsteder og Plugins<\/li>\n<li><i class=\"fa-li fa fa-angle-right fa-fw\"><\/i>Oppdateringen, skjerm og Patch: Joomla-baserte nettsteder, Plugins og komponenter<\/li>\n<\/ul>\n<h2><a href=\"\/iot-devices-security-assessment\"><i class=\"fa fa-wifi fa-fw\"><\/i>IoT enheter sikkerhet<\/a><\/h2>\n<ul class=\"fa-ul\" style=\"list-style-type: none\">\n<li><i class=\"fa-li fa fa-angle-right fa-fw\"><\/i>Konfigurasjon av\/Feils\u00f8k<\/li>\n<li><i class=\"fa-li fa fa-angle-right fa-fw\"><\/i>Usikret protokoller \/-klartekst<\/li>\n<li><i class=\"fa-li fa fa-angle-right fa-fw\"><\/i>Reverse engineering protokoller<\/li>\n<li><i class=\"fa-li fa fa-angle-right fa-fw\"><\/i>Fast passord, backdoors, standardinnstillingene<\/li>\n<\/ul>\n","protected":false},"excerpt":{"rendered":"<p>IT-SIKKERHET Rask SMB sjekk Nettstedet sikkerhetsoverv\u00e5king Nettverk-sikkerhetsoverv\u00e5king Server sikkerhet revisjon Innebygde enheten sikkerhetsoverv\u00e5king IT-DRIFT Nettverk Linux-servere Sikkerhetskopier \/ Ransomware-bevis sikkerhetskopiering Overv\u00e5king av nettsteder, IPs\/IP omr\u00e5der, anordninger etc 3rd party\/foreldet protokoller oppdatering\/integrasjoner IT AUTOMATISERING Data gjennomgang\/analyse Automatiserte e-post Spesialutviklede programmer, skript eller l\u00f8sninger skal kj\u00f8res p\u00e5 generelt tilgjengelige innebygde boards &#8211; &hellip;<\/p>\n","protected":false},"author":1,"featured_media":0,"parent":0,"menu_order":0,"comment_status":"closed","ping_status":"open","template":"","meta":{"footnotes":""},"class_list":["post-785","page","type-page","status-publish","hentry"],"translation":{"provider":"WPGlobus","version":"3.0.2","language":"no","enabled_languages":["en","da","de","es","fi","fr","it","hu","nl","no","pl","pt","ru","sv"],"languages":{"en":{"title":true,"content":true,"excerpt":false},"da":{"title":true,"content":true,"excerpt":false},"de":{"title":true,"content":true,"excerpt":false},"es":{"title":true,"content":true,"excerpt":false},"fi":{"title":true,"content":true,"excerpt":false},"fr":{"title":true,"content":true,"excerpt":false},"it":{"title":true,"content":true,"excerpt":false},"hu":{"title":true,"content":true,"excerpt":false},"nl":{"title":true,"content":true,"excerpt":false},"no":{"title":true,"content":true,"excerpt":false},"pl":{"title":true,"content":true,"excerpt":false},"pt":{"title":true,"content":true,"excerpt":false},"ru":{"title":true,"content":true,"excerpt":false},"sv":{"title":true,"content":true,"excerpt":false}}},"_links":{"self":[{"href":"https:\/\/evosec.eu\/no\/wp-json\/wp\/v2\/pages\/785","targetHints":{"allow":["GET"]}}],"collection":[{"href":"https:\/\/evosec.eu\/no\/wp-json\/wp\/v2\/pages"}],"about":[{"href":"https:\/\/evosec.eu\/no\/wp-json\/wp\/v2\/types\/page"}],"author":[{"embeddable":true,"href":"https:\/\/evosec.eu\/no\/wp-json\/wp\/v2\/users\/1"}],"replies":[{"embeddable":true,"href":"https:\/\/evosec.eu\/no\/wp-json\/wp\/v2\/comments?post=785"}],"version-history":[{"count":3,"href":"https:\/\/evosec.eu\/no\/wp-json\/wp\/v2\/pages\/785\/revisions"}],"predecessor-version":[{"id":2132,"href":"https:\/\/evosec.eu\/no\/wp-json\/wp\/v2\/pages\/785\/revisions\/2132"}],"wp:attachment":[{"href":"https:\/\/evosec.eu\/no\/wp-json\/wp\/v2\/media?parent=785"}],"curies":[{"name":"wp","href":"https:\/\/api.w.org\/{rel}","templated":true}]}}