{"id":767,"date":"2015-01-16T23:29:16","date_gmt":"2015-01-16T23:29:16","guid":{"rendered":"http:\/\/evosec.eu\/?page_id=767"},"modified":"2017-09-08T01:08:35","modified_gmt":"2017-09-08T01:08:35","slug":"homepage","status":"publish","type":"page","link":"https:\/\/evosec.eu\/no\/","title":{"rendered":"Hjertelig Velkommen!"},"content":{"rendered":"<div class=\"row\">\n<div class=\"col-lg-12\">\n<div class=\"panel panel-default\">\n<div class=\"panel-body\">Vi er en IT-tech selskap, spesialisert seg p\u00e5 tjenester, l\u00f8sninger og tilpassede produkter til sm\u00e5-og mellomstore bedrifter.Vi tror at bedrifter har behov som er forskjellige fra de som store bedrifter eller organisasjoner krever. Likevel, SMBs fortsatt trenger dyktige ressurser og velutviklet l\u00f8sninger for \u00e5 konkurrere i markedet, spesielt n\u00e5 n\u00e5r nesten enhver bedrift er transformere\/skifte til digitale og m\u00f8te en ny verden, med nye fordelene og utfordringene.<\/p>\n<p>Et av v\u00e5re m\u00e5l er \u00e5 gi bedrifter med de samme konkurransefortrinn som st\u00f8rre organisasjoner har.<\/p>\n<\/div>\n<\/div>\n<\/div>\n<\/div>\n<div class=\"row\">\n<div class=\"col-xs-12 col-sm-12 col-md-6 col-lg-6\">\n<div class=\"thumbnail\"><a href=\"\/no\/security\/\"><img decoding=\"async\" src=\"\/wp-content\/images\/security.png\" alt=\"IT-sikkerhet\" \/><\/a><\/p>\n<div class=\"caption\">\n<h1><i class=\"fa fa-shield fa-fw\"><\/i>IT-sikkerhet<\/h1>\n<p><a class=\"btn btn-primary\" href=\"\/no\/security\/\">Finn ut mer<\/a><\/div>\n<\/div>\n<\/div>\n<div class=\"col-xs-12 col-sm-12 col-md-6 col-lg-6\">\n<div class=\"thumbnail\"><a href=\"\/no\/category\/case-studies\/it-operations\/\"><img decoding=\"async\" src=\"\/wp-content\/images\/operations.png\" alt=\"IT-drift\" \/><\/a><\/p>\n<div class=\"caption\">\n<h1><i class=\"fa fa-heartbeat fa-fw\"><\/i>IT-drift<\/h1>\n<p><a class=\"btn btn-success\" href=\"\/no\/category\/case-studies\/it-operations\/\">Finn ut mer<\/a>\n<\/div>\n<\/div>\n<\/div>\n<\/div>\n<div class=\"row\">\n<div class=\"col-xs-12 col-sm-12 col-md-6 col-lg-6\">\n<div class=\"thumbnail\"><a href=\"\/no\/category\/case-studies\/automation\/\"><img decoding=\"async\" src=\"\/wp-content\/images\/automation.png\" alt=\"IT automatisering\" \/><\/a><\/p>\n<div class=\"caption\">\n<h1><i class=\"fa fa-cogs fa-fw\"><\/i>IT automatisering<\/h1>\n<p><a class=\"btn btn-info\" href=\"\/no\/category\/case-studies\/automation\/\">Finn ut mer<\/a><\/div>\n<\/div>\n<\/div>\n<div class=\"col-xs-12 col-sm-12 col-md-6 col-lg-6\">\n<div class=\"thumbnail\"><a href=\"\/no\/category\/case-studies\/iot-security\/\"><img decoding=\"async\" src=\"\/wp-content\/images\/iot.png\" alt=\"IoT enheter\" \/><\/a><\/p>\n<div class=\"caption\">\n<h1><i class=\"fa fa-wifi fa-fw\"><\/i>IoT enheter<\/h1>\n<p><a class=\"btn btn-warning\" href=\"\/no\/category\/case-studies\/iot-security\/\">Finn ut mer<\/a><\/div>\n<\/div>\n<\/div>\n<\/div>\n","protected":false},"excerpt":{"rendered":"<p>Vi er en IT-tech selskap, spesialisert seg p\u00e5 tjenester, l\u00f8sninger og tilpassede produkter til sm\u00e5-og mellomstore bedrifter.Vi tror at bedrifter har behov som er forskjellige fra de som store bedrifter eller organisasjoner krever. Likevel, SMBs fortsatt trenger dyktige ressurser og velutviklet l\u00f8sninger for \u00e5 konkurrere i markedet, spesielt n\u00e5 n\u00e5r &hellip;<\/p>\n","protected":false},"author":1,"featured_media":0,"parent":0,"menu_order":0,"comment_status":"closed","ping_status":"closed","template":"","meta":{"footnotes":""},"class_list":["post-767","page","type-page","status-publish","hentry"],"translation":{"provider":"WPGlobus","version":"3.0.2","language":"no","enabled_languages":["en","da","de","es","fi","fr","it","hu","nl","no","pl","pt","ru","sv"],"languages":{"en":{"title":true,"content":true,"excerpt":false},"da":{"title":true,"content":true,"excerpt":false},"de":{"title":true,"content":true,"excerpt":false},"es":{"title":true,"content":true,"excerpt":false},"fi":{"title":true,"content":true,"excerpt":false},"fr":{"title":true,"content":true,"excerpt":false},"it":{"title":true,"content":true,"excerpt":false},"hu":{"title":true,"content":true,"excerpt":false},"nl":{"title":true,"content":true,"excerpt":false},"no":{"title":true,"content":true,"excerpt":false},"pl":{"title":true,"content":true,"excerpt":false},"pt":{"title":false,"content":false,"excerpt":false},"ru":{"title":true,"content":true,"excerpt":false},"sv":{"title":true,"content":true,"excerpt":false}}},"_links":{"self":[{"href":"https:\/\/evosec.eu\/no\/wp-json\/wp\/v2\/pages\/767","targetHints":{"allow":["GET"]}}],"collection":[{"href":"https:\/\/evosec.eu\/no\/wp-json\/wp\/v2\/pages"}],"about":[{"href":"https:\/\/evosec.eu\/no\/wp-json\/wp\/v2\/types\/page"}],"author":[{"embeddable":true,"href":"https:\/\/evosec.eu\/no\/wp-json\/wp\/v2\/users\/1"}],"replies":[{"embeddable":true,"href":"https:\/\/evosec.eu\/no\/wp-json\/wp\/v2\/comments?post=767"}],"version-history":[{"count":3,"href":"https:\/\/evosec.eu\/no\/wp-json\/wp\/v2\/pages\/767\/revisions"}],"predecessor-version":[{"id":1159,"href":"https:\/\/evosec.eu\/no\/wp-json\/wp\/v2\/pages\/767\/revisions\/1159"}],"wp:attachment":[{"href":"https:\/\/evosec.eu\/no\/wp-json\/wp\/v2\/media?parent=767"}],"curies":[{"name":"wp","href":"https:\/\/api.w.org\/{rel}","templated":true}]}}