{"id":1757,"date":"2016-05-09T22:48:35","date_gmt":"2016-05-09T22:48:35","guid":{"rendered":"https:\/\/evosec.eu\/?page_id=1757"},"modified":"2016-09-11T01:00:42","modified_gmt":"2016-09-11T01:00:42","slug":"wordpress-security-testinghardening","status":"publish","type":"page","link":"https:\/\/evosec.eu\/no\/wordpress-security-testinghardening\/","title":{"rendered":"WordPress Sikkerhet Testing &amp; Amp; Herding"},"content":{"rendered":"<p>Har du husket din WordPress basert nettside mot vanlige konfigurasjonsproblemer som kan f\u00f8re til sikkerhet hodepine?<br \/>\nHave you heard of <a class=\"external text\" href=\"http:\/\/en.wikipedia.org\/wiki\/Security_through_obscurity\">Security through obscurity<\/a>?<br \/>\nVisste du at \\ Un\u00f8dvendig \u00e5 si, er CMS plattformer som WordPress ikke sikkerhet-herdet i stor grad ut av boksen.<br \/>\nNoen gang tenkt p\u00e5 disse seg?<\/p>\n<ul>\n<li>Alltid kj\u00f8re den nyeste versjonen<\/li>\n<li>Oppdatere din backend regelmessig<\/li>\n<li>Bruk alltid p\u00e5litelige kilder for temaer og plugins. V\u00e6re ekstra n\u00f8ye om gratis temaer og plugins (siden de har \u00e5 gj\u00f8re en levende, hvordan gj\u00f8r de det?)<\/li>\n<li>Aldri bruk standardinnstillinger<\/li>\n<li>Redusere legitimasjon og v\u00e6re forsiktig med brukerniv\u00e5er<\/li>\n<li>Alltid benytter sterke passord<\/li>\n<li>Beskytte .htaccess-filen<\/li>\n<li>Sikkerhetskopiering daglig, men ogs\u00e5 holde ukentlige og m\u00e5nedlige sikkerhetskopier. Et nettsted kompromiss kan ikke oppdages i en dags-span, s\u00e5 du trenger en gammel backup.<\/li>\n<\/ul>\n<p>Interessert? Vi kan hjelpe deg med \u00e5 sikre webomr\u00e5det, penn-test det og\/eller gir tilpassede r\u00e5d. Bare send oss en linje p\u00e5 <a href=\"mailto:Office@evosec.EU\">Office@evosec.EU<\/a> eller bruk den <a href=\"\/contact\">contact section<\/a>.\n<\/p>\n<hr \/>\n<div class=\"row\" style=\"text-align:center;\">\n<img decoding=\"async\" src=\"\/wp-content\/uploads\/2016\/05\/wordpress-hacker-rgb1.jpg\" \/>\n<\/div>\n","protected":false},"excerpt":{"rendered":"<p>Har du husket din WordPress basert nettside mot vanlige konfigurasjonsproblemer som kan f\u00f8re til sikkerhet hodepine? Have you heard of Security through obscurity? Visste du at \\ Un\u00f8dvendig \u00e5 si, er CMS plattformer som WordPress ikke sikkerhet-herdet i stor grad ut av boksen. Noen gang tenkt p\u00e5 disse seg? Alltid &hellip;<\/p>\n","protected":false},"author":1,"featured_media":1785,"parent":0,"menu_order":0,"comment_status":"closed","ping_status":"closed","template":"","meta":{"footnotes":""},"class_list":["post-1757","page","type-page","status-publish","has-post-thumbnail","hentry"],"translation":{"provider":"WPGlobus","version":"3.0.2","language":"no","enabled_languages":["en","da","de","es","fi","fr","it","hu","nl","no","pl","pt","ru","sv"],"languages":{"en":{"title":true,"content":true,"excerpt":false},"da":{"title":true,"content":true,"excerpt":false},"de":{"title":true,"content":true,"excerpt":false},"es":{"title":true,"content":true,"excerpt":false},"fi":{"title":true,"content":true,"excerpt":false},"fr":{"title":true,"content":true,"excerpt":false},"it":{"title":true,"content":true,"excerpt":false},"hu":{"title":true,"content":true,"excerpt":false},"nl":{"title":true,"content":true,"excerpt":false},"no":{"title":true,"content":true,"excerpt":false},"pl":{"title":true,"content":true,"excerpt":false},"pt":{"title":true,"content":true,"excerpt":false},"ru":{"title":true,"content":true,"excerpt":false},"sv":{"title":true,"content":true,"excerpt":false}}},"_links":{"self":[{"href":"https:\/\/evosec.eu\/no\/wp-json\/wp\/v2\/pages\/1757","targetHints":{"allow":["GET"]}}],"collection":[{"href":"https:\/\/evosec.eu\/no\/wp-json\/wp\/v2\/pages"}],"about":[{"href":"https:\/\/evosec.eu\/no\/wp-json\/wp\/v2\/types\/page"}],"author":[{"embeddable":true,"href":"https:\/\/evosec.eu\/no\/wp-json\/wp\/v2\/users\/1"}],"replies":[{"embeddable":true,"href":"https:\/\/evosec.eu\/no\/wp-json\/wp\/v2\/comments?post=1757"}],"version-history":[{"count":3,"href":"https:\/\/evosec.eu\/no\/wp-json\/wp\/v2\/pages\/1757\/revisions"}],"predecessor-version":[{"id":2129,"href":"https:\/\/evosec.eu\/no\/wp-json\/wp\/v2\/pages\/1757\/revisions\/2129"}],"wp:featuredmedia":[{"embeddable":true,"href":"https:\/\/evosec.eu\/no\/wp-json\/wp\/v2\/media\/1785"}],"wp:attachment":[{"href":"https:\/\/evosec.eu\/no\/wp-json\/wp\/v2\/media?parent=1757"}],"curies":[{"name":"wp","href":"https:\/\/api.w.org\/{rel}","templated":true}]}}