{"id":1640,"date":"2016-03-23T20:45:27","date_gmt":"2016-03-23T20:45:27","guid":{"rendered":"https:\/\/evosec.eu\/?page_id=1640"},"modified":"2016-09-11T01:05:18","modified_gmt":"2016-09-11T01:05:18","slug":"ransomware-prevention-backup","status":"publish","type":"page","link":"https:\/\/evosec.eu\/no\/ransomware-prevention-backup\/","title":{"rendered":"Ransomware-forebygging: Ransom-bevis Sikkerhetskopiering"},"content":{"rendered":"<div class=\"row\">\n<img decoding=\"async\" src=\"\/\/evosec.eu\/wp-content\/uploads\/2016\/03\/ransomware.jpg\" alt=\"Ransomware\" class=\"aligncenter img-responsive\" \/>\n<\/div>\n<div class=\"row\">\nV\u00e5re ingeni\u00f8rer har utviklet en l\u00f8sning som kj\u00f8rer p\u00e5 Linux, men fungerer b\u00e5de for Windows og Linux-baserte nettverk. Her er noen funksjoner i v\u00e5r l\u00f8sning, perfekt tilpasningsdyktig til SMB-nettverk:<\/p>\n<ul>\n<li>Helautomatisk<\/li>\n<li>Kompatibel med Windows-ressurser<\/li>\n<li>Muligheten til \u00e5 rulle tilbake i tid<\/li>\n<li>Planlagte oppdateringer av sikkerhetskopier<\/li>\n<li>Imune for Windows-baserte angrep og Windows-aksjer angrep<\/li>\n<li>Kan v\u00e6re helt l\u00e5st ned, for \u00e5 forhindre skade sikkerhetskopier<\/li>\n<li>Kan skreddersys til bestemte programmer eller kan integreres med andre<\/li>\n<li>Kan brukes for p\u00e5 stedet sikkerhetskopier, men ogs\u00e5 for sikker, ekstern, ekstern sikkerhetskopiering<\/li>\n<\/ul>\n<h4>Hvis interessert, ikke n\u00f8l med \u00e5 <a href=\"\/contact\/\">Kontakt oss<\/a><\/h4>\n<\/div>\n","protected":false},"excerpt":{"rendered":"<p>V\u00e5re ingeni\u00f8rer har utviklet en l\u00f8sning som kj\u00f8rer p\u00e5 Linux, men fungerer b\u00e5de for Windows og Linux-baserte nettverk. Her er noen funksjoner i v\u00e5r l\u00f8sning, perfekt tilpasningsdyktig til SMB-nettverk: Helautomatisk Kompatibel med Windows-ressurser Muligheten til \u00e5 rulle tilbake i tid Planlagte oppdateringer av sikkerhetskopier Imune for Windows-baserte angrep og Windows-aksjer &hellip;<\/p>\n","protected":false},"author":1,"featured_media":0,"parent":0,"menu_order":0,"comment_status":"closed","ping_status":"closed","template":"","meta":{"footnotes":""},"class_list":["post-1640","page","type-page","status-publish","hentry"],"translation":{"provider":"WPGlobus","version":"3.0.2","language":"no","enabled_languages":["en","da","de","es","fi","fr","it","hu","nl","no","pl","pt","ru","sv"],"languages":{"en":{"title":true,"content":true,"excerpt":false},"da":{"title":true,"content":true,"excerpt":false},"de":{"title":true,"content":true,"excerpt":false},"es":{"title":true,"content":true,"excerpt":false},"fi":{"title":true,"content":true,"excerpt":false},"fr":{"title":true,"content":true,"excerpt":false},"it":{"title":true,"content":true,"excerpt":false},"hu":{"title":true,"content":true,"excerpt":false},"nl":{"title":true,"content":true,"excerpt":false},"no":{"title":true,"content":true,"excerpt":false},"pl":{"title":true,"content":true,"excerpt":false},"pt":{"title":true,"content":true,"excerpt":false},"ru":{"title":true,"content":true,"excerpt":false},"sv":{"title":true,"content":true,"excerpt":false}}},"_links":{"self":[{"href":"https:\/\/evosec.eu\/no\/wp-json\/wp\/v2\/pages\/1640","targetHints":{"allow":["GET"]}}],"collection":[{"href":"https:\/\/evosec.eu\/no\/wp-json\/wp\/v2\/pages"}],"about":[{"href":"https:\/\/evosec.eu\/no\/wp-json\/wp\/v2\/types\/page"}],"author":[{"embeddable":true,"href":"https:\/\/evosec.eu\/no\/wp-json\/wp\/v2\/users\/1"}],"replies":[{"embeddable":true,"href":"https:\/\/evosec.eu\/no\/wp-json\/wp\/v2\/comments?post=1640"}],"version-history":[{"count":3,"href":"https:\/\/evosec.eu\/no\/wp-json\/wp\/v2\/pages\/1640\/revisions"}],"predecessor-version":[{"id":2131,"href":"https:\/\/evosec.eu\/no\/wp-json\/wp\/v2\/pages\/1640\/revisions\/2131"}],"wp:attachment":[{"href":"https:\/\/evosec.eu\/no\/wp-json\/wp\/v2\/media?parent=1640"}],"curies":[{"name":"wp","href":"https:\/\/api.w.org\/{rel}","templated":true}]}}