{"id":1315,"date":"2015-12-10T19:45:23","date_gmt":"2015-12-10T19:45:23","guid":{"rendered":"http:\/\/evosec.eu\/?page_id=1315"},"modified":"2016-09-11T00:58:36","modified_gmt":"2016-09-11T00:58:36","slug":"web-support","status":"publish","type":"page","link":"https:\/\/evosec.eu\/no\/web-support\/","title":{"rendered":"Webst\u00f8tte &amp; Amp; WEBSites&#8217; Sikkerhet"},"content":{"rendered":"<ul class=\"fa-ul\" style=\"list-style-type: none;\">\n<li><i class=\"fa-li fa fa-angle-right fa-fw\"><\/i>Oppdatere, overv\u00e5ke og oppdatere: WordPress-baserte nettsteder og Plugins<\/li>\n<li><i class=\"fa-li fa fa-angle-right fa-fw\"><\/i>Oppdatere, overv\u00e5ke og oppdatere: Joomla-baserte nettsteder, Plugins og komponenter<\/li>\n<li><i class=\"fa-li fa fa-angle-right fa-fw\"><\/i>Linux-baserte servere st\u00f8tte (enkel, kompleks, dedikerte, uoverv\u00e5ket, Intel eller andre plattformer basert)<\/li>\n<li><i class=\"fa-li fa fa-angle-right fa-fw\"><\/i>Skjermen for defacements &#8211; endringer av hjemmeside\/landingpage\/andre sider<\/li>\n<li><i class=\"fa-li fa fa-angle-right fa-fw\"><\/i>S\u00f8k etter SQLi (SQL-injeksjoner) Sikkerhetsproblemer som kan avsl\u00f8re sensitive data som er lagret i nettstedets database eller nettstedets backend<\/li>\n<li><i class=\"fa-li fa fa-angle-right fa-fw\"><\/i>S\u00f8k etter sensitiv informasjon, dokumenter eller andre relatert informasjon utsatt p\u00e5 grunn av improprer nettsted eller server konfigurasjon<\/li>\n<\/ul>\n","protected":false},"excerpt":{"rendered":"<p>Oppdatere, overv\u00e5ke og oppdatere: WordPress-baserte nettsteder og Plugins Oppdatere, overv\u00e5ke og oppdatere: Joomla-baserte nettsteder, Plugins og komponenter Linux-baserte servere st\u00f8tte (enkel, kompleks, dedikerte, uoverv\u00e5ket, Intel eller andre plattformer basert) Skjermen for defacements &#8211; endringer av hjemmeside\/landingpage\/andre sider S\u00f8k etter SQLi (SQL-injeksjoner) Sikkerhetsproblemer som kan avsl\u00f8re sensitive data som er lagret &hellip;<\/p>\n","protected":false},"author":1,"featured_media":0,"parent":0,"menu_order":0,"comment_status":"closed","ping_status":"closed","template":"","meta":{"footnotes":""},"class_list":["post-1315","page","type-page","status-publish","hentry"],"translation":{"provider":"WPGlobus","version":"3.0.2","language":"no","enabled_languages":["en","da","de","es","fi","fr","it","hu","nl","no","pl","pt","ru","sv"],"languages":{"en":{"title":true,"content":true,"excerpt":false},"da":{"title":true,"content":true,"excerpt":false},"de":{"title":true,"content":true,"excerpt":false},"es":{"title":true,"content":true,"excerpt":false},"fi":{"title":true,"content":true,"excerpt":false},"fr":{"title":true,"content":true,"excerpt":false},"it":{"title":true,"content":true,"excerpt":false},"hu":{"title":true,"content":true,"excerpt":false},"nl":{"title":true,"content":true,"excerpt":false},"no":{"title":true,"content":true,"excerpt":false},"pl":{"title":true,"content":true,"excerpt":false},"pt":{"title":true,"content":true,"excerpt":false},"ru":{"title":true,"content":true,"excerpt":false},"sv":{"title":true,"content":true,"excerpt":false}}},"_links":{"self":[{"href":"https:\/\/evosec.eu\/no\/wp-json\/wp\/v2\/pages\/1315","targetHints":{"allow":["GET"]}}],"collection":[{"href":"https:\/\/evosec.eu\/no\/wp-json\/wp\/v2\/pages"}],"about":[{"href":"https:\/\/evosec.eu\/no\/wp-json\/wp\/v2\/types\/page"}],"author":[{"embeddable":true,"href":"https:\/\/evosec.eu\/no\/wp-json\/wp\/v2\/users\/1"}],"replies":[{"embeddable":true,"href":"https:\/\/evosec.eu\/no\/wp-json\/wp\/v2\/comments?post=1315"}],"version-history":[{"count":3,"href":"https:\/\/evosec.eu\/no\/wp-json\/wp\/v2\/pages\/1315\/revisions"}],"predecessor-version":[{"id":2135,"href":"https:\/\/evosec.eu\/no\/wp-json\/wp\/v2\/pages\/1315\/revisions\/2135"}],"wp:attachment":[{"href":"https:\/\/evosec.eu\/no\/wp-json\/wp\/v2\/media?parent=1315"}],"curies":[{"name":"wp","href":"https:\/\/api.w.org\/{rel}","templated":true}]}}