{"id":1310,"date":"2015-12-10T19:44:07","date_gmt":"2015-12-10T19:44:07","guid":{"rendered":"http:\/\/evosec.eu\/?page_id=1310"},"modified":"2016-09-11T01:02:40","modified_gmt":"2016-09-11T01:02:40","slug":"security","status":"publish","type":"page","link":"https:\/\/evosec.eu\/no\/security\/","title":{"rendered":"IT-sikkerhet"},"content":{"rendered":"<div class=\"well well-sm\">\n<p>Garanti, ogs\u00e5 kjent som cybersecurity eller IT-sikkerhet, er beskyttelse av informasjonssystemer fra tyveri eller skade til maskinvaren, programvaren og informasjonen p\u00e5 dem, samt fra avbrudd eller misdirection tjenestene de tilbyr. Det inkluderer kontroll av fysisk tilgang til maskinvare, i tillegg til \u00e5 beskytte mot skade som kan komme via nettverk, data og kode injeksjon, og p\u00e5 grunn av malpractice av operatorer, om utilsiktet, eller dem lures til avvikende fra sikker prosedyrer.<\/p>\n<p>Datasystemer inkluderer n\u00e5 et bredt utvalg av \\<\/p>\n<\/div>\n<ul class=\"fa-ul\" style=\"list-style-type: none;\">\n<li><i class=\"fa-li fa fa-angle-right fa-fw\"><\/i><a href=\"http:\/\/evosec.eu\/smbs-fast-cyber-security-checklist\/\">Rask SMB sjekk<\/a><\/li>\n<li><i class=\"fa-li fa fa-angle-right fa-fw\"><\/i>Nettstedet sikkerhetsoverv\u00e5king<\/li>\n<li><i class=\"fa-li fa fa-angle-right fa-fw\"><\/i>Nettverk-sikkerhetsoverv\u00e5king<\/li>\n<li><i class=\"fa-li fa fa-angle-right fa-fw\"><\/i>Server sikkerhet revisjon<\/li>\n<li><i class=\"fa-li fa fa-angle-right fa-fw\"><\/i>Innebygde enheten sikkerhetsoverv\u00e5king \/ IoT sikkerhetsoverv\u00e5king<\/li>\n<\/ul>\n<p>Vi kan tilby tester, overv\u00e5king, l\u00f8sninger og r\u00e5dgivning for:<\/p>\n<ul class=\"fa-ul\" style=\"list-style-type: none;\">\n<li><i class=\"fa-li fa fa-angle-right fa-fw\"><\/i>URL\/kommandoen injeksjon<\/li>\n<li><i class=\"fa-li fa fa-angle-right fa-fw\"><\/i>Delt godkjenning \/ d\u00e5rlig \u00f8ktstyring<\/li>\n<li><i class=\"fa-li fa fa-angle-right fa-fw\"><\/i>Direkte objekt referanser<\/li>\n<li><i class=\"fa-li fa fa-angle-right fa-fw\"><\/i>F\u00f8lsomme data eksponering<\/li>\n<li><i class=\"fa-li fa fa-angle-right fa-fw\"><\/i>Kjente Vulnerabilites komponenter<\/li>\n<li><i class=\"fa-li fa fa-angle-right fa-fw\"><\/i>Utnytte utvikling<\/li>\n<li><i class=\"fa-li fa fa-angle-right fa-fw\"><\/i>Kilde kodeanalyse &#8211; spesielt protokollen implementerer<\/li>\n<\/ul>\n","protected":false},"excerpt":{"rendered":"<p>Garanti, ogs\u00e5 kjent som cybersecurity eller IT-sikkerhet, er beskyttelse av informasjonssystemer fra tyveri eller skade til maskinvaren, programvaren og informasjonen p\u00e5 dem, samt fra avbrudd eller misdirection tjenestene de tilbyr. Det inkluderer kontroll av fysisk tilgang til maskinvare, i tillegg til \u00e5 beskytte mot skade som kan komme via nettverk, &hellip;<\/p>\n","protected":false},"author":1,"featured_media":0,"parent":0,"menu_order":0,"comment_status":"closed","ping_status":"closed","template":"","meta":{"footnotes":""},"class_list":["post-1310","page","type-page","status-publish","hentry"],"translation":{"provider":"WPGlobus","version":"3.0.2","language":"no","enabled_languages":["en","da","de","es","fi","fr","it","hu","nl","no","pl","pt","ru","sv"],"languages":{"en":{"title":true,"content":true,"excerpt":false},"da":{"title":true,"content":true,"excerpt":false},"de":{"title":true,"content":true,"excerpt":false},"es":{"title":true,"content":true,"excerpt":false},"fi":{"title":true,"content":true,"excerpt":false},"fr":{"title":true,"content":true,"excerpt":false},"it":{"title":true,"content":true,"excerpt":false},"hu":{"title":true,"content":true,"excerpt":false},"nl":{"title":true,"content":true,"excerpt":false},"no":{"title":true,"content":true,"excerpt":false},"pl":{"title":true,"content":true,"excerpt":false},"pt":{"title":true,"content":true,"excerpt":false},"ru":{"title":true,"content":true,"excerpt":false},"sv":{"title":true,"content":true,"excerpt":false}}},"_links":{"self":[{"href":"https:\/\/evosec.eu\/no\/wp-json\/wp\/v2\/pages\/1310","targetHints":{"allow":["GET"]}}],"collection":[{"href":"https:\/\/evosec.eu\/no\/wp-json\/wp\/v2\/pages"}],"about":[{"href":"https:\/\/evosec.eu\/no\/wp-json\/wp\/v2\/types\/page"}],"author":[{"embeddable":true,"href":"https:\/\/evosec.eu\/no\/wp-json\/wp\/v2\/users\/1"}],"replies":[{"embeddable":true,"href":"https:\/\/evosec.eu\/no\/wp-json\/wp\/v2\/comments?post=1310"}],"version-history":[{"count":3,"href":"https:\/\/evosec.eu\/no\/wp-json\/wp\/v2\/pages\/1310\/revisions"}],"predecessor-version":[{"id":2136,"href":"https:\/\/evosec.eu\/no\/wp-json\/wp\/v2\/pages\/1310\/revisions\/2136"}],"wp:attachment":[{"href":"https:\/\/evosec.eu\/no\/wp-json\/wp\/v2\/media?parent=1310"}],"curies":[{"name":"wp","href":"https:\/\/api.w.org\/{rel}","templated":true}]}}