{"id":785,"date":"2014-08-16T23:08:54","date_gmt":"2014-08-16T23:08:54","guid":{"rendered":"http:\/\/evosec.eu\/?page_id=785"},"modified":"2016-09-11T00:57:42","modified_gmt":"2016-09-11T00:57:42","slug":"what-we-do","status":"publish","type":"page","link":"https:\/\/evosec.eu\/hu\/what-we-do\/","title":{"rendered":"Mit Tesz\u00fcnk"},"content":{"rendered":"<h2><a href=\"\/security\"><i class=\"fa fa-shield fa-fw\"><\/i>IT-BIZTONS\u00c1G<\/a><\/h2>\n<ul class=\"fa-ul\" style=\"list-style-type: none\">\n<li><i class=\"fa-li fa fa-angle-right fa-fw\"><\/i><a href=\"http:\/\/evosec.eu\/smbs-fast-cyber-security-checklist\/\">Gyors SMB-ellen\u0151rz\u00e9s<\/a><\/li>\n<li><i class=\"fa-li fa fa-angle-right fa-fw\"><\/i>Weboldal biztons\u00e1gi Audit<\/li>\n<li><i class=\"fa-li fa fa-angle-right fa-fw\"><\/i>H\u00e1l\u00f3zati biztons\u00e1gi Audit<\/li>\n<li><i class=\"fa-li fa fa-angle-right fa-fw\"><\/i>Kiszolg\u00e1l\u00f3 biztons\u00e1gi Audit<\/li>\n<li><i class=\"fa-li fa fa-angle-right fa-fw\"><\/i>Be\u00e1gyazott berendez\u00e9s biztons\u00e1gi Audit<\/li>\n<\/ul>\n<h2><a href=\"\/operations\"><i class=\"fa fa-heartbeat fa-fw\"><\/i>IT \u00dcZEMELTET\u00c9S<\/a><\/h2>\n<ul class=\"fa-ul\" style=\"list-style-type: none\">\n<li><i class=\"fa-li fa fa-angle-right fa-fw\"><\/i>H\u00e1l\u00f3zat\u00e9p\u00edt\u00e9s<\/li>\n<li><i class=\"fa-li fa fa-angle-right fa-fw\"><\/i>Linux szerverek<\/li>\n<li><i class=\"fa-li fa fa-angle-right fa-fw\"><\/i>Biztons\u00e1gi ment\u00e9s \/ Ransomware-proof ment\u00e9sek<\/li>\n<li><i class=\"fa-li fa fa-angle-right fa-fw\"><\/i>Nyomon websites, IP\/IP-tartom\u00e1ny, eszk\u00f6z\u00f6k, stb<\/li>\n<li><i class=\"fa-li fa fa-angle-right fa-fw\"><\/i>3. f\u00e9l\/elavult protokollok friss\u00edt\u00e9s\/integr\u00e1ci\u00f3k<\/li>\n<\/ul>\n<h2><a href=\"\/automation\"><i class=\"fa fa-cogs fa-fw\"><\/i>IT-AUTOMATIZ\u00c1L\u00c1S<\/a><\/h2>\n<ul class=\"fa-ul\" style=\"list-style-type: none\">\n<li><i class=\"fa-li fa fa-angle-right fa-fw\"><\/i>Cs\u00fasz\u00f3 elemz\u00e9si adatok<\/li>\n<li><i class=\"fa-li fa fa-angle-right fa-fw\"><\/i>Automatikus e-mailt<\/li>\n<li><i class=\"fa-li fa fa-angle-right fa-fw\"><\/i>Egyedi fejleszt\u00e9s\u0171 alkalmaz\u00e1sok, parancsf\u00e1jlok vagy megold\u00e1sok futtat\u00e1s\u00e1hoz \u00e1ltal\u00e1nosan el\u00e9rhet\u0151 be\u00e1gyazott t\u00e1bl\u00e1k &#8211; Raspberry PI, Arduino stb<\/li>\n<\/ul>\n<h2><a href=\"\/web-support\"><i class=\"fa fa-user fa-fw\"><\/i>WEB T\u00c1MOGAT\u00c1SA<\/a><\/h2>\n<ul class=\"fa-ul\" style=\"list-style-type: none\">\n<li><i class=\"fa-li fa fa-angle-right fa-fw\"><\/i>Friss\u00edt\u00e9s, a Monitor \u00e9s a jav\u00edt\u00e1s: WordPress-alap\u00fa oldalak \u00e9s dug\u00f3<\/li>\n<li><i class=\"fa-li fa fa-angle-right fa-fw\"><\/i>Friss\u00edt\u00e9s, a Monitor \u00e9s a jav\u00edt\u00e1s: Joomla alap\u00fa oldalak, dug\u00f3 \u00e9s alkatr\u00e9szek<\/li>\n<\/ul>\n<h2><a href=\"\/iot-devices-security-assessment\"><i class=\"fa fa-wifi fa-fw\"><\/i>IoT eszk\u00f6z\u00f6k biztons\u00e1gi<\/a><\/h2>\n<ul class=\"fa-ul\" style=\"list-style-type: none\">\n<li><i class=\"fa-li fa fa-angle-right fa-fw\"><\/i>Konfigur\u00e1ci\u00f3 ellen\u0151rz\u00e9se \/ \u2013 probl\u00e9mamegold\u00e1s<\/li>\n<li><i class=\"fa-li fa fa-angle-right fa-fw\"><\/i>Nem biztons\u00e1gos protokollok-sz\u00f6veges jelszavak<\/li>\n<li><i class=\"fa-li fa fa-angle-right fa-fw\"><\/i>Visszafejt\u00e9si protokollok<\/li>\n<li><i class=\"fa-li fa fa-angle-right fa-fw\"><\/i>Fix jelszavak, h\u00e1ts\u00f3ajt\u00f3, alap\u00e9rtelmezett be\u00e1ll\u00edt\u00e1sok<\/li>\n<\/ul>\n","protected":false},"excerpt":{"rendered":"<p>IT-BIZTONS\u00c1G Gyors SMB-ellen\u0151rz\u00e9s Weboldal biztons\u00e1gi Audit H\u00e1l\u00f3zati biztons\u00e1gi Audit Kiszolg\u00e1l\u00f3 biztons\u00e1gi Audit Be\u00e1gyazott berendez\u00e9s biztons\u00e1gi Audit IT \u00dcZEMELTET\u00c9S H\u00e1l\u00f3zat\u00e9p\u00edt\u00e9s Linux szerverek Biztons\u00e1gi ment\u00e9s \/ Ransomware-proof ment\u00e9sek Nyomon websites, IP\/IP-tartom\u00e1ny, eszk\u00f6z\u00f6k, stb 3. f\u00e9l\/elavult protokollok friss\u00edt\u00e9s\/integr\u00e1ci\u00f3k IT-AUTOMATIZ\u00c1L\u00c1S Cs\u00fasz\u00f3 elemz\u00e9si adatok Automatikus e-mailt Egyedi fejleszt\u00e9s\u0171 alkalmaz\u00e1sok, parancsf\u00e1jlok vagy megold\u00e1sok futtat\u00e1s\u00e1hoz \u00e1ltal\u00e1nosan el\u00e9rhet\u0151 &hellip;<\/p>\n","protected":false},"author":1,"featured_media":0,"parent":0,"menu_order":0,"comment_status":"closed","ping_status":"open","template":"","meta":{"footnotes":""},"class_list":["post-785","page","type-page","status-publish","hentry"],"translation":{"provider":"WPGlobus","version":"3.0.2","language":"hu","enabled_languages":["en","da","de","es","fi","fr","it","hu","nl","no","pl","pt","ru","sv"],"languages":{"en":{"title":true,"content":true,"excerpt":false},"da":{"title":true,"content":true,"excerpt":false},"de":{"title":true,"content":true,"excerpt":false},"es":{"title":true,"content":true,"excerpt":false},"fi":{"title":true,"content":true,"excerpt":false},"fr":{"title":true,"content":true,"excerpt":false},"it":{"title":true,"content":true,"excerpt":false},"hu":{"title":true,"content":true,"excerpt":false},"nl":{"title":true,"content":true,"excerpt":false},"no":{"title":true,"content":true,"excerpt":false},"pl":{"title":true,"content":true,"excerpt":false},"pt":{"title":true,"content":true,"excerpt":false},"ru":{"title":true,"content":true,"excerpt":false},"sv":{"title":true,"content":true,"excerpt":false}}},"_links":{"self":[{"href":"https:\/\/evosec.eu\/hu\/wp-json\/wp\/v2\/pages\/785","targetHints":{"allow":["GET"]}}],"collection":[{"href":"https:\/\/evosec.eu\/hu\/wp-json\/wp\/v2\/pages"}],"about":[{"href":"https:\/\/evosec.eu\/hu\/wp-json\/wp\/v2\/types\/page"}],"author":[{"embeddable":true,"href":"https:\/\/evosec.eu\/hu\/wp-json\/wp\/v2\/users\/1"}],"replies":[{"embeddable":true,"href":"https:\/\/evosec.eu\/hu\/wp-json\/wp\/v2\/comments?post=785"}],"version-history":[{"count":3,"href":"https:\/\/evosec.eu\/hu\/wp-json\/wp\/v2\/pages\/785\/revisions"}],"predecessor-version":[{"id":2132,"href":"https:\/\/evosec.eu\/hu\/wp-json\/wp\/v2\/pages\/785\/revisions\/2132"}],"wp:attachment":[{"href":"https:\/\/evosec.eu\/hu\/wp-json\/wp\/v2\/media?parent=785"}],"curies":[{"name":"wp","href":"https:\/\/api.w.org\/{rel}","templated":true}]}}