{"id":767,"date":"2015-01-16T23:29:16","date_gmt":"2015-01-16T23:29:16","guid":{"rendered":"http:\/\/evosec.eu\/?page_id=767"},"modified":"2017-09-08T01:08:35","modified_gmt":"2017-09-08T01:08:35","slug":"homepage","status":"publish","type":"page","link":"https:\/\/evosec.eu\/hu\/","title":{"rendered":"Szeretettel V\u00e1rjuk \u00d6nt!"},"content":{"rendered":"<div class=\"row\">\n<div class=\"col-lg-12\">\n<div class=\"panel panel-default\">\n<div class=\"panel-body\">Vagyunk egy IT tech v\u00e1llalat szakosodott megold\u00e1sokat, a kis-\u00e9s k\u00f6zepes v\u00e1llalkoz\u00e1sok egy\u00e9ni term\u00e9kek \u00e9s a szolg\u00e1ltat\u00e1sok.\u00dagy gondoljuk, hogy kis-\u00e9s k\u00f6z\u00e9pv\u00e1llalkoz\u00e1soknak van sz\u00fcks\u00e9ge, amelyek elt\u00e9rnek az is, hogy a nagy v\u00e1llalatok vagy a v\u00e1llalatok. M\u00e9gis, kis-\u00e9s k\u00f6z\u00e9pv\u00e1llalkoz\u00e1soknak mindig sz\u00fcks\u00e9g van magasan k\u00e9pzett er\u0151forr\u00e1sokat \u00e9s j\u00f3l fejlett megold\u00e1sok annak \u00e9rdek\u00e9ben, hogy minden piacon, k\u00fcl\u00f6n\u00f6sen most, amikor szinte b\u00e1rmilyen \u00fczleti \u00e1talak\u00edt\u00e1sa\/v\u00e1ltoz\u00f3 digit\u00e1lis \u00e9s tal\u00e1lkoz\u00e1s egy \u00faj vil\u00e1g, a \u00faj el\u0151ny\u00f6ket \u00e9s kih\u00edv\u00e1sokat.<\/p>\n<p>Egyik c\u00e9lunk az, hogy a kis-\u00e9s k\u00f6z\u00e9pv\u00e1llalkoz\u00e1soknak a azonos versenyk\u00e9pes el\u0151nye, hogy nagyobb szervezetek.<\/p>\n<\/div>\n<\/div>\n<\/div>\n<\/div>\n<div class=\"row\">\n<div class=\"col-xs-12 col-sm-12 col-md-6 col-lg-6\">\n<div class=\"thumbnail\"><a href=\"\/hu\/security\/\"><img decoding=\"async\" src=\"\/wp-content\/images\/security.png\" alt=\"IT-biztons\u00e1g\" \/><\/a><\/p>\n<div class=\"caption\">\n<h1><i class=\"fa fa-shield fa-fw\"><\/i>IT-biztons\u00e1g<\/h1>\n<p><a class=\"btn btn-primary\" href=\"\/hu\/security\/\">Tudjon meg t\u00f6bbet<\/a><\/div>\n<\/div>\n<\/div>\n<div class=\"col-xs-12 col-sm-12 col-md-6 col-lg-6\">\n<div class=\"thumbnail\"><a href=\"\/hu\/category\/case-studies\/it-operations\/\"><img decoding=\"async\" src=\"\/wp-content\/images\/operations.png\" alt=\"IT \u00fczemeltet\u00e9s\" \/><\/a><\/p>\n<div class=\"caption\">\n<h1><i class=\"fa fa-heartbeat fa-fw\"><\/i>IT \u00fczemeltet\u00e9s<\/h1>\n<p><a class=\"btn btn-success\" href=\"\/hu\/category\/case-studies\/it-operations\/\">Tudjon meg t\u00f6bbet<\/a>\n<\/div>\n<\/div>\n<\/div>\n<\/div>\n<div class=\"row\">\n<div class=\"col-xs-12 col-sm-12 col-md-6 col-lg-6\">\n<div class=\"thumbnail\"><a href=\"\/hu\/category\/case-studies\/automation\/\"><img decoding=\"async\" src=\"\/wp-content\/images\/automation.png\" alt=\"IT-automatiz\u00e1l\u00e1s\" \/><\/a><\/p>\n<div class=\"caption\">\n<h1><i class=\"fa fa-cogs fa-fw\"><\/i>IT-automatiz\u00e1l\u00e1s<\/h1>\n<p><a class=\"btn btn-info\" href=\"\/hu\/category\/case-studies\/automation\/\">Tudjon meg t\u00f6bbet<\/a><\/div>\n<\/div>\n<\/div>\n<div class=\"col-xs-12 col-sm-12 col-md-6 col-lg-6\">\n<div class=\"thumbnail\"><a href=\"\/hu\/category\/case-studies\/iot-security\/\"><img decoding=\"async\" src=\"\/wp-content\/images\/iot.png\" alt=\"IoT eszk\u00f6z\u00f6k\" \/><\/a><\/p>\n<div class=\"caption\">\n<h1><i class=\"fa fa-wifi fa-fw\"><\/i>IoT eszk\u00f6z\u00f6k<\/h1>\n<p><a class=\"btn btn-warning\" href=\"\/hu\/category\/case-studies\/iot-security\/\">Tudjon meg t\u00f6bbet<\/a><\/div>\n<\/div>\n<\/div>\n<\/div>\n","protected":false},"excerpt":{"rendered":"<p>Vagyunk egy IT tech v\u00e1llalat szakosodott megold\u00e1sokat, a kis-\u00e9s k\u00f6zepes v\u00e1llalkoz\u00e1sok egy\u00e9ni term\u00e9kek \u00e9s a szolg\u00e1ltat\u00e1sok.\u00dagy gondoljuk, hogy kis-\u00e9s k\u00f6z\u00e9pv\u00e1llalkoz\u00e1soknak van sz\u00fcks\u00e9ge, amelyek elt\u00e9rnek az is, hogy a nagy v\u00e1llalatok vagy a v\u00e1llalatok. M\u00e9gis, kis-\u00e9s k\u00f6z\u00e9pv\u00e1llalkoz\u00e1soknak mindig sz\u00fcks\u00e9g van magasan k\u00e9pzett er\u0151forr\u00e1sokat \u00e9s j\u00f3l fejlett megold\u00e1sok annak \u00e9rdek\u00e9ben, hogy minden &hellip;<\/p>\n","protected":false},"author":1,"featured_media":0,"parent":0,"menu_order":0,"comment_status":"closed","ping_status":"closed","template":"","meta":{"footnotes":""},"class_list":["post-767","page","type-page","status-publish","hentry"],"translation":{"provider":"WPGlobus","version":"3.0.2","language":"hu","enabled_languages":["en","da","de","es","fi","fr","it","hu","nl","no","pl","pt","ru","sv"],"languages":{"en":{"title":true,"content":true,"excerpt":false},"da":{"title":true,"content":true,"excerpt":false},"de":{"title":true,"content":true,"excerpt":false},"es":{"title":true,"content":true,"excerpt":false},"fi":{"title":true,"content":true,"excerpt":false},"fr":{"title":true,"content":true,"excerpt":false},"it":{"title":true,"content":true,"excerpt":false},"hu":{"title":true,"content":true,"excerpt":false},"nl":{"title":true,"content":true,"excerpt":false},"no":{"title":true,"content":true,"excerpt":false},"pl":{"title":true,"content":true,"excerpt":false},"pt":{"title":false,"content":false,"excerpt":false},"ru":{"title":true,"content":true,"excerpt":false},"sv":{"title":true,"content":true,"excerpt":false}}},"_links":{"self":[{"href":"https:\/\/evosec.eu\/hu\/wp-json\/wp\/v2\/pages\/767","targetHints":{"allow":["GET"]}}],"collection":[{"href":"https:\/\/evosec.eu\/hu\/wp-json\/wp\/v2\/pages"}],"about":[{"href":"https:\/\/evosec.eu\/hu\/wp-json\/wp\/v2\/types\/page"}],"author":[{"embeddable":true,"href":"https:\/\/evosec.eu\/hu\/wp-json\/wp\/v2\/users\/1"}],"replies":[{"embeddable":true,"href":"https:\/\/evosec.eu\/hu\/wp-json\/wp\/v2\/comments?post=767"}],"version-history":[{"count":3,"href":"https:\/\/evosec.eu\/hu\/wp-json\/wp\/v2\/pages\/767\/revisions"}],"predecessor-version":[{"id":1159,"href":"https:\/\/evosec.eu\/hu\/wp-json\/wp\/v2\/pages\/767\/revisions\/1159"}],"wp:attachment":[{"href":"https:\/\/evosec.eu\/hu\/wp-json\/wp\/v2\/media?parent=767"}],"curies":[{"name":"wp","href":"https:\/\/api.w.org\/{rel}","templated":true}]}}