{"id":1757,"date":"2016-05-09T22:48:35","date_gmt":"2016-05-09T22:48:35","guid":{"rendered":"https:\/\/evosec.eu\/?page_id=1757"},"modified":"2016-09-11T01:00:42","modified_gmt":"2016-09-11T01:00:42","slug":"wordpress-security-testinghardening","status":"publish","type":"page","link":"https:\/\/evosec.eu\/hu\/wordpress-security-testinghardening\/","title":{"rendered":"WordPress Biztons\u00e1gi Vizsg\u00e1lat &amp; Amp; Edz\u00e9s"},"content":{"rendered":"<p>Tett \u00f6n teszt a WordPress-alap\u00fa honlap k\u00f6z\u00f6s konfigur\u00e1ci\u00f3s probl\u00e9m\u00e1k vezethet biztons\u00e1gi fejf\u00e1j\u00e1s ellen?<br \/>\nHave you heard of <a class=\"external text\" href=\"http:\/\/en.wikipedia.org\/wiki\/Security_through_obscurity\">Security through obscurity<\/a>?<br \/>\nTudtad, hogy a \\ Mondanom sem kell mint a WordPress CMS platform van nem biztons\u00e1gi edzett a nagy m\u00e9rt\u00e9k\u0171 a dobozb\u00f3l.<br \/>\nEl\u0151fordult m\u00e1r, gondoltam, ezek k\u00f6z\u00fcl?<\/p>\n<ul>\n<li>Mindig futtassa a legfrissebb<\/li>\n<li>A h\u00e1tt\u00e9rkiszolg\u00e1l\u00f3 rendszeresen korszer\u0171s\u00edteni<\/li>\n<li>Mindig haszn\u00e1ljon megb\u00edzhat\u00f3 forr\u00e1sok, t\u00e9m\u00e1k \u00e9s dug\u00f3. Extra gondosan az ingyen t\u00e9m\u00e1k \u00e9s dug\u00f3 (mivel m\u00e1r, hogy \u00e9l, hogyan csin\u00e1lj\u00e1k?)<\/li>\n<li>Soha nem az alap\u00e9rtelmezett be\u00e1ll\u00edt\u00e1sok haszn\u00e1lata<\/li>\n<li>Cs\u00f6kkenti a hiteles\u00edt\u0151 adatokat, \u00e9s legyen \u00f3vatos felhaszn\u00e1l\u00f3i szintek<\/li>\n<li>Mindig er\u0151s jelszavakat haszn\u00e1ljunk<\/li>\n<li>A .htaccess f\u00e1jl v\u00e9delme<\/li>\n<li>Napi biztons\u00e1gi m\u00e1solat, hanem folyamatosan heti \u00e9s havi biztons\u00e1gi m\u00e1solatokat. A honlap kompromisszum esetleg \u00e9szlelni sem lehet egy nap-span, teh\u00e1t \u00f6n er\u0151 sz\u00fcks\u00e9g egy kor\u00e1bbi ment\u00e9st.<\/li>\n<\/ul>\n<p>\u00c9rdekli? Mi seg\u00edt\u00fcnk \u00d6nnek biztons\u00e1gos a weboldal, toll-teszt ez \u00e9s\/vagy szem\u00e9lyre szabott tan\u00e1csokat ad. Csak \u00edrj nek\u00fcnk: <a href=\"mailto:Office@evosec.EU\">Office@evosec.EU<\/a> vagy haszn\u00e1lja a <a href=\"\/contact\">contact section<\/a>.\n<\/p>\n<hr \/>\n<div class=\"row\" style=\"text-align:center;\">\n<img decoding=\"async\" src=\"\/wp-content\/uploads\/2016\/05\/wordpress-hacker-rgb1.jpg\" \/>\n<\/div>\n","protected":false},"excerpt":{"rendered":"<p>Tett \u00f6n teszt a WordPress-alap\u00fa honlap k\u00f6z\u00f6s konfigur\u00e1ci\u00f3s probl\u00e9m\u00e1k vezethet biztons\u00e1gi fejf\u00e1j\u00e1s ellen? Have you heard of Security through obscurity? Tudtad, hogy a \\ Mondanom sem kell mint a WordPress CMS platform van nem biztons\u00e1gi edzett a nagy m\u00e9rt\u00e9k\u0171 a dobozb\u00f3l. El\u0151fordult m\u00e1r, gondoltam, ezek k\u00f6z\u00fcl? Mindig futtassa a legfrissebb &hellip;<\/p>\n","protected":false},"author":1,"featured_media":1785,"parent":0,"menu_order":0,"comment_status":"closed","ping_status":"closed","template":"","meta":{"footnotes":""},"class_list":["post-1757","page","type-page","status-publish","has-post-thumbnail","hentry"],"translation":{"provider":"WPGlobus","version":"3.0.2","language":"hu","enabled_languages":["en","da","de","es","fi","fr","it","hu","nl","no","pl","pt","ru","sv"],"languages":{"en":{"title":true,"content":true,"excerpt":false},"da":{"title":true,"content":true,"excerpt":false},"de":{"title":true,"content":true,"excerpt":false},"es":{"title":true,"content":true,"excerpt":false},"fi":{"title":true,"content":true,"excerpt":false},"fr":{"title":true,"content":true,"excerpt":false},"it":{"title":true,"content":true,"excerpt":false},"hu":{"title":true,"content":true,"excerpt":false},"nl":{"title":true,"content":true,"excerpt":false},"no":{"title":true,"content":true,"excerpt":false},"pl":{"title":true,"content":true,"excerpt":false},"pt":{"title":true,"content":true,"excerpt":false},"ru":{"title":true,"content":true,"excerpt":false},"sv":{"title":true,"content":true,"excerpt":false}}},"_links":{"self":[{"href":"https:\/\/evosec.eu\/hu\/wp-json\/wp\/v2\/pages\/1757","targetHints":{"allow":["GET"]}}],"collection":[{"href":"https:\/\/evosec.eu\/hu\/wp-json\/wp\/v2\/pages"}],"about":[{"href":"https:\/\/evosec.eu\/hu\/wp-json\/wp\/v2\/types\/page"}],"author":[{"embeddable":true,"href":"https:\/\/evosec.eu\/hu\/wp-json\/wp\/v2\/users\/1"}],"replies":[{"embeddable":true,"href":"https:\/\/evosec.eu\/hu\/wp-json\/wp\/v2\/comments?post=1757"}],"version-history":[{"count":3,"href":"https:\/\/evosec.eu\/hu\/wp-json\/wp\/v2\/pages\/1757\/revisions"}],"predecessor-version":[{"id":2129,"href":"https:\/\/evosec.eu\/hu\/wp-json\/wp\/v2\/pages\/1757\/revisions\/2129"}],"wp:featuredmedia":[{"embeddable":true,"href":"https:\/\/evosec.eu\/hu\/wp-json\/wp\/v2\/media\/1785"}],"wp:attachment":[{"href":"https:\/\/evosec.eu\/hu\/wp-json\/wp\/v2\/media?parent=1757"}],"curies":[{"name":"wp","href":"https:\/\/api.w.org\/{rel}","templated":true}]}}