{"id":1640,"date":"2016-03-23T20:45:27","date_gmt":"2016-03-23T20:45:27","guid":{"rendered":"https:\/\/evosec.eu\/?page_id=1640"},"modified":"2016-09-11T01:05:18","modified_gmt":"2016-09-11T01:05:18","slug":"ransomware-prevention-backup","status":"publish","type":"page","link":"https:\/\/evosec.eu\/hu\/ransomware-prevention-backup\/","title":{"rendered":"Ransomware-megel\u0151z\u00e9s: Ransom-Proof Ment\u00e9sek"},"content":{"rendered":"<div class=\"row\">\n<img decoding=\"async\" src=\"\/\/evosec.eu\/wp-content\/uploads\/2016\/03\/ransomware.jpg\" alt=\"Ransomware\" class=\"aligncenter img-responsive\" \/>\n<\/div>\n<div class=\"row\">\nM\u00e9rn\u00f6keink kifejlesztett\u00fcnk egy megold\u00e1st, hogy fut-ra Linux, de m\u0171k\u00f6dik mind a Windows \u00e9s a Linux-alap\u00fa h\u00e1l\u00f3zatok. Itt van n\u00e9h\u00e1ny jellemz\u0151je megold\u00e1sunk, t\u00f6k\u00e9letesen alkalmazkodni SMB networks:<\/p>\n<ul>\n<li>Teljesen automatiz\u00e1lt<\/li>\n<li>\u00d6sszeegyeztethet\u0151-val Windows-os megoszt\u00e1sok<\/li>\n<li>Lehet\u0151s\u00e9get, hogy \u00e1ll\u00edtsa vissza az id\u0151ben<\/li>\n<li>\u00dctemezett friss\u00edt\u00e9sek, a biztons\u00e1gi ment\u00e9sek<\/li>\n<li>A Windows-alap\u00fa t\u00e1mad\u00e1sok \u00e9s a Windows-r\u00e9szv\u00e9nyek t\u00e1mad\u00e1sok Imune<\/li>\n<li>Lehet teljesen z\u00e1rt le, nehogy megs\u00e9r\u00fclj\u00f6n a biztons\u00e1gi ment\u00e9sek<\/li>\n<li>Lehet szabni az egyedi alkalmaz\u00e1sok, vagy integr\u00e1lhat\u00f3 m\u00e1s<\/li>\n<li>Is haszn\u00e1lhat\u00f3, a helysz\u00edni ment\u00e9sek, hanem a biztons\u00e1gos, t\u00e1voli, t\u00e1voli-telek h\u00e1t<\/li>\n<\/ul>\n<h4>Ha \u00e9rdekelt, k\u00e9rj\u00fck ne habozzon <a href=\"\/contact\/\">l\u00e9pjen kapcsolatba vel\u00fcnk<\/a><\/h4>\n<\/div>\n","protected":false},"excerpt":{"rendered":"<p>M\u00e9rn\u00f6keink kifejlesztett\u00fcnk egy megold\u00e1st, hogy fut-ra Linux, de m\u0171k\u00f6dik mind a Windows \u00e9s a Linux-alap\u00fa h\u00e1l\u00f3zatok. Itt van n\u00e9h\u00e1ny jellemz\u0151je megold\u00e1sunk, t\u00f6k\u00e9letesen alkalmazkodni SMB networks: Teljesen automatiz\u00e1lt \u00d6sszeegyeztethet\u0151-val Windows-os megoszt\u00e1sok Lehet\u0151s\u00e9get, hogy \u00e1ll\u00edtsa vissza az id\u0151ben \u00dctemezett friss\u00edt\u00e9sek, a biztons\u00e1gi ment\u00e9sek A Windows-alap\u00fa t\u00e1mad\u00e1sok \u00e9s a Windows-r\u00e9szv\u00e9nyek t\u00e1mad\u00e1sok Imune Lehet &hellip;<\/p>\n","protected":false},"author":1,"featured_media":0,"parent":0,"menu_order":0,"comment_status":"closed","ping_status":"closed","template":"","meta":{"footnotes":""},"class_list":["post-1640","page","type-page","status-publish","hentry"],"translation":{"provider":"WPGlobus","version":"3.0.2","language":"hu","enabled_languages":["en","da","de","es","fi","fr","it","hu","nl","no","pl","pt","ru","sv"],"languages":{"en":{"title":true,"content":true,"excerpt":false},"da":{"title":true,"content":true,"excerpt":false},"de":{"title":true,"content":true,"excerpt":false},"es":{"title":true,"content":true,"excerpt":false},"fi":{"title":true,"content":true,"excerpt":false},"fr":{"title":true,"content":true,"excerpt":false},"it":{"title":true,"content":true,"excerpt":false},"hu":{"title":true,"content":true,"excerpt":false},"nl":{"title":true,"content":true,"excerpt":false},"no":{"title":true,"content":true,"excerpt":false},"pl":{"title":true,"content":true,"excerpt":false},"pt":{"title":true,"content":true,"excerpt":false},"ru":{"title":true,"content":true,"excerpt":false},"sv":{"title":true,"content":true,"excerpt":false}}},"_links":{"self":[{"href":"https:\/\/evosec.eu\/hu\/wp-json\/wp\/v2\/pages\/1640","targetHints":{"allow":["GET"]}}],"collection":[{"href":"https:\/\/evosec.eu\/hu\/wp-json\/wp\/v2\/pages"}],"about":[{"href":"https:\/\/evosec.eu\/hu\/wp-json\/wp\/v2\/types\/page"}],"author":[{"embeddable":true,"href":"https:\/\/evosec.eu\/hu\/wp-json\/wp\/v2\/users\/1"}],"replies":[{"embeddable":true,"href":"https:\/\/evosec.eu\/hu\/wp-json\/wp\/v2\/comments?post=1640"}],"version-history":[{"count":3,"href":"https:\/\/evosec.eu\/hu\/wp-json\/wp\/v2\/pages\/1640\/revisions"}],"predecessor-version":[{"id":2131,"href":"https:\/\/evosec.eu\/hu\/wp-json\/wp\/v2\/pages\/1640\/revisions\/2131"}],"wp:attachment":[{"href":"https:\/\/evosec.eu\/hu\/wp-json\/wp\/v2\/media?parent=1640"}],"curies":[{"name":"wp","href":"https:\/\/api.w.org\/{rel}","templated":true}]}}