{"id":1380,"date":"2015-12-16T18:35:15","date_gmt":"2015-12-16T18:35:15","guid":{"rendered":"http:\/\/evosec.eu\/?page_id=1380"},"modified":"2016-09-11T00:55:24","modified_gmt":"2016-09-11T00:55:24","slug":"smbs-fast-cyber-security-checklist","status":"publish","type":"page","link":"https:\/\/evosec.eu\/hu\/smbs-fast-cyber-security-checklist\/","title":{"rendered":"Kis-\u00e9s K\u00f6z\u00e9pv\u00e1llalkoz\u00e1soknak Gyors Sz\u00e1m\u00edt\u00f3g\u00e9pes Biztons\u00e1gi Ellen\u0151rz\u0151list\u00e1ja"},"content":{"rendered":"<p>Mi seg\u00edt, forduljon, vagy c\u00e9ge sz\u00e1m\u00e1ra a k\u00f6vetkez\u0151:<\/p>\n<ol>\n<li>V\u00e9delem ellen v\u00edrus, spyware, malware \u00e9s m\u00e1s kaj\u00e1n k\u00f3d vagy alkalmaz\u00e1sok<\/li>\n<li>Biztons\u00e1gos h\u00e1l\u00f3zat, k\u00fcl\u00f6n\u00f6sen a WiFi-h\u00e1l\u00f3zatok<\/li>\n<li>Legjobb gyakorlatok \u00e9s politik\u00e1k l\u00e9tre \u00e9s \u00e9rz\u00e9keny\/\u00e9rt\u00e9kes adatainak v\u00e9delme<\/li>\n<li>Nevel\u0151 \u00e9s tudatos\u00edtj\u00e1k az alkalmazottak cyberthreats, a mi k\u00fcls\u0151 v\u00e1llalata<\/li>\n<li>H\u00e1t, h\u00e1t bels\u0151 \u00e9s k\u00fcls\u0151 h\u00e1t (igen, h\u00e1rmas biztons\u00e1gi m\u00e1solat, bel\u00fcl, bel\u00fcl \u00e9s k\u00edv\u00fcl a t\u00e1rsas\u00e1g)<\/li>\n<li>Fizikai hozz\u00e1f\u00e9r\u00e9s a sz\u00e1m\u00edt\u00f3g\u00e9pek, a paduc \u00e9s egy\u00e9b eszk\u00f6z\u00f6k, a v\u00e1llalat \u00e1ltal haszn\u00e1lt<\/li>\n<li>Mobil eszk\u00f6z\u00f6k, hogy a saj\u00e1t eszk\u00f6z: cselekv\u00e9si terv, biztons\u00e1g vezet\u00e9s, biztons\u00e1g apps, elveszett eszk\u00f6z\u00f6k, \u00e9rz\u00e9keny adatok titkos\u00edt\u00e1sa<\/li>\n<li>\u00c1llami n\u00e9z\u0151 webhelyek: v\u00e9delem, \u00e9rz\u00e9keny adatokhoz val\u00f3 illet\u00e9ktelen hozz\u00e1f\u00e9r\u00e9s, alkalmaz\u00e1sok biztons\u00e1ga<\/li>\n<\/ol>\n","protected":false},"excerpt":{"rendered":"<p>Mi seg\u00edt, forduljon, vagy c\u00e9ge sz\u00e1m\u00e1ra a k\u00f6vetkez\u0151: V\u00e9delem ellen v\u00edrus, spyware, malware \u00e9s m\u00e1s kaj\u00e1n k\u00f3d vagy alkalmaz\u00e1sok Biztons\u00e1gos h\u00e1l\u00f3zat, k\u00fcl\u00f6n\u00f6sen a WiFi-h\u00e1l\u00f3zatok Legjobb gyakorlatok \u00e9s politik\u00e1k l\u00e9tre \u00e9s \u00e9rz\u00e9keny\/\u00e9rt\u00e9kes adatainak v\u00e9delme Nevel\u0151 \u00e9s tudatos\u00edtj\u00e1k az alkalmazottak cyberthreats, a mi k\u00fcls\u0151 v\u00e1llalata H\u00e1t, h\u00e1t bels\u0151 \u00e9s k\u00fcls\u0151 h\u00e1t (igen, &hellip;<\/p>\n","protected":false},"author":1,"featured_media":0,"parent":0,"menu_order":0,"comment_status":"closed","ping_status":"closed","template":"","meta":{"footnotes":""},"class_list":["post-1380","page","type-page","status-publish","hentry"],"translation":{"provider":"WPGlobus","version":"3.0.2","language":"hu","enabled_languages":["en","da","de","es","fi","fr","it","hu","nl","no","pl","pt","ru","sv"],"languages":{"en":{"title":true,"content":true,"excerpt":false},"da":{"title":true,"content":true,"excerpt":false},"de":{"title":true,"content":true,"excerpt":false},"es":{"title":true,"content":true,"excerpt":false},"fi":{"title":true,"content":true,"excerpt":false},"fr":{"title":true,"content":true,"excerpt":false},"it":{"title":true,"content":true,"excerpt":false},"hu":{"title":true,"content":true,"excerpt":false},"nl":{"title":true,"content":true,"excerpt":false},"no":{"title":true,"content":true,"excerpt":false},"pl":{"title":true,"content":true,"excerpt":false},"pt":{"title":true,"content":true,"excerpt":false},"ru":{"title":true,"content":true,"excerpt":false},"sv":{"title":true,"content":true,"excerpt":false}}},"_links":{"self":[{"href":"https:\/\/evosec.eu\/hu\/wp-json\/wp\/v2\/pages\/1380","targetHints":{"allow":["GET"]}}],"collection":[{"href":"https:\/\/evosec.eu\/hu\/wp-json\/wp\/v2\/pages"}],"about":[{"href":"https:\/\/evosec.eu\/hu\/wp-json\/wp\/v2\/types\/page"}],"author":[{"embeddable":true,"href":"https:\/\/evosec.eu\/hu\/wp-json\/wp\/v2\/users\/1"}],"replies":[{"embeddable":true,"href":"https:\/\/evosec.eu\/hu\/wp-json\/wp\/v2\/comments?post=1380"}],"version-history":[{"count":3,"href":"https:\/\/evosec.eu\/hu\/wp-json\/wp\/v2\/pages\/1380\/revisions"}],"predecessor-version":[{"id":2134,"href":"https:\/\/evosec.eu\/hu\/wp-json\/wp\/v2\/pages\/1380\/revisions\/2134"}],"wp:attachment":[{"href":"https:\/\/evosec.eu\/hu\/wp-json\/wp\/v2\/media?parent=1380"}],"curies":[{"name":"wp","href":"https:\/\/api.w.org\/{rel}","templated":true}]}}