{"id":1315,"date":"2015-12-10T19:45:23","date_gmt":"2015-12-10T19:45:23","guid":{"rendered":"http:\/\/evosec.eu\/?page_id=1315"},"modified":"2016-09-11T00:58:36","modified_gmt":"2016-09-11T00:58:36","slug":"web-support","status":"publish","type":"page","link":"https:\/\/evosec.eu\/hu\/web-support\/","title":{"rendered":"WEB T\u00e1mogat\u00e1sa &amp; Amp; Biztons\u00e1gi WEBSites&#8217;"},"content":{"rendered":"<ul class=\"fa-ul\" style=\"list-style-type: none;\">\n<li><i class=\"fa-li fa fa-angle-right fa-fw\"><\/i>Friss\u00edt\u00e9s, a Monitor \u00e9s a jav\u00edt\u00e1s: WordPress-alap\u00fa oldalak \u00e9s dug\u00f3<\/li>\n<li><i class=\"fa-li fa fa-angle-right fa-fw\"><\/i>Friss\u00edt\u00e9s, a Monitor \u00e9s a jav\u00edt\u00e1s: Joomla alap\u00fa oldalak, dug\u00f3 \u00e9s alkatr\u00e9szek<\/li>\n<li><i class=\"fa-li fa fa-angle-right fa-fw\"><\/i>Linux-alap\u00fa kiszolg\u00e1l\u00f3k t\u00e1mogat\u00e1sa (egyszer\u0171, \u00f6sszetett, dedik\u00e1lt, nem fel\u00fcgyelt, Intel vagy m\u00e1s platformokon)<\/li>\n<li><i class=\"fa-li fa fa-angle-right fa-fw\"><\/i>Idegen r\u00e1di\u00f3ad\u00e1st figyel r\u00e9sz\u00e9re defacements &#8211; v\u00e1ltoz\u00e1sok, a honlap vagy landingpage, m\u00e1s oldalak<\/li>\n<li><i class=\"fa-li fa fa-angle-right fa-fw\"><\/i>Keres\u00e9s a SQLi (SQL injekci\u00f3) Biztons\u00e1gi r\u00e9s, amely \u00e9rz\u00e9keny adat rakt\u00e1rozott-ba adatb\u00e1zis a webhely vagy weboldal backend ki<\/li>\n<li><i class=\"fa-li fa fa-angle-right fa-fw\"><\/i>Keres\u00e9s a bizalmas inform\u00e1ci\u00f3kat, dokumentumokat, vagy m\u00e1s kapcsol\u00f3d\u00f3 inform\u00e1ci\u00f3k kit\u00e9ve, mivel a improprer weboldal vagy szerver konfigur\u00e1ci\u00f3<\/li>\n<\/ul>\n","protected":false},"excerpt":{"rendered":"<p>Friss\u00edt\u00e9s, a Monitor \u00e9s a jav\u00edt\u00e1s: WordPress-alap\u00fa oldalak \u00e9s dug\u00f3 Friss\u00edt\u00e9s, a Monitor \u00e9s a jav\u00edt\u00e1s: Joomla alap\u00fa oldalak, dug\u00f3 \u00e9s alkatr\u00e9szek Linux-alap\u00fa kiszolg\u00e1l\u00f3k t\u00e1mogat\u00e1sa (egyszer\u0171, \u00f6sszetett, dedik\u00e1lt, nem fel\u00fcgyelt, Intel vagy m\u00e1s platformokon) Idegen r\u00e1di\u00f3ad\u00e1st figyel r\u00e9sz\u00e9re defacements &#8211; v\u00e1ltoz\u00e1sok, a honlap vagy landingpage, m\u00e1s oldalak Keres\u00e9s a SQLi &hellip;<\/p>\n","protected":false},"author":1,"featured_media":0,"parent":0,"menu_order":0,"comment_status":"closed","ping_status":"closed","template":"","meta":{"footnotes":""},"class_list":["post-1315","page","type-page","status-publish","hentry"],"translation":{"provider":"WPGlobus","version":"3.0.2","language":"hu","enabled_languages":["en","da","de","es","fi","fr","it","hu","nl","no","pl","pt","ru","sv"],"languages":{"en":{"title":true,"content":true,"excerpt":false},"da":{"title":true,"content":true,"excerpt":false},"de":{"title":true,"content":true,"excerpt":false},"es":{"title":true,"content":true,"excerpt":false},"fi":{"title":true,"content":true,"excerpt":false},"fr":{"title":true,"content":true,"excerpt":false},"it":{"title":true,"content":true,"excerpt":false},"hu":{"title":true,"content":true,"excerpt":false},"nl":{"title":true,"content":true,"excerpt":false},"no":{"title":true,"content":true,"excerpt":false},"pl":{"title":true,"content":true,"excerpt":false},"pt":{"title":true,"content":true,"excerpt":false},"ru":{"title":true,"content":true,"excerpt":false},"sv":{"title":true,"content":true,"excerpt":false}}},"_links":{"self":[{"href":"https:\/\/evosec.eu\/hu\/wp-json\/wp\/v2\/pages\/1315","targetHints":{"allow":["GET"]}}],"collection":[{"href":"https:\/\/evosec.eu\/hu\/wp-json\/wp\/v2\/pages"}],"about":[{"href":"https:\/\/evosec.eu\/hu\/wp-json\/wp\/v2\/types\/page"}],"author":[{"embeddable":true,"href":"https:\/\/evosec.eu\/hu\/wp-json\/wp\/v2\/users\/1"}],"replies":[{"embeddable":true,"href":"https:\/\/evosec.eu\/hu\/wp-json\/wp\/v2\/comments?post=1315"}],"version-history":[{"count":3,"href":"https:\/\/evosec.eu\/hu\/wp-json\/wp\/v2\/pages\/1315\/revisions"}],"predecessor-version":[{"id":2135,"href":"https:\/\/evosec.eu\/hu\/wp-json\/wp\/v2\/pages\/1315\/revisions\/2135"}],"wp:attachment":[{"href":"https:\/\/evosec.eu\/hu\/wp-json\/wp\/v2\/media?parent=1315"}],"curies":[{"name":"wp","href":"https:\/\/api.w.org\/{rel}","templated":true}]}}