{"id":767,"date":"2015-01-16T23:29:16","date_gmt":"2015-01-16T23:29:16","guid":{"rendered":"http:\/\/evosec.eu\/?page_id=767"},"modified":"2017-09-08T01:08:35","modified_gmt":"2017-09-08T01:08:35","slug":"homepage","status":"publish","type":"page","link":"https:\/\/evosec.eu\/fr\/","title":{"rendered":"Nous Vous Accueillons\u00a0!"},"content":{"rendered":"<div class=\"row\">\n<div class=\"col-lg-12\">\n<div class=\"panel panel-default\">\n<div class=\"panel-body\">Nous sommes une entreprise de technologie informatique, sp\u00e9cialis\u00e9e dans la fourniture de services, solutions et produits sur mesure pour les PME-PMI.Nous pensons que PME\/PMI ont il besoins qui diff\u00e8rent de celles n\u00e9cessitant des grandes entreprises ou des soci\u00e9t\u00e9s. Pourtant, PME\/PMI encore besoin de ressources hautement qualifi\u00e9es et bien d\u00e9velopp\u00e9 des solutions afin d\u2019\u00eatre comp\u00e9titifs dans n\u2019importe quel march\u00e9, surtout maintenant, quand presque n\u2019importe quelle entreprise est transformer\/transfert vers le num\u00e9rique et rencontrer un nouveau monde, avec nouveaux avantages et d\u00e9fis.<\/p>\n<p>Un de nos objectifs est de fournir des PME\/PMI avec les m\u00eames avantages concurrentiels qui ont de grandes organisations.<\/p>\n<\/div>\n<\/div>\n<\/div>\n<\/div>\n<div class=\"row\">\n<div class=\"col-xs-12 col-sm-12 col-md-6 col-lg-6\">\n<div class=\"thumbnail\"><a href=\"\/fr\/security\/\"><img decoding=\"async\" src=\"\/wp-content\/images\/security.png\" alt=\"S\u00e9curit\u00e9 des TI\" \/><\/a><\/p>\n<div class=\"caption\">\n<h1><i class=\"fa fa-shield fa-fw\"><\/i>S\u00e9curit\u00e9 des TI<\/h1>\n<p><a class=\"btn btn-primary\" href=\"\/fr\/security\/\">En savoir plus<\/a><\/div>\n<\/div>\n<\/div>\n<div class=\"col-xs-12 col-sm-12 col-md-6 col-lg-6\">\n<div class=\"thumbnail\"><a href=\"\/fr\/category\/case-studies\/it-operations\/\"><img decoding=\"async\" src=\"\/wp-content\/images\/operations.png\" alt=\"Op\u00e9rations informatiques\" \/><\/a><\/p>\n<div class=\"caption\">\n<h1><i class=\"fa fa-heartbeat fa-fw\"><\/i>Op\u00e9rations informatiques<\/h1>\n<p><a class=\"btn btn-success\" href=\"\/fr\/category\/case-studies\/it-operations\/\">En savoir plus<\/a>\n<\/div>\n<\/div>\n<\/div>\n<\/div>\n<div class=\"row\">\n<div class=\"col-xs-12 col-sm-12 col-md-6 col-lg-6\">\n<div class=\"thumbnail\"><a href=\"\/fr\/category\/case-studies\/automation\/\"><img decoding=\"async\" src=\"\/wp-content\/images\/automation.png\" alt=\"INFORMATIQUE bureautique\" \/><\/a><\/p>\n<div class=\"caption\">\n<h1><i class=\"fa fa-cogs fa-fw\"><\/i>INFORMATIQUE bureautique<\/h1>\n<p><a class=\"btn btn-info\" href=\"\/fr\/category\/case-studies\/automation\/\">En savoir plus<\/a><\/div>\n<\/div>\n<\/div>\n<div class=\"col-xs-12 col-sm-12 col-md-6 col-lg-6\">\n<div class=\"thumbnail\"><a href=\"\/fr\/category\/case-studies\/iot-security\/\"><img decoding=\"async\" src=\"\/wp-content\/images\/iot.png\" alt=\"Dispositifs d\u2019Ito\" \/><\/a><\/p>\n<div class=\"caption\">\n<h1><i class=\"fa fa-wifi fa-fw\"><\/i>Dispositifs d\u2019Ito<\/h1>\n<p><a class=\"btn btn-warning\" href=\"\/fr\/category\/case-studies\/iot-security\/\">En savoir plus<\/a><\/div>\n<\/div>\n<\/div>\n<\/div>\n","protected":false},"excerpt":{"rendered":"<p>Nous sommes une entreprise de technologie informatique, sp\u00e9cialis\u00e9e dans la fourniture de services, solutions et produits sur mesure pour les PME-PMI.Nous pensons que PME\/PMI ont il besoins qui diff\u00e8rent de celles n\u00e9cessitant des grandes entreprises ou des soci\u00e9t\u00e9s. Pourtant, PME\/PMI encore besoin de ressources hautement qualifi\u00e9es et bien d\u00e9velopp\u00e9 des &hellip;<\/p>\n","protected":false},"author":1,"featured_media":0,"parent":0,"menu_order":0,"comment_status":"closed","ping_status":"closed","template":"","meta":{"footnotes":""},"class_list":["post-767","page","type-page","status-publish","hentry"],"translation":{"provider":"WPGlobus","version":"3.0.2","language":"fr","enabled_languages":["en","da","de","es","fi","fr","it","hu","nl","no","pl","pt","ru","sv"],"languages":{"en":{"title":true,"content":true,"excerpt":false},"da":{"title":true,"content":true,"excerpt":false},"de":{"title":true,"content":true,"excerpt":false},"es":{"title":true,"content":true,"excerpt":false},"fi":{"title":true,"content":true,"excerpt":false},"fr":{"title":true,"content":true,"excerpt":false},"it":{"title":true,"content":true,"excerpt":false},"hu":{"title":true,"content":true,"excerpt":false},"nl":{"title":true,"content":true,"excerpt":false},"no":{"title":true,"content":true,"excerpt":false},"pl":{"title":true,"content":true,"excerpt":false},"pt":{"title":false,"content":false,"excerpt":false},"ru":{"title":true,"content":true,"excerpt":false},"sv":{"title":true,"content":true,"excerpt":false}}},"_links":{"self":[{"href":"https:\/\/evosec.eu\/fr\/wp-json\/wp\/v2\/pages\/767","targetHints":{"allow":["GET"]}}],"collection":[{"href":"https:\/\/evosec.eu\/fr\/wp-json\/wp\/v2\/pages"}],"about":[{"href":"https:\/\/evosec.eu\/fr\/wp-json\/wp\/v2\/types\/page"}],"author":[{"embeddable":true,"href":"https:\/\/evosec.eu\/fr\/wp-json\/wp\/v2\/users\/1"}],"replies":[{"embeddable":true,"href":"https:\/\/evosec.eu\/fr\/wp-json\/wp\/v2\/comments?post=767"}],"version-history":[{"count":3,"href":"https:\/\/evosec.eu\/fr\/wp-json\/wp\/v2\/pages\/767\/revisions"}],"predecessor-version":[{"id":1159,"href":"https:\/\/evosec.eu\/fr\/wp-json\/wp\/v2\/pages\/767\/revisions\/1159"}],"wp:attachment":[{"href":"https:\/\/evosec.eu\/fr\/wp-json\/wp\/v2\/media?parent=767"}],"curies":[{"name":"wp","href":"https:\/\/api.w.org\/{rel}","templated":true}]}}