{"id":1757,"date":"2016-05-09T22:48:35","date_gmt":"2016-05-09T22:48:35","guid":{"rendered":"https:\/\/evosec.eu\/?page_id=1757"},"modified":"2016-09-11T01:00:42","modified_gmt":"2016-09-11T01:00:42","slug":"wordpress-security-testinghardening","status":"publish","type":"page","link":"https:\/\/evosec.eu\/fr\/wordpress-security-testinghardening\/","title":{"rendered":"Tests De S\u00e9curit\u00e9 WordPress &amp; Amp\u00a0; Durcissement"},"content":{"rendered":"<p>Avez-vous test\u00e9 votre site bas\u00e9 sur WordPress contre les probl\u00e8mes de configuration courants qui pourrait conduire \u00e0 des maux de t\u00eate de s\u00e9curit\u00e9\u00a0?<br \/>\nHave you heard of <a class=\"external text\" href=\"http:\/\/en.wikipedia.org\/wiki\/Security_through_obscurity\">Security through obscurity<\/a>?<br \/>\nSaviez-vous que \u00ab\u00a0Riches en fonctionnalit\u00e9s\u00a0\u00bb peut aussi \u00eatre \u00ab\u00a0Riches en vuln\u00e9rabilit\u00e9s\u00a0\u00bb\u00a0? Inutile de pr\u00e9ciser que les plates-formes CMS comme WordPress ne sont pas s\u00e9curit\u00e9 renforc\u00e9e en grande partie hors de la bo\u00eete.<br \/>\nAvez-vous pens\u00e9 de celles-ci\u00a0?<\/p>\n<ul>\n<li>Toujours ex\u00e9cuter la derni\u00e8re version<\/li>\n<li>R\u00e9guli\u00e8rement \u00e0 jour votre backend<\/li>\n<li>Utilisez toujours des sources fiables pour les th\u00e8mes et plugins. \u00catre extra avec soin sur les th\u00e8mes gratuits et plugins (\u00e9tant donn\u00e9 qu\u2019ils doivent faire de leur vie, comment font-ils il\u00a0?)<\/li>\n<li>Ne jamais utiliser les param\u00e8tres par d\u00e9faut<\/li>\n<li>R\u00e9duire les informations d\u2019identification et soyez prudent sur les niveaux de l\u2019utilisateur<\/li>\n<li>Utilisez toujours des mots de passe forts<\/li>\n<li>Prot\u00e9ger le fichier .htaccess<\/li>\n<li>Sauvegarde de tous les jours, mais aussi des sauvegardes hebdomadaires et mensuels. Un compromis site pas pourront \u00eatre d\u00e9tect\u00e9 que dans un laps de jours, alors vous pourriez avoir besoin d\u2019une ancienne sauvegarde.<\/li>\n<\/ul>\n<p>Int\u00e9ress\u00e9\u00a0? Nous pouvons vous aider \u00e0 s\u00e9curiser votre site Web, stylo-test il et\/ou donner des conseils personnalis\u00e9s. Simplement nous laisser un message \u00e0 <a href=\"mailto:Office@evosec.eu\">Office@evosec.eu<\/a> ou utilisez le <a href=\"\/contact\">contact section<\/a>.\n<\/p>\n<hr \/>\n<div class=\"row\" style=\"text-align:center;\">\n<img decoding=\"async\" src=\"\/wp-content\/uploads\/2016\/05\/wordpress-hacker-rgb1.jpg\" \/>\n<\/div>\n","protected":false},"excerpt":{"rendered":"<p>Avez-vous test\u00e9 votre site bas\u00e9 sur WordPress contre les probl\u00e8mes de configuration courants qui pourrait conduire \u00e0 des maux de t\u00eate de s\u00e9curit\u00e9\u00a0? Have you heard of Security through obscurity? Saviez-vous que \u00ab\u00a0Riches en fonctionnalit\u00e9s\u00a0\u00bb peut aussi \u00eatre \u00ab\u00a0Riches en vuln\u00e9rabilit\u00e9s\u00a0\u00bb\u00a0? Inutile de pr\u00e9ciser que les plates-formes CMS comme WordPress &hellip;<\/p>\n","protected":false},"author":1,"featured_media":1785,"parent":0,"menu_order":0,"comment_status":"closed","ping_status":"closed","template":"","meta":{"footnotes":""},"class_list":["post-1757","page","type-page","status-publish","has-post-thumbnail","hentry"],"translation":{"provider":"WPGlobus","version":"3.0.2","language":"fr","enabled_languages":["en","da","de","es","fi","fr","it","hu","nl","no","pl","pt","ru","sv"],"languages":{"en":{"title":true,"content":true,"excerpt":false},"da":{"title":true,"content":true,"excerpt":false},"de":{"title":true,"content":true,"excerpt":false},"es":{"title":true,"content":true,"excerpt":false},"fi":{"title":true,"content":true,"excerpt":false},"fr":{"title":true,"content":true,"excerpt":false},"it":{"title":true,"content":true,"excerpt":false},"hu":{"title":true,"content":true,"excerpt":false},"nl":{"title":true,"content":true,"excerpt":false},"no":{"title":true,"content":true,"excerpt":false},"pl":{"title":true,"content":true,"excerpt":false},"pt":{"title":true,"content":true,"excerpt":false},"ru":{"title":true,"content":true,"excerpt":false},"sv":{"title":true,"content":true,"excerpt":false}}},"_links":{"self":[{"href":"https:\/\/evosec.eu\/fr\/wp-json\/wp\/v2\/pages\/1757","targetHints":{"allow":["GET"]}}],"collection":[{"href":"https:\/\/evosec.eu\/fr\/wp-json\/wp\/v2\/pages"}],"about":[{"href":"https:\/\/evosec.eu\/fr\/wp-json\/wp\/v2\/types\/page"}],"author":[{"embeddable":true,"href":"https:\/\/evosec.eu\/fr\/wp-json\/wp\/v2\/users\/1"}],"replies":[{"embeddable":true,"href":"https:\/\/evosec.eu\/fr\/wp-json\/wp\/v2\/comments?post=1757"}],"version-history":[{"count":3,"href":"https:\/\/evosec.eu\/fr\/wp-json\/wp\/v2\/pages\/1757\/revisions"}],"predecessor-version":[{"id":2129,"href":"https:\/\/evosec.eu\/fr\/wp-json\/wp\/v2\/pages\/1757\/revisions\/2129"}],"wp:featuredmedia":[{"embeddable":true,"href":"https:\/\/evosec.eu\/fr\/wp-json\/wp\/v2\/media\/1785"}],"wp:attachment":[{"href":"https:\/\/evosec.eu\/fr\/wp-json\/wp\/v2\/media?parent=1757"}],"curies":[{"name":"wp","href":"https:\/\/api.w.org\/{rel}","templated":true}]}}