{"id":1640,"date":"2016-03-23T20:45:27","date_gmt":"2016-03-23T20:45:27","guid":{"rendered":"https:\/\/evosec.eu\/?page_id=1640"},"modified":"2016-09-11T01:05:18","modified_gmt":"2016-09-11T01:05:18","slug":"ransomware-prevention-backup","status":"publish","type":"page","link":"https:\/\/evosec.eu\/fr\/ransomware-prevention-backup\/","title":{"rendered":"Ransomware-pr\u00e9vention\u00a0: Les Sauvegardes De Ran\u00e7on-Proof"},"content":{"rendered":"<div class=\"row\">\n<img decoding=\"async\" src=\"\/\/evosec.eu\/wp-content\/uploads\/2016\/03\/ransomware.jpg\" alt=\"Ransomware\" class=\"aligncenter img-responsive\" \/>\n<\/div>\n<div class=\"row\">\nNos ing\u00e9nieurs ont mis au point une solution qui fonctionne sur Linux, mais fonctionne aussi bien pour les r\u00e9seaux bas\u00e9s sur Linux et de Windows. Voici quelques caract\u00e9ristiques de notre solution, parfaitement adaptable aux r\u00e9seaux SMB\u00a0:<\/p>\n<ul>\n<li>Enti\u00e8rement automatis\u00e9<\/li>\n<li>Compatible avec les partages Windows<\/li>\n<li>Possibilit\u00e9 de faire reculer dans le temps<\/li>\n<li>Mises \u00e0 jour planifi\u00e9es des sauvegardes<\/li>\n<li>Imune aux attaques bas\u00e9es sur Windows et Windows-actions<\/li>\n<li>Peut \u00eatre compl\u00e8tement verrouill\u00e9e vers le bas, afin d\u2019\u00e9viter tout dommage pour les sauvegardes<\/li>\n<li>Peuvent \u00eatre adapt\u00e9s \u00e0 des applications sp\u00e9cifiques, ou peut \u00eatre int\u00e9gr\u00e9 avec d\u2019autres<\/li>\n<li>Peut \u00eatre utilis\u00e9 pour les sauvegardes sur place, mais aussi pour les sauvegardes s\u00e9curis\u00e9es, distantes et hors site<\/li>\n<\/ul>\n<h4>Si vous \u00eates int\u00e9ress\u00e9, n\u2019h\u00e9sitez pas \u00e0 <a href=\"\/contact\/\">Contactez-nous<\/a><\/h4>\n<\/div>\n","protected":false},"excerpt":{"rendered":"<p>Nos ing\u00e9nieurs ont mis au point une solution qui fonctionne sur Linux, mais fonctionne aussi bien pour les r\u00e9seaux bas\u00e9s sur Linux et de Windows. Voici quelques caract\u00e9ristiques de notre solution, parfaitement adaptable aux r\u00e9seaux SMB\u00a0: Enti\u00e8rement automatis\u00e9 Compatible avec les partages Windows Possibilit\u00e9 de faire reculer dans le temps &hellip;<\/p>\n","protected":false},"author":1,"featured_media":0,"parent":0,"menu_order":0,"comment_status":"closed","ping_status":"closed","template":"","meta":{"footnotes":""},"class_list":["post-1640","page","type-page","status-publish","hentry"],"translation":{"provider":"WPGlobus","version":"3.0.2","language":"fr","enabled_languages":["en","da","de","es","fi","fr","it","hu","nl","no","pl","pt","ru","sv"],"languages":{"en":{"title":true,"content":true,"excerpt":false},"da":{"title":true,"content":true,"excerpt":false},"de":{"title":true,"content":true,"excerpt":false},"es":{"title":true,"content":true,"excerpt":false},"fi":{"title":true,"content":true,"excerpt":false},"fr":{"title":true,"content":true,"excerpt":false},"it":{"title":true,"content":true,"excerpt":false},"hu":{"title":true,"content":true,"excerpt":false},"nl":{"title":true,"content":true,"excerpt":false},"no":{"title":true,"content":true,"excerpt":false},"pl":{"title":true,"content":true,"excerpt":false},"pt":{"title":true,"content":true,"excerpt":false},"ru":{"title":true,"content":true,"excerpt":false},"sv":{"title":true,"content":true,"excerpt":false}}},"_links":{"self":[{"href":"https:\/\/evosec.eu\/fr\/wp-json\/wp\/v2\/pages\/1640","targetHints":{"allow":["GET"]}}],"collection":[{"href":"https:\/\/evosec.eu\/fr\/wp-json\/wp\/v2\/pages"}],"about":[{"href":"https:\/\/evosec.eu\/fr\/wp-json\/wp\/v2\/types\/page"}],"author":[{"embeddable":true,"href":"https:\/\/evosec.eu\/fr\/wp-json\/wp\/v2\/users\/1"}],"replies":[{"embeddable":true,"href":"https:\/\/evosec.eu\/fr\/wp-json\/wp\/v2\/comments?post=1640"}],"version-history":[{"count":3,"href":"https:\/\/evosec.eu\/fr\/wp-json\/wp\/v2\/pages\/1640\/revisions"}],"predecessor-version":[{"id":2131,"href":"https:\/\/evosec.eu\/fr\/wp-json\/wp\/v2\/pages\/1640\/revisions\/2131"}],"wp:attachment":[{"href":"https:\/\/evosec.eu\/fr\/wp-json\/wp\/v2\/media?parent=1640"}],"curies":[{"name":"wp","href":"https:\/\/api.w.org\/{rel}","templated":true}]}}