{"id":1380,"date":"2015-12-16T18:35:15","date_gmt":"2015-12-16T18:35:15","guid":{"rendered":"http:\/\/evosec.eu\/?page_id=1380"},"modified":"2016-09-11T00:55:24","modified_gmt":"2016-09-11T00:55:24","slug":"smbs-fast-cyber-security-checklist","status":"publish","type":"page","link":"https:\/\/evosec.eu\/fr\/smbs-fast-cyber-security-checklist\/","title":{"rendered":"PME\/PMI Rapide Cyber Security Checklist"},"content":{"rendered":"<p>Nous pouvons aider, consultez ou fournir \u00e0 votre entreprise par ce qui suit\u00a0:<\/p>\n<ol>\n<li>Protection contre les virus, spyware, malware et autres programmes malveillants ou applications<\/li>\n<li>Prot\u00e9gez vos r\u00e9seaux, en particulier vos r\u00e9seaux WiFi<\/li>\n<li>\u00c9tablir des politiques et des pratiques exemplaires et prot\u00e9gez vos informations sensibles\/pr\u00e9cieux<\/li>\n<li>\u00c9duquer et sensibiliser vos employ\u00e9s sur les cybermenaces, dans notre ext\u00e9rieur votre entreprise<\/li>\n<li>Sauvegarde, sauvegarde interne et externe (Oui, triple sauvegarde, dans les limites \u00e0 l\u2019int\u00e9rieur et ext\u00e9rieur de votre entreprise)<\/li>\n<li>Acc\u00e8s physique aux ordinateurs, SNS et autres appareils utilis\u00e9s par votre entreprise<\/li>\n<li>P\u00e9riph\u00e9riques mobile\/apportez votre propre appareil\u00a0: plan d\u2019action, gestion de la s\u00e9curit\u00e9, applications de s\u00e9curit\u00e9, appareils perdus, cryptage des donn\u00e9es sensibles<\/li>\n<li>Sites Web tourn\u00e9 vers le public\u00a0: protection, divulgation d\u2019informations sensibles, s\u00e9curit\u00e9 des applications<\/li>\n<\/ol>\n","protected":false},"excerpt":{"rendered":"<p>Nous pouvons aider, consultez ou fournir \u00e0 votre entreprise par ce qui suit\u00a0: Protection contre les virus, spyware, malware et autres programmes malveillants ou applications Prot\u00e9gez vos r\u00e9seaux, en particulier vos r\u00e9seaux WiFi \u00c9tablir des politiques et des pratiques exemplaires et prot\u00e9gez vos informations sensibles\/pr\u00e9cieux \u00c9duquer et sensibiliser vos employ\u00e9s &hellip;<\/p>\n","protected":false},"author":1,"featured_media":0,"parent":0,"menu_order":0,"comment_status":"closed","ping_status":"closed","template":"","meta":{"footnotes":""},"class_list":["post-1380","page","type-page","status-publish","hentry"],"translation":{"provider":"WPGlobus","version":"3.0.2","language":"fr","enabled_languages":["en","da","de","es","fi","fr","it","hu","nl","no","pl","pt","ru","sv"],"languages":{"en":{"title":true,"content":true,"excerpt":false},"da":{"title":true,"content":true,"excerpt":false},"de":{"title":true,"content":true,"excerpt":false},"es":{"title":true,"content":true,"excerpt":false},"fi":{"title":true,"content":true,"excerpt":false},"fr":{"title":true,"content":true,"excerpt":false},"it":{"title":true,"content":true,"excerpt":false},"hu":{"title":true,"content":true,"excerpt":false},"nl":{"title":true,"content":true,"excerpt":false},"no":{"title":true,"content":true,"excerpt":false},"pl":{"title":true,"content":true,"excerpt":false},"pt":{"title":true,"content":true,"excerpt":false},"ru":{"title":true,"content":true,"excerpt":false},"sv":{"title":true,"content":true,"excerpt":false}}},"_links":{"self":[{"href":"https:\/\/evosec.eu\/fr\/wp-json\/wp\/v2\/pages\/1380","targetHints":{"allow":["GET"]}}],"collection":[{"href":"https:\/\/evosec.eu\/fr\/wp-json\/wp\/v2\/pages"}],"about":[{"href":"https:\/\/evosec.eu\/fr\/wp-json\/wp\/v2\/types\/page"}],"author":[{"embeddable":true,"href":"https:\/\/evosec.eu\/fr\/wp-json\/wp\/v2\/users\/1"}],"replies":[{"embeddable":true,"href":"https:\/\/evosec.eu\/fr\/wp-json\/wp\/v2\/comments?post=1380"}],"version-history":[{"count":3,"href":"https:\/\/evosec.eu\/fr\/wp-json\/wp\/v2\/pages\/1380\/revisions"}],"predecessor-version":[{"id":2134,"href":"https:\/\/evosec.eu\/fr\/wp-json\/wp\/v2\/pages\/1380\/revisions\/2134"}],"wp:attachment":[{"href":"https:\/\/evosec.eu\/fr\/wp-json\/wp\/v2\/media?parent=1380"}],"curies":[{"name":"wp","href":"https:\/\/api.w.org\/{rel}","templated":true}]}}