{"id":1315,"date":"2015-12-10T19:45:23","date_gmt":"2015-12-10T19:45:23","guid":{"rendered":"http:\/\/evosec.eu\/?page_id=1315"},"modified":"2016-09-11T00:58:36","modified_gmt":"2016-09-11T00:58:36","slug":"web-support","status":"publish","type":"page","link":"https:\/\/evosec.eu\/fr\/web-support\/","title":{"rendered":"Support WEB &amp; Amp\u00a0; S\u00e9curit\u00e9 Des Sites Web"},"content":{"rendered":"<ul class=\"fa-ul\" style=\"list-style-type: none;\">\n<li><i class=\"fa-li fa fa-angle-right fa-fw\"><\/i>Mise \u00e0 jour, de moniteurs et de Patch\u00a0: Plugins &#038; Sites bas\u00e9 sur WordPress<\/li>\n<li><i class=\"fa-li fa fa-angle-right fa-fw\"><\/i>Mise \u00e0 jour, de moniteurs et de Patch\u00a0: Composants, Plugins et des Sites Joomla<\/li>\n<li><i class=\"fa-li fa fa-angle-right fa-fw\"><\/i>Prise en charge de serveurs Linux (simple, complexe, d\u00e9di\u00e9, non manag\u00e9e, Intel ou autres plates-formes)<\/li>\n<li><i class=\"fa-li fa fa-angle-right fa-fw\"><\/i>Moniteur pour d\u00e9gradations &#8211; modifications d\u2019une page d\u2019accueil\/landingpage\/autres pages<\/li>\n<li><i class=\"fa-li fa fa-angle-right fa-fw\"><\/i>Recherche de SQLi (Injections SQL) Vuln\u00e9rabilit\u00e9s qui peuvent exposer des donn\u00e9es sensibles stock\u00e9es dans la base de donn\u00e9es de votre site Web ou le backend du site<\/li>\n<li><i class=\"fa-li fa fa-angle-right fa-fw\"><\/i>Recherche de renseignements de nature d\u00e9licate, documents ou autres informations expos\u00e9es en raison de la configuration de site Web ou du serveur improprer connexes<\/li>\n<\/ul>\n","protected":false},"excerpt":{"rendered":"<p>Mise \u00e0 jour, de moniteurs et de Patch\u00a0: Plugins &#038; Sites bas\u00e9 sur WordPress Mise \u00e0 jour, de moniteurs et de Patch\u00a0: Composants, Plugins et des Sites Joomla Prise en charge de serveurs Linux (simple, complexe, d\u00e9di\u00e9, non manag\u00e9e, Intel ou autres plates-formes) Moniteur pour d\u00e9gradations &#8211; modifications d\u2019une page &hellip;<\/p>\n","protected":false},"author":1,"featured_media":0,"parent":0,"menu_order":0,"comment_status":"closed","ping_status":"closed","template":"","meta":{"footnotes":""},"class_list":["post-1315","page","type-page","status-publish","hentry"],"translation":{"provider":"WPGlobus","version":"3.0.2","language":"fr","enabled_languages":["en","da","de","es","fi","fr","it","hu","nl","no","pl","pt","ru","sv"],"languages":{"en":{"title":true,"content":true,"excerpt":false},"da":{"title":true,"content":true,"excerpt":false},"de":{"title":true,"content":true,"excerpt":false},"es":{"title":true,"content":true,"excerpt":false},"fi":{"title":true,"content":true,"excerpt":false},"fr":{"title":true,"content":true,"excerpt":false},"it":{"title":true,"content":true,"excerpt":false},"hu":{"title":true,"content":true,"excerpt":false},"nl":{"title":true,"content":true,"excerpt":false},"no":{"title":true,"content":true,"excerpt":false},"pl":{"title":true,"content":true,"excerpt":false},"pt":{"title":true,"content":true,"excerpt":false},"ru":{"title":true,"content":true,"excerpt":false},"sv":{"title":true,"content":true,"excerpt":false}}},"_links":{"self":[{"href":"https:\/\/evosec.eu\/fr\/wp-json\/wp\/v2\/pages\/1315","targetHints":{"allow":["GET"]}}],"collection":[{"href":"https:\/\/evosec.eu\/fr\/wp-json\/wp\/v2\/pages"}],"about":[{"href":"https:\/\/evosec.eu\/fr\/wp-json\/wp\/v2\/types\/page"}],"author":[{"embeddable":true,"href":"https:\/\/evosec.eu\/fr\/wp-json\/wp\/v2\/users\/1"}],"replies":[{"embeddable":true,"href":"https:\/\/evosec.eu\/fr\/wp-json\/wp\/v2\/comments?post=1315"}],"version-history":[{"count":3,"href":"https:\/\/evosec.eu\/fr\/wp-json\/wp\/v2\/pages\/1315\/revisions"}],"predecessor-version":[{"id":2135,"href":"https:\/\/evosec.eu\/fr\/wp-json\/wp\/v2\/pages\/1315\/revisions\/2135"}],"wp:attachment":[{"href":"https:\/\/evosec.eu\/fr\/wp-json\/wp\/v2\/media?parent=1315"}],"curies":[{"name":"wp","href":"https:\/\/api.w.org\/{rel}","templated":true}]}}