{"id":785,"date":"2014-08-16T23:08:54","date_gmt":"2014-08-16T23:08:54","guid":{"rendered":"http:\/\/evosec.eu\/?page_id=785"},"modified":"2016-09-11T00:57:42","modified_gmt":"2016-09-11T00:57:42","slug":"what-we-do","status":"publish","type":"page","link":"https:\/\/evosec.eu\/fi\/what-we-do\/","title":{"rendered":"Mit\u00e4 Teemme"},"content":{"rendered":"<h2><a href=\"\/security\"><i class=\"fa fa-shield fa-fw\"><\/i>TIETOTURVA<\/a><\/h2>\n<ul class=\"fa-ul\" style=\"list-style-type: none\">\n<li><i class=\"fa-li fa fa-angle-right fa-fw\"><\/i><a href=\"http:\/\/evosec.eu\/smbs-fast-cyber-security-checklist\/\">Nopea SMB uloskirjautuminen<\/a><\/li>\n<li><i class=\"fa-li fa fa-angle-right fa-fw\"><\/i>Security Audit sivustot<\/li>\n<li><i class=\"fa-li fa fa-angle-right fa-fw\"><\/i>Network Security Audit<\/li>\n<li><i class=\"fa-li fa fa-angle-right fa-fw\"><\/i>Server Security Audit<\/li>\n<li><i class=\"fa-li fa fa-angle-right fa-fw\"><\/i>Sulautetun laitteen suojauksen valvontaa<\/li>\n<\/ul>\n<h2><a href=\"\/operations\"><i class=\"fa fa-heartbeat fa-fw\"><\/i>IT-TOIMINTOJEN<\/a><\/h2>\n<ul class=\"fa-ul\" style=\"list-style-type: none\">\n<li><i class=\"fa-li fa fa-angle-right fa-fw\"><\/i>Verkostoituminen<\/li>\n<li><i class=\"fa-li fa fa-angle-right fa-fw\"><\/i>Linux-palvelimet<\/li>\n<li><i class=\"fa-li fa fa-angle-right fa-fw\"><\/i>Varmuuskopiot \/ Ransomware-proof varmuuskopiot<\/li>\n<li><i class=\"fa-li fa fa-angle-right fa-fw\"><\/i>Seuranta sivustot, IPs\/osoitealueessa, laitteet, jne<\/li>\n<li><i class=\"fa-li fa fa-angle-right fa-fw\"><\/i>3rd party\/vanhentunut p\u00f6yt\u00e4kirjat p\u00e4ivitys\/integraatiot<\/li>\n<\/ul>\n<h2><a href=\"\/automation\"><i class=\"fa fa-cogs fa-fw\"><\/i>SE AUTOMAATIO<\/a><\/h2>\n<ul class=\"fa-ul\" style=\"list-style-type: none\">\n<li><i class=\"fa-li fa fa-angle-right fa-fw\"><\/i>Tietojen selaaminen ja j\u00e4sennys<\/li>\n<li><i class=\"fa-li fa fa-angle-right fa-fw\"><\/i>Automaattisen s\u00e4hk\u00f6postien<\/li>\n<li><i class=\"fa-li fa fa-angle-right fa-fw\"><\/i>Mukautetun kehitetty sovelluksia komentosarjoja tai ratkaisuja voidaan suorittaa yleisesti saatavilla upotettu levyt &#8211; vadelma PI Arduino jne<\/li>\n<\/ul>\n<h2><a href=\"\/web-support\"><i class=\"fa fa-user fa-fw\"><\/i>WEB-TUKI<\/a><\/h2>\n<ul class=\"fa-ul\" style=\"list-style-type: none\">\n<li><i class=\"fa-li fa fa-angle-right fa-fw\"><\/i>N\u00e4ytt\u00f6 &#038; Patch P\u00e4ivit\u00e4: WordPress-pohjaisia sivustoja ja Plugins<\/li>\n<li><i class=\"fa-li fa fa-angle-right fa-fw\"><\/i>N\u00e4ytt\u00f6 &#038; Patch P\u00e4ivit\u00e4: Joomla-pohjaisia sivustoja, Plugins ja komponentit<\/li>\n<\/ul>\n<h2><a href=\"\/iot-devices-security-assessment\"><i class=\"fa fa-wifi fa-fw\"><\/i>IoT laitteiden turvallisuus<\/a><\/h2>\n<ul class=\"fa-ul\" style=\"list-style-type: none\">\n<li><i class=\"fa-li fa fa-angle-right fa-fw\"><\/i>Kokoonpano uloskirjautuminen, vianm\u00e4\u00e4ritys<\/li>\n<li><i class=\"fa-li fa fa-angle-right fa-fw\"><\/i>Vakuudettomien teksti-protokollia salasanat<\/li>\n<li><i class=\"fa-li fa fa-angle-right fa-fw\"><\/i>Ep\u00e4onni-j\u00e4rjest\u00e4en p\u00f6yt\u00e4kirjat<\/li>\n<li><i class=\"fa-li fa fa-angle-right fa-fw\"><\/i>Kiinte\u00e4 salasanat, takaportteja, oletusasetukset<\/li>\n<\/ul>\n","protected":false},"excerpt":{"rendered":"<p>TIETOTURVA Nopea SMB uloskirjautuminen Security Audit sivustot Network Security Audit Server Security Audit Sulautetun laitteen suojauksen valvontaa IT-TOIMINTOJEN Verkostoituminen Linux-palvelimet Varmuuskopiot \/ Ransomware-proof varmuuskopiot Seuranta sivustot, IPs\/osoitealueessa, laitteet, jne 3rd party\/vanhentunut p\u00f6yt\u00e4kirjat p\u00e4ivitys\/integraatiot SE AUTOMAATIO Tietojen selaaminen ja j\u00e4sennys Automaattisen s\u00e4hk\u00f6postien Mukautetun kehitetty sovelluksia komentosarjoja tai ratkaisuja voidaan suorittaa yleisesti &hellip;<\/p>\n","protected":false},"author":1,"featured_media":0,"parent":0,"menu_order":0,"comment_status":"closed","ping_status":"open","template":"","meta":{"footnotes":""},"class_list":["post-785","page","type-page","status-publish","hentry"],"translation":{"provider":"WPGlobus","version":"3.0.2","language":"fi","enabled_languages":["en","da","de","es","fi","fr","it","hu","nl","no","pl","pt","ru","sv"],"languages":{"en":{"title":true,"content":true,"excerpt":false},"da":{"title":true,"content":true,"excerpt":false},"de":{"title":true,"content":true,"excerpt":false},"es":{"title":true,"content":true,"excerpt":false},"fi":{"title":true,"content":true,"excerpt":false},"fr":{"title":true,"content":true,"excerpt":false},"it":{"title":true,"content":true,"excerpt":false},"hu":{"title":true,"content":true,"excerpt":false},"nl":{"title":true,"content":true,"excerpt":false},"no":{"title":true,"content":true,"excerpt":false},"pl":{"title":true,"content":true,"excerpt":false},"pt":{"title":true,"content":true,"excerpt":false},"ru":{"title":true,"content":true,"excerpt":false},"sv":{"title":true,"content":true,"excerpt":false}}},"_links":{"self":[{"href":"https:\/\/evosec.eu\/fi\/wp-json\/wp\/v2\/pages\/785","targetHints":{"allow":["GET"]}}],"collection":[{"href":"https:\/\/evosec.eu\/fi\/wp-json\/wp\/v2\/pages"}],"about":[{"href":"https:\/\/evosec.eu\/fi\/wp-json\/wp\/v2\/types\/page"}],"author":[{"embeddable":true,"href":"https:\/\/evosec.eu\/fi\/wp-json\/wp\/v2\/users\/1"}],"replies":[{"embeddable":true,"href":"https:\/\/evosec.eu\/fi\/wp-json\/wp\/v2\/comments?post=785"}],"version-history":[{"count":3,"href":"https:\/\/evosec.eu\/fi\/wp-json\/wp\/v2\/pages\/785\/revisions"}],"predecessor-version":[{"id":2132,"href":"https:\/\/evosec.eu\/fi\/wp-json\/wp\/v2\/pages\/785\/revisions\/2132"}],"wp:attachment":[{"href":"https:\/\/evosec.eu\/fi\/wp-json\/wp\/v2\/media?parent=785"}],"curies":[{"name":"wp","href":"https:\/\/api.w.org\/{rel}","templated":true}]}}