{"id":767,"date":"2015-01-16T23:29:16","date_gmt":"2015-01-16T23:29:16","guid":{"rendered":"http:\/\/evosec.eu\/?page_id=767"},"modified":"2017-09-08T01:08:35","modified_gmt":"2017-09-08T01:08:35","slug":"homepage","status":"publish","type":"page","link":"https:\/\/evosec.eu\/fi\/","title":{"rendered":"Tervetuloa!"},"content":{"rendered":"<div class=\"row\">\n<div class=\"col-lg-12\">\n<div class=\"panel panel-default\">\n<div class=\"panel-body\">Olemme IT-tech yritys, erikoistunut tarjoamaan palveluja, ratkaisuja ja mukautettuja tuotteita pk-yrityksi\u00e4.Olemme sit\u00e4 mielt\u00e4, ett\u00e4 pk on se tarpeet ovat erilaiset kuin itse, ett\u00e4 suuret yritykset tai yritykset. Kuitenkin pk viel\u00e4 ammattitaitoisia resursseja ja hyvin kehittyneet ratkaisut voidakseen kilpailla markkinoilla, varsinkin nyt, kun l\u00e4hes kaikki kaupan on muuttaa\/siirt\u00e4\u00e4 digitaaliseen ja kohdata uuden maailman uusia etuja ja haasteita.<\/p>\n<p>Yksi tavoitteistamme on tarjota pk sama kilpailuetuja, ett\u00e4 suurissa organisaatioissa on.<\/p>\n<\/div>\n<\/div>\n<\/div>\n<\/div>\n<div class=\"row\">\n<div class=\"col-xs-12 col-sm-12 col-md-6 col-lg-6\">\n<div class=\"thumbnail\"><a href=\"\/security\/\"><img decoding=\"async\" src=\"\/wp-content\/images\/security.png\" alt=\"Tietoturva\" \/><\/a><\/p>\n<div class=\"caption\">\n<h1><i class=\"fa fa-shield fa-fw\"><\/i>Tietoturva<\/h1>\n<p><a class=\"btn btn-primary\" href=\"\/security\/\">Lue lis\u00e4\u00e4<\/a><\/div>\n<\/div>\n<\/div>\n<div class=\"col-xs-12 col-sm-12 col-md-6 col-lg-6\">\n<div class=\"thumbnail\"><a href=\"\/operations\/\"><img decoding=\"async\" src=\"\/wp-content\/images\/operations.png\" alt=\"IT-toimintojen\" \/><\/a><\/p>\n<div class=\"caption\">\n<h1><i class=\"fa fa-heartbeat fa-fw\"><\/i>IT-toimintojen<\/h1>\n<p><a class=\"btn btn-success\" href=\"\/category\/case-studies\/it-operations\/\">Lue lis\u00e4\u00e4<\/a>\n<\/div>\n<\/div>\n<\/div>\n<\/div>\n<div class=\"row\">\n<div class=\"col-xs-12 col-sm-12 col-md-6 col-lg-6\">\n<div class=\"thumbnail\"><a href=\"\/automation\/\"><img decoding=\"async\" src=\"\/wp-content\/images\/automation.png\" alt=\"SE automaatio\" \/><\/a><\/p>\n<div class=\"caption\">\n<h1><i class=\"fa fa-cogs fa-fw\"><\/i>SE automaatio<\/h1>\n<p><a class=\"btn btn-info\" href=\"\/category\/case-studies\/automation\/\">Lue lis\u00e4\u00e4<\/a><\/div>\n<\/div>\n<\/div>\n<div class=\"col-xs-12 col-sm-12 col-md-6 col-lg-6\">\n<div class=\"thumbnail\"><a href=\"\/iot-devices-security-assessment\/\"><img decoding=\"async\" src=\"\/wp-content\/images\/iot.png\" alt=\"IoT laitteet\" \/><\/a><\/p>\n<div class=\"caption\">\n<h1><i class=\"fa fa-wifi fa-fw\"><\/i>IoT laitteet<\/h1>\n<p><a class=\"btn btn-warning\" href=\"\/category\/case-studies\/iot-security\/\">Lue lis\u00e4\u00e4<\/a><\/div>\n<\/div>\n<\/div>\n<\/div>\n","protected":false},"excerpt":{"rendered":"<p>Olemme IT-tech yritys, erikoistunut tarjoamaan palveluja, ratkaisuja ja mukautettuja tuotteita pk-yrityksi\u00e4.Olemme sit\u00e4 mielt\u00e4, ett\u00e4 pk on se tarpeet ovat erilaiset kuin itse, ett\u00e4 suuret yritykset tai yritykset. Kuitenkin pk viel\u00e4 ammattitaitoisia resursseja ja hyvin kehittyneet ratkaisut voidakseen kilpailla markkinoilla, varsinkin nyt, kun l\u00e4hes kaikki kaupan on muuttaa\/siirt\u00e4\u00e4 digitaaliseen ja kohdata &hellip;<\/p>\n","protected":false},"author":1,"featured_media":0,"parent":0,"menu_order":0,"comment_status":"closed","ping_status":"closed","template":"","meta":{"footnotes":""},"class_list":["post-767","page","type-page","status-publish","hentry"],"translation":{"provider":"WPGlobus","version":"3.0.2","language":"fi","enabled_languages":["en","da","de","es","fi","fr","it","hu","nl","no","pl","pt","ru","sv"],"languages":{"en":{"title":true,"content":true,"excerpt":false},"da":{"title":true,"content":true,"excerpt":false},"de":{"title":true,"content":true,"excerpt":false},"es":{"title":true,"content":true,"excerpt":false},"fi":{"title":true,"content":true,"excerpt":false},"fr":{"title":true,"content":true,"excerpt":false},"it":{"title":true,"content":true,"excerpt":false},"hu":{"title":true,"content":true,"excerpt":false},"nl":{"title":true,"content":true,"excerpt":false},"no":{"title":true,"content":true,"excerpt":false},"pl":{"title":true,"content":true,"excerpt":false},"pt":{"title":false,"content":false,"excerpt":false},"ru":{"title":true,"content":true,"excerpt":false},"sv":{"title":true,"content":true,"excerpt":false}}},"_links":{"self":[{"href":"https:\/\/evosec.eu\/fi\/wp-json\/wp\/v2\/pages\/767","targetHints":{"allow":["GET"]}}],"collection":[{"href":"https:\/\/evosec.eu\/fi\/wp-json\/wp\/v2\/pages"}],"about":[{"href":"https:\/\/evosec.eu\/fi\/wp-json\/wp\/v2\/types\/page"}],"author":[{"embeddable":true,"href":"https:\/\/evosec.eu\/fi\/wp-json\/wp\/v2\/users\/1"}],"replies":[{"embeddable":true,"href":"https:\/\/evosec.eu\/fi\/wp-json\/wp\/v2\/comments?post=767"}],"version-history":[{"count":3,"href":"https:\/\/evosec.eu\/fi\/wp-json\/wp\/v2\/pages\/767\/revisions"}],"predecessor-version":[{"id":1159,"href":"https:\/\/evosec.eu\/fi\/wp-json\/wp\/v2\/pages\/767\/revisions\/1159"}],"wp:attachment":[{"href":"https:\/\/evosec.eu\/fi\/wp-json\/wp\/v2\/media?parent=767"}],"curies":[{"name":"wp","href":"https:\/\/api.w.org\/{rel}","templated":true}]}}