{"id":1757,"date":"2016-05-09T22:48:35","date_gmt":"2016-05-09T22:48:35","guid":{"rendered":"https:\/\/evosec.eu\/?page_id=1757"},"modified":"2016-09-11T01:00:42","modified_gmt":"2016-09-11T01:00:42","slug":"wordpress-security-testinghardening","status":"publish","type":"page","link":"https:\/\/evosec.eu\/fi\/wordpress-security-testinghardening\/","title":{"rendered":"WordPress Turvallisuuden Testaus &amp; Amp; Kovettuminen"},"content":{"rendered":"<p>Valmis te koek\u00e4ytt\u00e4\u00e4 WordPress-pohjainen sivusto vastaan yleiset m\u00e4\u00e4ritysongelmat, joka voi johtaa turvallisuus p\u00e4\u00e4ns\u00e4rky\u00e4?<br \/>\nHave you heard of <a class=\"external text\" href=\"http:\/\/en.wikipedia.org\/wiki\/Security_through_obscurity\">Security through obscurity<\/a>?<br \/>\nTiesitk\u00f6, ett\u00e4 \\ Tietysti CMS-j\u00e4rjestelmien, kuten WordPress ovat ei turvallisuus-karkaistu suuressa m\u00e4\u00e4rin k\u00e4ttelyss\u00e4.<br \/>\nKoskaan ajatellut niist\u00e4?<\/p>\n<ul>\n<li>Aina ajaa viimeist\u00e4\u00e4n k\u00e4\u00e4nn\u00f6s<\/li>\n<li>P\u00e4ivit\u00e4 backend s\u00e4\u00e4nn\u00f6llisesti<\/li>\n<li>K\u00e4yt\u00e4 aina luotettavien l\u00e4hteiden teemoja ja plugins. Olla erityisen huolellisesti siit\u00e4 vapaan teemoja ja ampua (koska heill\u00e4 on tehd\u00e4 elantonsa, miten he tekev\u00e4t sen?)<\/li>\n<li>\u00c4l\u00e4 koskaan K\u00e4yt\u00e4 oletusasetuksia<\/li>\n<li>V\u00e4hent\u00e4\u00e4 tunnistetiedot ja olla varovainen k\u00e4ytt\u00e4j\u00e4tasot<\/li>\n<li>K\u00e4yt\u00e4 aina vahvoja salasanoja<\/li>\n<li>.Htaccess-tiedoston suojaaminen<\/li>\n<li>Varmuuskopio p\u00e4ivitt\u00e4in, mutta my\u00f6s pit\u00e4\u00e4 viikoittain ja kuukausittain varmuuskopiot. Verkkosivuilla kompromissi voisi ei havaittu p\u00e4iv\u00e4n span, joten ehk\u00e4 vanha varmuuskopio.<\/li>\n<\/ul>\n<p>Kiinnostunut? Voimme auttaa sinua suojata sivuston, kyn\u00e4-testi, se ja\/tai antaa r\u00e4\u00e4t\u00e4l\u00f6ityj\u00e4 neuvoja. Vain pudottaa meid\u00e4t linja <a href=\"mailto:Office@evosec.EU\">Office@evosec.EU<\/a> tai k\u00e4ytt\u00e4\u00e4 <a href=\"\/contact\">contact section<\/a>.\n<\/p>\n<hr \/>\n<div class=\"row\" style=\"text-align:center;\">\n<img decoding=\"async\" src=\"\/wp-content\/uploads\/2016\/05\/wordpress-hacker-rgb1.jpg\" \/>\n<\/div>\n","protected":false},"excerpt":{"rendered":"<p>Valmis te koek\u00e4ytt\u00e4\u00e4 WordPress-pohjainen sivusto vastaan yleiset m\u00e4\u00e4ritysongelmat, joka voi johtaa turvallisuus p\u00e4\u00e4ns\u00e4rky\u00e4? Have you heard of Security through obscurity? Tiesitk\u00f6, ett\u00e4 \\ Tietysti CMS-j\u00e4rjestelmien, kuten WordPress ovat ei turvallisuus-karkaistu suuressa m\u00e4\u00e4rin k\u00e4ttelyss\u00e4. Koskaan ajatellut niist\u00e4? Aina ajaa viimeist\u00e4\u00e4n k\u00e4\u00e4nn\u00f6s P\u00e4ivit\u00e4 backend s\u00e4\u00e4nn\u00f6llisesti K\u00e4yt\u00e4 aina luotettavien l\u00e4hteiden teemoja ja plugins. &hellip;<\/p>\n","protected":false},"author":1,"featured_media":1785,"parent":0,"menu_order":0,"comment_status":"closed","ping_status":"closed","template":"","meta":{"footnotes":""},"class_list":["post-1757","page","type-page","status-publish","has-post-thumbnail","hentry"],"translation":{"provider":"WPGlobus","version":"3.0.2","language":"fi","enabled_languages":["en","da","de","es","fi","fr","it","hu","nl","no","pl","pt","ru","sv"],"languages":{"en":{"title":true,"content":true,"excerpt":false},"da":{"title":true,"content":true,"excerpt":false},"de":{"title":true,"content":true,"excerpt":false},"es":{"title":true,"content":true,"excerpt":false},"fi":{"title":true,"content":true,"excerpt":false},"fr":{"title":true,"content":true,"excerpt":false},"it":{"title":true,"content":true,"excerpt":false},"hu":{"title":true,"content":true,"excerpt":false},"nl":{"title":true,"content":true,"excerpt":false},"no":{"title":true,"content":true,"excerpt":false},"pl":{"title":true,"content":true,"excerpt":false},"pt":{"title":true,"content":true,"excerpt":false},"ru":{"title":true,"content":true,"excerpt":false},"sv":{"title":true,"content":true,"excerpt":false}}},"_links":{"self":[{"href":"https:\/\/evosec.eu\/fi\/wp-json\/wp\/v2\/pages\/1757","targetHints":{"allow":["GET"]}}],"collection":[{"href":"https:\/\/evosec.eu\/fi\/wp-json\/wp\/v2\/pages"}],"about":[{"href":"https:\/\/evosec.eu\/fi\/wp-json\/wp\/v2\/types\/page"}],"author":[{"embeddable":true,"href":"https:\/\/evosec.eu\/fi\/wp-json\/wp\/v2\/users\/1"}],"replies":[{"embeddable":true,"href":"https:\/\/evosec.eu\/fi\/wp-json\/wp\/v2\/comments?post=1757"}],"version-history":[{"count":3,"href":"https:\/\/evosec.eu\/fi\/wp-json\/wp\/v2\/pages\/1757\/revisions"}],"predecessor-version":[{"id":2129,"href":"https:\/\/evosec.eu\/fi\/wp-json\/wp\/v2\/pages\/1757\/revisions\/2129"}],"wp:featuredmedia":[{"embeddable":true,"href":"https:\/\/evosec.eu\/fi\/wp-json\/wp\/v2\/media\/1785"}],"wp:attachment":[{"href":"https:\/\/evosec.eu\/fi\/wp-json\/wp\/v2\/media?parent=1757"}],"curies":[{"name":"wp","href":"https:\/\/api.w.org\/{rel}","templated":true}]}}