{"id":1640,"date":"2016-03-23T20:45:27","date_gmt":"2016-03-23T20:45:27","guid":{"rendered":"https:\/\/evosec.eu\/?page_id=1640"},"modified":"2016-09-11T01:05:18","modified_gmt":"2016-09-11T01:05:18","slug":"ransomware-prevention-backup","status":"publish","type":"page","link":"https:\/\/evosec.eu\/fi\/ransomware-prevention-backup\/","title":{"rendered":"Ransomware-ehk\u00e4isy: Lunnaat-Proof Varmuuskopiot"},"content":{"rendered":"<div class=\"row\">\n<img decoding=\"async\" src=\"\/\/evosec.eu\/wp-content\/uploads\/2016\/03\/ransomware.jpg\" alt=\"Ransomware\" class=\"aligncenter img-responsive\" \/>\n<\/div>\n<div class=\"row\">\nSuunnitteluosastomme ovat kehitt\u00e4neet ratkaisu, joka toimii Linux, mutta toimii sek\u00e4 Windows ja Linux-pohjaisissa verkoissa. Seuraavassa on muutamia ominaisuuksia ratkaisumme t\u00e4ysin mukautettavissa SMB-verkkoihin:<\/p>\n<ul>\n<li>T\u00e4ysin automatisoitu<\/li>\n<li>Yhteensopiva Windows osakkeita<\/li>\n<li>Mahdollisuus vet\u00e4yty\u00e4 ajoissa<\/li>\n<li>Ajoitetut p\u00e4ivitykset varmuuskopiot<\/li>\n<li>Imune Windows-pohjaisia hy\u00f6kk\u00e4yksi\u00e4 ja Windows-osakkeiden hy\u00f6kk\u00e4yksi\u00e4<\/li>\n<li>Olla t\u00e4ysin lukittu alas, est\u00e4\u00e4 vaurioita varmuuskopiot<\/li>\n<li>Voidaan r\u00e4\u00e4t\u00e4l\u00f6id\u00e4 erityisi\u00e4 sovelluksia tai voidaan integroida muiden kanssa<\/li>\n<li>Voidaan k\u00e4ytt\u00e4\u00e4 Pankkiautomaatti varmuuskopioita mutta vakuutena, et\u00e4inen ja off-site varmuuskopiointi<\/li>\n<\/ul>\n<h4>Jos kiinnostaa, \u00e4l\u00e4 ep\u00e4r\u00f6i <a href=\"\/contact\/\">Ota yhteytt\u00e4<\/a><\/h4>\n<\/div>\n","protected":false},"excerpt":{"rendered":"<p>Suunnitteluosastomme ovat kehitt\u00e4neet ratkaisu, joka toimii Linux, mutta toimii sek\u00e4 Windows ja Linux-pohjaisissa verkoissa. Seuraavassa on muutamia ominaisuuksia ratkaisumme t\u00e4ysin mukautettavissa SMB-verkkoihin: T\u00e4ysin automatisoitu Yhteensopiva Windows osakkeita Mahdollisuus vet\u00e4yty\u00e4 ajoissa Ajoitetut p\u00e4ivitykset varmuuskopiot Imune Windows-pohjaisia hy\u00f6kk\u00e4yksi\u00e4 ja Windows-osakkeiden hy\u00f6kk\u00e4yksi\u00e4 Olla t\u00e4ysin lukittu alas, est\u00e4\u00e4 vaurioita varmuuskopiot Voidaan r\u00e4\u00e4t\u00e4l\u00f6id\u00e4 erityisi\u00e4 sovelluksia &hellip;<\/p>\n","protected":false},"author":1,"featured_media":0,"parent":0,"menu_order":0,"comment_status":"closed","ping_status":"closed","template":"","meta":{"footnotes":""},"class_list":["post-1640","page","type-page","status-publish","hentry"],"translation":{"provider":"WPGlobus","version":"3.0.2","language":"fi","enabled_languages":["en","da","de","es","fi","fr","it","hu","nl","no","pl","pt","ru","sv"],"languages":{"en":{"title":true,"content":true,"excerpt":false},"da":{"title":true,"content":true,"excerpt":false},"de":{"title":true,"content":true,"excerpt":false},"es":{"title":true,"content":true,"excerpt":false},"fi":{"title":true,"content":true,"excerpt":false},"fr":{"title":true,"content":true,"excerpt":false},"it":{"title":true,"content":true,"excerpt":false},"hu":{"title":true,"content":true,"excerpt":false},"nl":{"title":true,"content":true,"excerpt":false},"no":{"title":true,"content":true,"excerpt":false},"pl":{"title":true,"content":true,"excerpt":false},"pt":{"title":true,"content":true,"excerpt":false},"ru":{"title":true,"content":true,"excerpt":false},"sv":{"title":true,"content":true,"excerpt":false}}},"_links":{"self":[{"href":"https:\/\/evosec.eu\/fi\/wp-json\/wp\/v2\/pages\/1640","targetHints":{"allow":["GET"]}}],"collection":[{"href":"https:\/\/evosec.eu\/fi\/wp-json\/wp\/v2\/pages"}],"about":[{"href":"https:\/\/evosec.eu\/fi\/wp-json\/wp\/v2\/types\/page"}],"author":[{"embeddable":true,"href":"https:\/\/evosec.eu\/fi\/wp-json\/wp\/v2\/users\/1"}],"replies":[{"embeddable":true,"href":"https:\/\/evosec.eu\/fi\/wp-json\/wp\/v2\/comments?post=1640"}],"version-history":[{"count":3,"href":"https:\/\/evosec.eu\/fi\/wp-json\/wp\/v2\/pages\/1640\/revisions"}],"predecessor-version":[{"id":2131,"href":"https:\/\/evosec.eu\/fi\/wp-json\/wp\/v2\/pages\/1640\/revisions\/2131"}],"wp:attachment":[{"href":"https:\/\/evosec.eu\/fi\/wp-json\/wp\/v2\/media?parent=1640"}],"curies":[{"name":"wp","href":"https:\/\/api.w.org\/{rel}","templated":true}]}}