{"id":1380,"date":"2015-12-16T18:35:15","date_gmt":"2015-12-16T18:35:15","guid":{"rendered":"http:\/\/evosec.eu\/?page_id=1380"},"modified":"2016-09-11T00:55:24","modified_gmt":"2016-09-11T00:55:24","slug":"smbs-fast-cyber-security-checklist","status":"publish","type":"page","link":"https:\/\/evosec.eu\/fi\/smbs-fast-cyber-security-checklist\/","title":{"rendered":"Pk-yritysten Nopea Cyber Suojauksen Tarkistusluettelo"},"content":{"rendered":"<p>Voimme auttaa, neuvotella tai antaa yrityksesi seuraavasti:<\/p>\n<ol>\n<li>Suojaa viruksia, vakoiluohjelmia, haittaohjelmat ja muut haittaohjelmia tai sovelluksia<\/li>\n<li>Secure verkkoosi erityisesti WiFi-verkot<\/li>\n<li>Parhaat k\u00e4yt\u00e4nn\u00f6t ja yleiset ja suojelemisen herkk\u00e4\/arvokasta tietoa<\/li>\n<li>Kouluttaa ja tehd\u00e4 ty\u00f6ntekij\u00e4t tietoisia cyberthreats, ulkopuolelta yrityksesi<\/li>\n<li>Varmuuskopiointi, sis\u00e4inen varmuuskopiointi ja ulkoinen backup (kyll\u00e4, triple backup, sis\u00e4ll\u00e4 ja sen ulkopuolella yritys)<\/li>\n<li>K\u00e4siksi tietokoneet, NASes ja yrityksen laitteisiin<\/li>\n<li>Mobiili laitteita ja tuo oman laitteen: toimintasuunnitelma, turvallisuuden hallinta, arvopaperi apps, kadonneissa laitteissa, arkaluonteisten tietojen salaus<\/li>\n<li>Julkisen puolen sivustot: protection, arkaluonteisten tietojen paljastumisen muille k\u00e4ytt\u00e4jille, sovelluksen turvallisuus<\/li>\n<\/ol>\n","protected":false},"excerpt":{"rendered":"<p>Voimme auttaa, neuvotella tai antaa yrityksesi seuraavasti: Suojaa viruksia, vakoiluohjelmia, haittaohjelmat ja muut haittaohjelmia tai sovelluksia Secure verkkoosi erityisesti WiFi-verkot Parhaat k\u00e4yt\u00e4nn\u00f6t ja yleiset ja suojelemisen herkk\u00e4\/arvokasta tietoa Kouluttaa ja tehd\u00e4 ty\u00f6ntekij\u00e4t tietoisia cyberthreats, ulkopuolelta yrityksesi Varmuuskopiointi, sis\u00e4inen varmuuskopiointi ja ulkoinen backup (kyll\u00e4, triple backup, sis\u00e4ll\u00e4 ja sen ulkopuolella yritys) &hellip;<\/p>\n","protected":false},"author":1,"featured_media":0,"parent":0,"menu_order":0,"comment_status":"closed","ping_status":"closed","template":"","meta":{"footnotes":""},"class_list":["post-1380","page","type-page","status-publish","hentry"],"translation":{"provider":"WPGlobus","version":"3.0.2","language":"fi","enabled_languages":["en","da","de","es","fi","fr","it","hu","nl","no","pl","pt","ru","sv"],"languages":{"en":{"title":true,"content":true,"excerpt":false},"da":{"title":true,"content":true,"excerpt":false},"de":{"title":true,"content":true,"excerpt":false},"es":{"title":true,"content":true,"excerpt":false},"fi":{"title":true,"content":true,"excerpt":false},"fr":{"title":true,"content":true,"excerpt":false},"it":{"title":true,"content":true,"excerpt":false},"hu":{"title":true,"content":true,"excerpt":false},"nl":{"title":true,"content":true,"excerpt":false},"no":{"title":true,"content":true,"excerpt":false},"pl":{"title":true,"content":true,"excerpt":false},"pt":{"title":true,"content":true,"excerpt":false},"ru":{"title":true,"content":true,"excerpt":false},"sv":{"title":true,"content":true,"excerpt":false}}},"_links":{"self":[{"href":"https:\/\/evosec.eu\/fi\/wp-json\/wp\/v2\/pages\/1380","targetHints":{"allow":["GET"]}}],"collection":[{"href":"https:\/\/evosec.eu\/fi\/wp-json\/wp\/v2\/pages"}],"about":[{"href":"https:\/\/evosec.eu\/fi\/wp-json\/wp\/v2\/types\/page"}],"author":[{"embeddable":true,"href":"https:\/\/evosec.eu\/fi\/wp-json\/wp\/v2\/users\/1"}],"replies":[{"embeddable":true,"href":"https:\/\/evosec.eu\/fi\/wp-json\/wp\/v2\/comments?post=1380"}],"version-history":[{"count":3,"href":"https:\/\/evosec.eu\/fi\/wp-json\/wp\/v2\/pages\/1380\/revisions"}],"predecessor-version":[{"id":2134,"href":"https:\/\/evosec.eu\/fi\/wp-json\/wp\/v2\/pages\/1380\/revisions\/2134"}],"wp:attachment":[{"href":"https:\/\/evosec.eu\/fi\/wp-json\/wp\/v2\/media?parent=1380"}],"curies":[{"name":"wp","href":"https:\/\/api.w.org\/{rel}","templated":true}]}}