{"id":767,"date":"2015-01-16T23:29:16","date_gmt":"2015-01-16T23:29:16","guid":{"rendered":"http:\/\/evosec.eu\/?page_id=767"},"modified":"2017-09-08T01:08:35","modified_gmt":"2017-09-08T01:08:35","slug":"homepage","status":"publish","type":"page","link":"https:\/\/evosec.eu\/es\/","title":{"rendered":"Le Invitamos A Que!"},"content":{"rendered":"<div class=\"row\">\n<div class=\"col-lg-12\">\n<div class=\"panel panel-default\">\n<div class=\"panel-body\">Somos una empresa de tecnolog\u00eda IT, especializada en la prestaci\u00f3n de servicios, soluciones y productos a medida para peque\u00f1as y medianas empresas.Pensamos que las pymes tienen necesidades diferentes a las que requieren las grandes empresas o corporaciones. Sin embargo, las PYMES todav\u00eda necesitan recursos altamente calificados y soluciones bien desarrolladas para competir en cualquier mercado, especialmente ahora, cuando casi cualquier negocio es transformar\/cambiar a digital y encontrar un mundo nuevo, con nuevas ventajas y desaf\u00edos.<\/p>\n<p>Uno de nuestros objetivos es proporcionar a las PYMES con las mismas ventajas competitivas que las grandes organizaciones tienen.<\/p>\n<\/div>\n<\/div>\n<\/div>\n<\/div>\n<div class=\"row\">\n<div class=\"col-xs-12 col-sm-12 col-md-6 col-lg-6\">\n<div class=\"thumbnail\"><a href=\"\/es\/security\/\"><img decoding=\"async\" src=\"\/wp-content\/images\/security.png\" alt=\"Seguridad de ti\" \/><\/a><\/p>\n<div class=\"caption\">\n<h1><i class=\"fa fa-shield fa-fw\"><\/i>Seguridad de ti<\/h1>\n<p><a class=\"btn btn-primary\" href=\"\/es\/security\/\">Saber m\u00e1s<\/a><\/div>\n<\/div>\n<\/div>\n<div class=\"col-xs-12 col-sm-12 col-md-6 col-lg-6\">\n<div class=\"thumbnail\"><a href=\"\/es\/category\/case-studies\/it-operations\/\"><img decoding=\"async\" src=\"\/wp-content\/images\/operations.png\" alt=\"Operaciones de ti\" \/><\/a><\/p>\n<div class=\"caption\">\n<h1><i class=\"fa fa-heartbeat fa-fw\"><\/i>Operaciones de ti<\/h1>\n<p><a class=\"btn btn-success\" href=\"\/es\/category\/case-studies\/it-operations\/\">Saber m\u00e1s<\/a>\n<\/div>\n<\/div>\n<\/div>\n<\/div>\n<div class=\"row\">\n<div class=\"col-xs-12 col-sm-12 col-md-6 col-lg-6\">\n<div class=\"thumbnail\"><a href=\"\/es\/category\/case-studies\/automation\/\"><img decoding=\"async\" src=\"\/wp-content\/images\/automation.png\" alt=\"Automatizaci\u00f3n de ti\" \/><\/a><\/p>\n<div class=\"caption\">\n<h1><i class=\"fa fa-cogs fa-fw\"><\/i>Automatizaci\u00f3n de ti<\/h1>\n<p><a class=\"btn btn-info\" href=\"\/es\/category\/case-studies\/automation\/\">Saber m\u00e1s<\/a><\/div>\n<\/div>\n<\/div>\n<div class=\"col-xs-12 col-sm-12 col-md-6 col-lg-6\">\n<div class=\"thumbnail\"><a href=\"\/es\/category\/case-studies\/iot-security\/\"><img decoding=\"async\" src=\"\/wp-content\/images\/iot.png\" alt=\"Dispositivos de IoT\" \/><\/a><\/p>\n<div class=\"caption\">\n<h1><i class=\"fa fa-wifi fa-fw\"><\/i>Dispositivos de IoT<\/h1>\n<p><a class=\"btn btn-warning\" href=\"\/es\/category\/case-studies\/iot-security\/\">Saber m\u00e1s<\/a><\/div>\n<\/div>\n<\/div>\n<\/div>\n","protected":false},"excerpt":{"rendered":"<p>Somos una empresa de tecnolog\u00eda IT, especializada en la prestaci\u00f3n de servicios, soluciones y productos a medida para peque\u00f1as y medianas empresas.Pensamos que las pymes tienen necesidades diferentes a las que requieren las grandes empresas o corporaciones. Sin embargo, las PYMES todav\u00eda necesitan recursos altamente calificados y soluciones bien desarrolladas &hellip;<\/p>\n","protected":false},"author":1,"featured_media":0,"parent":0,"menu_order":0,"comment_status":"closed","ping_status":"closed","template":"","meta":{"footnotes":""},"class_list":["post-767","page","type-page","status-publish","hentry"],"translation":{"provider":"WPGlobus","version":"3.0.2","language":"es","enabled_languages":["en","da","de","es","fi","fr","it","hu","nl","no","pl","pt","ru","sv"],"languages":{"en":{"title":true,"content":true,"excerpt":false},"da":{"title":true,"content":true,"excerpt":false},"de":{"title":true,"content":true,"excerpt":false},"es":{"title":true,"content":true,"excerpt":false},"fi":{"title":true,"content":true,"excerpt":false},"fr":{"title":true,"content":true,"excerpt":false},"it":{"title":true,"content":true,"excerpt":false},"hu":{"title":true,"content":true,"excerpt":false},"nl":{"title":true,"content":true,"excerpt":false},"no":{"title":true,"content":true,"excerpt":false},"pl":{"title":true,"content":true,"excerpt":false},"pt":{"title":false,"content":false,"excerpt":false},"ru":{"title":true,"content":true,"excerpt":false},"sv":{"title":true,"content":true,"excerpt":false}}},"_links":{"self":[{"href":"https:\/\/evosec.eu\/es\/wp-json\/wp\/v2\/pages\/767","targetHints":{"allow":["GET"]}}],"collection":[{"href":"https:\/\/evosec.eu\/es\/wp-json\/wp\/v2\/pages"}],"about":[{"href":"https:\/\/evosec.eu\/es\/wp-json\/wp\/v2\/types\/page"}],"author":[{"embeddable":true,"href":"https:\/\/evosec.eu\/es\/wp-json\/wp\/v2\/users\/1"}],"replies":[{"embeddable":true,"href":"https:\/\/evosec.eu\/es\/wp-json\/wp\/v2\/comments?post=767"}],"version-history":[{"count":3,"href":"https:\/\/evosec.eu\/es\/wp-json\/wp\/v2\/pages\/767\/revisions"}],"predecessor-version":[{"id":1159,"href":"https:\/\/evosec.eu\/es\/wp-json\/wp\/v2\/pages\/767\/revisions\/1159"}],"wp:attachment":[{"href":"https:\/\/evosec.eu\/es\/wp-json\/wp\/v2\/media?parent=767"}],"curies":[{"name":"wp","href":"https:\/\/api.w.org\/{rel}","templated":true}]}}