{"id":1757,"date":"2016-05-09T22:48:35","date_gmt":"2016-05-09T22:48:35","guid":{"rendered":"https:\/\/evosec.eu\/?page_id=1757"},"modified":"2016-09-11T01:00:42","modified_gmt":"2016-09-11T01:00:42","slug":"wordpress-security-testinghardening","status":"publish","type":"page","link":"https:\/\/evosec.eu\/es\/wordpress-security-testinghardening\/","title":{"rendered":"Pruebas De Seguridad De WordPress &amp; Amp; Endurecimiento"},"content":{"rendered":"<p>\u00bfPrueba tu sitio WordPress contra problemas de configuraci\u00f3n comunes que podr\u00edan conducir a dolores de cabeza de seguridad?<br \/>\nHave you heard of <a class=\"external text\" href=\"http:\/\/en.wikipedia.org\/wiki\/Security_through_obscurity\">Security through obscurity<\/a>?<br \/>\n\u00bfSab\u00edas que \\ No hace falta decirlo, plataformas CMS como WordPress no se seguridad-endurecen en gran medida de la caja.<br \/>\n\u00bfHas pensado alguna vez de estos?<\/p>\n<ul>\n<li>Ejecutar siempre la versi\u00f3n m\u00e1s reciente<\/li>\n<li>Actualizar regularmente su backend<\/li>\n<li>Siempre utilice fuentes confiables para temas y plugins. Extra con cuidado sobre gratis temas y plugins (ya que tienen que hacer una vida, \u00bfc\u00f3mo haces?)<\/li>\n<li>Nunca utilizar la configuraci\u00f3n predeterminada<\/li>\n<li>Reducir las credenciales y tener cuidado con niveles de usuario<\/li>\n<li>Utilice siempre contrase\u00f1as seguras<\/li>\n<li>Proteger el archivo .htaccess<\/li>\n<li>Backup diario, pero tambi\u00e9n mantener backups semanales y mensuales. El compromiso de un sitio web podr\u00eda no detectarse en un lapso de d\u00edas, as\u00ed que usted puede ser que necesite una copia de seguridad antigua.<\/li>\n<\/ul>\n<p>\u00bfEst\u00e1 interesado? Podemos ayudarle a asegurar su sitio de Internet, pen-test lo y dar consejos personalizados. Apenas c\u00e1iganos una l\u00ednea en <a href=\"mailto:Office@evosec.eu\">Office@evosec.eu<\/a> o utilizar el <a href=\"\/contact\">contact section<\/a>.\n<\/p>\n<hr \/>\n<div class=\"row\" style=\"text-align:center;\">\n<img decoding=\"async\" src=\"\/wp-content\/uploads\/2016\/05\/wordpress-hacker-rgb1.jpg\" \/>\n<\/div>\n","protected":false},"excerpt":{"rendered":"<p>\u00bfPrueba tu sitio WordPress contra problemas de configuraci\u00f3n comunes que podr\u00edan conducir a dolores de cabeza de seguridad? Have you heard of Security through obscurity? \u00bfSab\u00edas que \\ No hace falta decirlo, plataformas CMS como WordPress no se seguridad-endurecen en gran medida de la caja. \u00bfHas pensado alguna vez de &hellip;<\/p>\n","protected":false},"author":1,"featured_media":1785,"parent":0,"menu_order":0,"comment_status":"closed","ping_status":"closed","template":"","meta":{"footnotes":""},"class_list":["post-1757","page","type-page","status-publish","has-post-thumbnail","hentry"],"translation":{"provider":"WPGlobus","version":"3.0.2","language":"es","enabled_languages":["en","da","de","es","fi","fr","it","hu","nl","no","pl","pt","ru","sv"],"languages":{"en":{"title":true,"content":true,"excerpt":false},"da":{"title":true,"content":true,"excerpt":false},"de":{"title":true,"content":true,"excerpt":false},"es":{"title":true,"content":true,"excerpt":false},"fi":{"title":true,"content":true,"excerpt":false},"fr":{"title":true,"content":true,"excerpt":false},"it":{"title":true,"content":true,"excerpt":false},"hu":{"title":true,"content":true,"excerpt":false},"nl":{"title":true,"content":true,"excerpt":false},"no":{"title":true,"content":true,"excerpt":false},"pl":{"title":true,"content":true,"excerpt":false},"pt":{"title":true,"content":true,"excerpt":false},"ru":{"title":true,"content":true,"excerpt":false},"sv":{"title":true,"content":true,"excerpt":false}}},"_links":{"self":[{"href":"https:\/\/evosec.eu\/es\/wp-json\/wp\/v2\/pages\/1757","targetHints":{"allow":["GET"]}}],"collection":[{"href":"https:\/\/evosec.eu\/es\/wp-json\/wp\/v2\/pages"}],"about":[{"href":"https:\/\/evosec.eu\/es\/wp-json\/wp\/v2\/types\/page"}],"author":[{"embeddable":true,"href":"https:\/\/evosec.eu\/es\/wp-json\/wp\/v2\/users\/1"}],"replies":[{"embeddable":true,"href":"https:\/\/evosec.eu\/es\/wp-json\/wp\/v2\/comments?post=1757"}],"version-history":[{"count":3,"href":"https:\/\/evosec.eu\/es\/wp-json\/wp\/v2\/pages\/1757\/revisions"}],"predecessor-version":[{"id":2129,"href":"https:\/\/evosec.eu\/es\/wp-json\/wp\/v2\/pages\/1757\/revisions\/2129"}],"wp:featuredmedia":[{"embeddable":true,"href":"https:\/\/evosec.eu\/es\/wp-json\/wp\/v2\/media\/1785"}],"wp:attachment":[{"href":"https:\/\/evosec.eu\/es\/wp-json\/wp\/v2\/media?parent=1757"}],"curies":[{"name":"wp","href":"https:\/\/api.w.org\/{rel}","templated":true}]}}