{"id":1640,"date":"2016-03-23T20:45:27","date_gmt":"2016-03-23T20:45:27","guid":{"rendered":"https:\/\/evosec.eu\/?page_id=1640"},"modified":"2016-09-11T01:05:18","modified_gmt":"2016-09-11T01:05:18","slug":"ransomware-prevention-backup","status":"publish","type":"page","link":"https:\/\/evosec.eu\/es\/ransomware-prevention-backup\/","title":{"rendered":"Prevenci\u00f3n De Ransomware: Copias De Seguridad Prueba De Rescate"},"content":{"rendered":"<div class=\"row\">\n<img decoding=\"async\" src=\"\/\/evosec.eu\/wp-content\/uploads\/2016\/03\/ransomware.jpg\" alt=\"Ransomware\" class=\"aligncenter img-responsive\" \/>\n<\/div>\n<div class=\"row\">\nNuestros ingenieros han desarrollado una soluci\u00f3n que funciona en Linux, pero funciona tanto para Windows y redes Linux. Aqu\u00ed est\u00e1n algunas de las caracter\u00edsticas de nuestra soluci\u00f3n, perfectamente adaptable a redes SMB:<\/p>\n<ul>\n<li>Totalmente automatizado<\/li>\n<li>Compatible con Windows shares<\/li>\n<li>Posibilidad de retroceder en el tiempo<\/li>\n<li>Actualizaciones programadas de copias de seguridad<\/li>\n<li>Imune a ataques basados en Windows y Windows shares<\/li>\n<li>Puede estar totalmente bloqueado, para prevenir cualquier da\u00f1o a las copias de seguridad<\/li>\n<li>Puede adaptarse a aplicaciones espec\u00edficas o puede ser integrado con otros<\/li>\n<li>Puede ser utilizado para copias de seguridad in situ, pero tambi\u00e9n para copias de seguridad seguros, remotos, fuera del<\/li>\n<\/ul>\n<h4>Si est\u00e1 interesado, por favor, no dude en <a href=\"\/contact\/\">en contacto con nosotros<\/a><\/h4>\n<\/div>\n","protected":false},"excerpt":{"rendered":"<p>Nuestros ingenieros han desarrollado una soluci\u00f3n que funciona en Linux, pero funciona tanto para Windows y redes Linux. Aqu\u00ed est\u00e1n algunas de las caracter\u00edsticas de nuestra soluci\u00f3n, perfectamente adaptable a redes SMB: Totalmente automatizado Compatible con Windows shares Posibilidad de retroceder en el tiempo Actualizaciones programadas de copias de seguridad &hellip;<\/p>\n","protected":false},"author":1,"featured_media":0,"parent":0,"menu_order":0,"comment_status":"closed","ping_status":"closed","template":"","meta":{"footnotes":""},"class_list":["post-1640","page","type-page","status-publish","hentry"],"translation":{"provider":"WPGlobus","version":"3.0.2","language":"es","enabled_languages":["en","da","de","es","fi","fr","it","hu","nl","no","pl","pt","ru","sv"],"languages":{"en":{"title":true,"content":true,"excerpt":false},"da":{"title":true,"content":true,"excerpt":false},"de":{"title":true,"content":true,"excerpt":false},"es":{"title":true,"content":true,"excerpt":false},"fi":{"title":true,"content":true,"excerpt":false},"fr":{"title":true,"content":true,"excerpt":false},"it":{"title":true,"content":true,"excerpt":false},"hu":{"title":true,"content":true,"excerpt":false},"nl":{"title":true,"content":true,"excerpt":false},"no":{"title":true,"content":true,"excerpt":false},"pl":{"title":true,"content":true,"excerpt":false},"pt":{"title":true,"content":true,"excerpt":false},"ru":{"title":true,"content":true,"excerpt":false},"sv":{"title":true,"content":true,"excerpt":false}}},"_links":{"self":[{"href":"https:\/\/evosec.eu\/es\/wp-json\/wp\/v2\/pages\/1640","targetHints":{"allow":["GET"]}}],"collection":[{"href":"https:\/\/evosec.eu\/es\/wp-json\/wp\/v2\/pages"}],"about":[{"href":"https:\/\/evosec.eu\/es\/wp-json\/wp\/v2\/types\/page"}],"author":[{"embeddable":true,"href":"https:\/\/evosec.eu\/es\/wp-json\/wp\/v2\/users\/1"}],"replies":[{"embeddable":true,"href":"https:\/\/evosec.eu\/es\/wp-json\/wp\/v2\/comments?post=1640"}],"version-history":[{"count":3,"href":"https:\/\/evosec.eu\/es\/wp-json\/wp\/v2\/pages\/1640\/revisions"}],"predecessor-version":[{"id":2131,"href":"https:\/\/evosec.eu\/es\/wp-json\/wp\/v2\/pages\/1640\/revisions\/2131"}],"wp:attachment":[{"href":"https:\/\/evosec.eu\/es\/wp-json\/wp\/v2\/media?parent=1640"}],"curies":[{"name":"wp","href":"https:\/\/api.w.org\/{rel}","templated":true}]}}