{"id":1380,"date":"2015-12-16T18:35:15","date_gmt":"2015-12-16T18:35:15","guid":{"rendered":"http:\/\/evosec.eu\/?page_id=1380"},"modified":"2016-09-11T00:55:24","modified_gmt":"2016-09-11T00:55:24","slug":"smbs-fast-cyber-security-checklist","status":"publish","type":"page","link":"https:\/\/evosec.eu\/es\/smbs-fast-cyber-security-checklist\/","title":{"rendered":"Lista De Comprobaci\u00f3n Seguridad Cibern\u00e9tica R\u00e1pido De PYMES"},"content":{"rendered":"<p>Podemos ayudar, consultar o proporcionar a su negocio con los siguientes:<\/p>\n<ol>\n<li>Protecci\u00f3n contra virus, spyware, malware y dem\u00e1s c\u00f3digo malicioso o aplicaciones<\/li>\n<li>Asegurar sus redes, especialmente las redes WiFi<\/li>\n<li>Establecer las mejores pr\u00e1cticas y las pol\u00edticas y proteger su informaci\u00f3n sensible\/valor<\/li>\n<li>Educar y concienciar a sus empleados sobre las amenazas cibern\u00e9ticas, en el exterior su empresa<\/li>\n<li>Backup, backup interno y externo backup (s\u00ed, triple a copia de seguridad, dentro y fuera de su empresa)<\/li>\n<li>Acceso f\u00edsico a las computadoras, NASes y otros dispositivos de su empresa<\/li>\n<li>Dispositivos m\u00f3vil\/traer su propio dispositivo: el plan de gesti\u00f3n de seguridad, aplicaciones de seguridad, dispositivos perdidos, cifrado de datos sensibles<\/li>\n<li>Sitios web dirigido al p\u00fablico: protecci\u00f3n, divulgaci\u00f3n de informaci\u00f3n confidencial, seguridad de aplicaciones<\/li>\n<\/ol>\n","protected":false},"excerpt":{"rendered":"<p>Podemos ayudar, consultar o proporcionar a su negocio con los siguientes: Protecci\u00f3n contra virus, spyware, malware y dem\u00e1s c\u00f3digo malicioso o aplicaciones Asegurar sus redes, especialmente las redes WiFi Establecer las mejores pr\u00e1cticas y las pol\u00edticas y proteger su informaci\u00f3n sensible\/valor Educar y concienciar a sus empleados sobre las amenazas &hellip;<\/p>\n","protected":false},"author":1,"featured_media":0,"parent":0,"menu_order":0,"comment_status":"closed","ping_status":"closed","template":"","meta":{"footnotes":""},"class_list":["post-1380","page","type-page","status-publish","hentry"],"translation":{"provider":"WPGlobus","version":"3.0.2","language":"es","enabled_languages":["en","da","de","es","fi","fr","it","hu","nl","no","pl","pt","ru","sv"],"languages":{"en":{"title":true,"content":true,"excerpt":false},"da":{"title":true,"content":true,"excerpt":false},"de":{"title":true,"content":true,"excerpt":false},"es":{"title":true,"content":true,"excerpt":false},"fi":{"title":true,"content":true,"excerpt":false},"fr":{"title":true,"content":true,"excerpt":false},"it":{"title":true,"content":true,"excerpt":false},"hu":{"title":true,"content":true,"excerpt":false},"nl":{"title":true,"content":true,"excerpt":false},"no":{"title":true,"content":true,"excerpt":false},"pl":{"title":true,"content":true,"excerpt":false},"pt":{"title":true,"content":true,"excerpt":false},"ru":{"title":true,"content":true,"excerpt":false},"sv":{"title":true,"content":true,"excerpt":false}}},"_links":{"self":[{"href":"https:\/\/evosec.eu\/es\/wp-json\/wp\/v2\/pages\/1380","targetHints":{"allow":["GET"]}}],"collection":[{"href":"https:\/\/evosec.eu\/es\/wp-json\/wp\/v2\/pages"}],"about":[{"href":"https:\/\/evosec.eu\/es\/wp-json\/wp\/v2\/types\/page"}],"author":[{"embeddable":true,"href":"https:\/\/evosec.eu\/es\/wp-json\/wp\/v2\/users\/1"}],"replies":[{"embeddable":true,"href":"https:\/\/evosec.eu\/es\/wp-json\/wp\/v2\/comments?post=1380"}],"version-history":[{"count":3,"href":"https:\/\/evosec.eu\/es\/wp-json\/wp\/v2\/pages\/1380\/revisions"}],"predecessor-version":[{"id":2134,"href":"https:\/\/evosec.eu\/es\/wp-json\/wp\/v2\/pages\/1380\/revisions\/2134"}],"wp:attachment":[{"href":"https:\/\/evosec.eu\/es\/wp-json\/wp\/v2\/media?parent=1380"}],"curies":[{"name":"wp","href":"https:\/\/api.w.org\/{rel}","templated":true}]}}