{"id":1315,"date":"2015-12-10T19:45:23","date_gmt":"2015-12-10T19:45:23","guid":{"rendered":"http:\/\/evosec.eu\/?page_id=1315"},"modified":"2016-09-11T00:58:36","modified_gmt":"2016-09-11T00:58:36","slug":"web-support","status":"publish","type":"page","link":"https:\/\/evosec.eu\/es\/web-support\/","title":{"rendered":"Soporte WEB &amp; Amp; Seguridad De Sitios Web"},"content":{"rendered":"<ul class=\"fa-ul\" style=\"list-style-type: none;\">\n<li><i class=\"fa-li fa fa-angle-right fa-fw\"><\/i>Actualizaci\u00f3n, el Monitor y el parche: Plugins &#038; sitios basados en WordPress<\/li>\n<li><i class=\"fa-li fa fa-angle-right fa-fw\"><\/i>Actualizaci\u00f3n, el Monitor y el parche: Componentes, Plugins y sitios basados en Joomla<\/li>\n<li><i class=\"fa-li fa fa-angle-right fa-fw\"><\/i>Soporte de servidores basados en Linux (simple, complejo, dedicado, no administrada, Intel u otras plataformas de base)<\/li>\n<li><i class=\"fa-li fa fa-angle-right fa-fw\"><\/i>Monitor para deterioros &#8211; cambios de p\u00e1ginas de inicio, landingpage u otro<\/li>\n<li><i class=\"fa-li fa fa-angle-right fa-fw\"><\/i>B\u00fasqueda de SQLi (inyecciones de SQL) Vulnerabilidades que podr\u00edan exponer los datos sensibles almacenados en la base de datos de su sitio web o servidor de la p\u00e1gina web<\/li>\n<li><i class=\"fa-li fa fa-angle-right fa-fw\"><\/i>B\u00fasqueda de informaci\u00f3n sensible, documentos u otros relacionados con la informaci\u00f3n expuesta debido a la configuraci\u00f3n de sitio web o servidor de improprer<\/li>\n<\/ul>\n","protected":false},"excerpt":{"rendered":"<p>Actualizaci\u00f3n, el Monitor y el parche: Plugins &#038; sitios basados en WordPress Actualizaci\u00f3n, el Monitor y el parche: Componentes, Plugins y sitios basados en Joomla Soporte de servidores basados en Linux (simple, complejo, dedicado, no administrada, Intel u otras plataformas de base) Monitor para deterioros &#8211; cambios de p\u00e1ginas de &hellip;<\/p>\n","protected":false},"author":1,"featured_media":0,"parent":0,"menu_order":0,"comment_status":"closed","ping_status":"closed","template":"","meta":{"footnotes":""},"class_list":["post-1315","page","type-page","status-publish","hentry"],"translation":{"provider":"WPGlobus","version":"3.0.2","language":"es","enabled_languages":["en","da","de","es","fi","fr","it","hu","nl","no","pl","pt","ru","sv"],"languages":{"en":{"title":true,"content":true,"excerpt":false},"da":{"title":true,"content":true,"excerpt":false},"de":{"title":true,"content":true,"excerpt":false},"es":{"title":true,"content":true,"excerpt":false},"fi":{"title":true,"content":true,"excerpt":false},"fr":{"title":true,"content":true,"excerpt":false},"it":{"title":true,"content":true,"excerpt":false},"hu":{"title":true,"content":true,"excerpt":false},"nl":{"title":true,"content":true,"excerpt":false},"no":{"title":true,"content":true,"excerpt":false},"pl":{"title":true,"content":true,"excerpt":false},"pt":{"title":true,"content":true,"excerpt":false},"ru":{"title":true,"content":true,"excerpt":false},"sv":{"title":true,"content":true,"excerpt":false}}},"_links":{"self":[{"href":"https:\/\/evosec.eu\/es\/wp-json\/wp\/v2\/pages\/1315","targetHints":{"allow":["GET"]}}],"collection":[{"href":"https:\/\/evosec.eu\/es\/wp-json\/wp\/v2\/pages"}],"about":[{"href":"https:\/\/evosec.eu\/es\/wp-json\/wp\/v2\/types\/page"}],"author":[{"embeddable":true,"href":"https:\/\/evosec.eu\/es\/wp-json\/wp\/v2\/users\/1"}],"replies":[{"embeddable":true,"href":"https:\/\/evosec.eu\/es\/wp-json\/wp\/v2\/comments?post=1315"}],"version-history":[{"count":3,"href":"https:\/\/evosec.eu\/es\/wp-json\/wp\/v2\/pages\/1315\/revisions"}],"predecessor-version":[{"id":2135,"href":"https:\/\/evosec.eu\/es\/wp-json\/wp\/v2\/pages\/1315\/revisions\/2135"}],"wp:attachment":[{"href":"https:\/\/evosec.eu\/es\/wp-json\/wp\/v2\/media?parent=1315"}],"curies":[{"name":"wp","href":"https:\/\/api.w.org\/{rel}","templated":true}]}}