{"id":1310,"date":"2015-12-10T19:44:07","date_gmt":"2015-12-10T19:44:07","guid":{"rendered":"http:\/\/evosec.eu\/?page_id=1310"},"modified":"2016-09-11T01:02:40","modified_gmt":"2016-09-11T01:02:40","slug":"security","status":"publish","type":"page","link":"https:\/\/evosec.eu\/es\/security\/","title":{"rendered":"Seguridad De Ti"},"content":{"rendered":"<div class=\"well well-sm\">\n<p>Seguridad inform\u00e1tica, tambi\u00e9n conocida como la ciberseguridad o seguridad, es la protecci\u00f3n de sistemas de informaci\u00f3n de robo o da\u00f1os en el hardware, el software y la informaci\u00f3n sobre ellos, as\u00ed como de interrupci\u00f3n o informaci\u00f3n de los servicios que proporcionan. Incluye control de acceso f\u00edsico al hardware, as\u00ed como proteger contra el da\u00f1o que puede venir v\u00eda inyecci\u00f3n de acceso, datos y c\u00f3digo de red y debido a la negligencia por los operadores, ya sea intencional, accidental, o debido a ellas siendo enga\u00f1ados en la desviaci\u00f3n de procedimientos seguros.<\/p>\n<p>Sistemas inform\u00e1ticos ahora incluyen una gran variedad de dispositivos \\<\/p>\n<\/div>\n<ul class=\"fa-ul\" style=\"list-style-type: none;\">\n<li><i class=\"fa-li fa fa-angle-right fa-fw\"><\/i><a href=\"http:\/\/evosec.eu\/smbs-fast-cyber-security-checklist\/\">SMB Quick Check<\/a><\/li>\n<li><i class=\"fa-li fa fa-angle-right fa-fw\"><\/i>Auditor\u00eda de seguridad Web<\/li>\n<li><i class=\"fa-li fa fa-angle-right fa-fw\"><\/i>Auditor\u00eda de seguridad de red<\/li>\n<li><i class=\"fa-li fa fa-angle-right fa-fw\"><\/i>Auditor\u00eda de seguridad de servidor<\/li>\n<li><i class=\"fa-li fa fa-angle-right fa-fw\"><\/i>Auditor\u00eda de seguridad de dispositivo incrustado \/ \u00bfAuditor\u00eda de seguridad de las cosas?<\/li>\n<\/ul>\n<p>Podemos proporcionar pruebas, monitoreo, soluciones y consultor\u00eda para:<\/p>\n<ul class=\"fa-ul\" style=\"list-style-type: none;\">\n<li><i class=\"fa-li fa fa-angle-right fa-fw\"><\/i>Inyecci\u00f3n de la URL o el comando<\/li>\n<li><i class=\"fa-li fa fa-angle-right fa-fw\"><\/i>Roto la autenticaci\u00f3n \/ mal manejo de sesiones<\/li>\n<li><i class=\"fa-li fa fa-angle-right fa-fw\"><\/i>Referencias de objeto directo<\/li>\n<li><i class=\"fa-li fa fa-angle-right fa-fw\"><\/i>Exposici\u00f3n de los datos sensibles<\/li>\n<li><i class=\"fa-li fa fa-angle-right fa-fw\"><\/i>Vulnerabilidades conocidas de los componentes<\/li>\n<li><i class=\"fa-li fa fa-angle-right fa-fw\"><\/i>Explotar el desarrollo<\/li>\n<li><i class=\"fa-li fa fa-angle-right fa-fw\"><\/i>An\u00e1lisis de c\u00f3digo fuente &#8211; sobre todo protocolo implementa<\/li>\n<\/ul>\n","protected":false},"excerpt":{"rendered":"<p>Seguridad inform\u00e1tica, tambi\u00e9n conocida como la ciberseguridad o seguridad, es la protecci\u00f3n de sistemas de informaci\u00f3n de robo o da\u00f1os en el hardware, el software y la informaci\u00f3n sobre ellos, as\u00ed como de interrupci\u00f3n o informaci\u00f3n de los servicios que proporcionan. Incluye control de acceso f\u00edsico al hardware, as\u00ed como &hellip;<\/p>\n","protected":false},"author":1,"featured_media":0,"parent":0,"menu_order":0,"comment_status":"closed","ping_status":"closed","template":"","meta":{"footnotes":""},"class_list":["post-1310","page","type-page","status-publish","hentry"],"translation":{"provider":"WPGlobus","version":"3.0.2","language":"es","enabled_languages":["en","da","de","es","fi","fr","it","hu","nl","no","pl","pt","ru","sv"],"languages":{"en":{"title":true,"content":true,"excerpt":false},"da":{"title":true,"content":true,"excerpt":false},"de":{"title":true,"content":true,"excerpt":false},"es":{"title":true,"content":true,"excerpt":false},"fi":{"title":true,"content":true,"excerpt":false},"fr":{"title":true,"content":true,"excerpt":false},"it":{"title":true,"content":true,"excerpt":false},"hu":{"title":true,"content":true,"excerpt":false},"nl":{"title":true,"content":true,"excerpt":false},"no":{"title":true,"content":true,"excerpt":false},"pl":{"title":true,"content":true,"excerpt":false},"pt":{"title":true,"content":true,"excerpt":false},"ru":{"title":true,"content":true,"excerpt":false},"sv":{"title":true,"content":true,"excerpt":false}}},"_links":{"self":[{"href":"https:\/\/evosec.eu\/es\/wp-json\/wp\/v2\/pages\/1310","targetHints":{"allow":["GET"]}}],"collection":[{"href":"https:\/\/evosec.eu\/es\/wp-json\/wp\/v2\/pages"}],"about":[{"href":"https:\/\/evosec.eu\/es\/wp-json\/wp\/v2\/types\/page"}],"author":[{"embeddable":true,"href":"https:\/\/evosec.eu\/es\/wp-json\/wp\/v2\/users\/1"}],"replies":[{"embeddable":true,"href":"https:\/\/evosec.eu\/es\/wp-json\/wp\/v2\/comments?post=1310"}],"version-history":[{"count":3,"href":"https:\/\/evosec.eu\/es\/wp-json\/wp\/v2\/pages\/1310\/revisions"}],"predecessor-version":[{"id":2136,"href":"https:\/\/evosec.eu\/es\/wp-json\/wp\/v2\/pages\/1310\/revisions\/2136"}],"wp:attachment":[{"href":"https:\/\/evosec.eu\/es\/wp-json\/wp\/v2\/media?parent=1310"}],"curies":[{"name":"wp","href":"https:\/\/api.w.org\/{rel}","templated":true}]}}