{"id":767,"date":"2015-01-16T23:29:16","date_gmt":"2015-01-16T23:29:16","guid":{"rendered":"http:\/\/evosec.eu\/?page_id=767"},"modified":"2017-09-08T01:08:35","modified_gmt":"2017-09-08T01:08:35","slug":"homepage","status":"publish","type":"page","link":"https:\/\/evosec.eu\/de\/","title":{"rendered":"Wir Begr\u00fc\u00dfen Sie!"},"content":{"rendered":"<div class=\"row\">\n<div class=\"col-lg-12\">\n<div class=\"panel panel-default\">\n<div class=\"panel-body\">Wir sind ein IT-Tech-Unternehmen darauf spezialisiert, kundenspezifische Produkte f\u00fcr kleine und mittlere Unternehmen, Dienstleistungen und L\u00f6sungen.Wir denken, dass kleine und mittelst\u00e4ndische Unternehmen haben es Bed\u00fcrfnisse, die von denen unterscheiden, die gro\u00dfen Unternehmen oder Konzerne erfordern. Noch, kleine und mittelst\u00e4ndische Unternehmen noch brauchen, hoch qualifizierte Ressourcen und gut entwickelten L\u00f6sungen um in jedem Markt konkurrieren vor allem jetzt, wenn fast jedes m\u00f6gliches Gesch\u00e4ft transformieren\/Umstellung auf Digital und eine neue Welt mit neuen Vorteilen und Herausforderungen zu begegnen.<\/p>\n<p>Eines unserer Ziele ist es, kleine und mittelst\u00e4ndische Unternehmen die gleichen Vorteile bieten, die gr\u00f6\u00dfere Unternehmen haben.<\/p>\n<\/div>\n<\/div>\n<\/div>\n<\/div>\n<div class=\"row\">\n<div class=\"col-xs-12 col-sm-12 col-md-6 col-lg-6\">\n<div class=\"thumbnail\"><a href=\"\/de\/security\/\"><img decoding=\"async\" src=\"\/wp-content\/images\/security.png\" alt=\"IT-Sicherheit\" \/><\/a><\/p>\n<div class=\"caption\">\n<h1><i class=\"fa fa-shield fa-fw\"><\/i>IT-Sicherheit<\/h1>\n<p><a class=\"btn btn-primary\" href=\"\/de\/security\/\">Erfahren Sie mehr<\/a><\/div>\n<\/div>\n<\/div>\n<div class=\"col-xs-12 col-sm-12 col-md-6 col-lg-6\">\n<div class=\"thumbnail\"><a href=\"\/de\/category\/case-studies\/it-operations\/\"><img decoding=\"async\" src=\"\/wp-content\/images\/operations.png\" alt=\"IT-Betrieb\" \/><\/a><\/p>\n<div class=\"caption\">\n<h1><i class=\"fa fa-heartbeat fa-fw\"><\/i>IT-Betrieb<\/h1>\n<p><a class=\"btn btn-success\" href=\"\/de\/category\/case-studies\/it-operations\/\">Erfahren Sie mehr<\/a>\n<\/div>\n<\/div>\n<\/div>\n<\/div>\n<div class=\"row\">\n<div class=\"col-xs-12 col-sm-12 col-md-6 col-lg-6\">\n<div class=\"thumbnail\"><a href=\"\/de\/category\/case-studies\/automation\/\"><img decoding=\"async\" src=\"\/wp-content\/images\/automation.png\" alt=\"IT-Automatisierung\" \/><\/a><\/p>\n<div class=\"caption\">\n<h1><i class=\"fa fa-cogs fa-fw\"><\/i>IT-Automatisierung<\/h1>\n<p><a class=\"btn btn-info\" href=\"\/de\/category\/case-studies\/automation\/\">Erfahren Sie mehr<\/a><\/div>\n<\/div>\n<\/div>\n<div class=\"col-xs-12 col-sm-12 col-md-6 col-lg-6\">\n<div class=\"thumbnail\"><a href=\"\/de\/category\/case-studies\/iot-security\/\"><img decoding=\"async\" src=\"\/wp-content\/images\/iot.png\" alt=\"IoT-Ger\u00e4te\" \/><\/a><\/p>\n<div class=\"caption\">\n<h1><i class=\"fa fa-wifi fa-fw\"><\/i>IoT-Ger\u00e4te<\/h1>\n<p><a class=\"btn btn-warning\" href=\"\/de\/category\/case-studies\/iot-security\/\">Erfahren Sie mehr<\/a><\/div>\n<\/div>\n<\/div>\n<\/div>\n","protected":false},"excerpt":{"rendered":"<p>Wir sind ein IT-Tech-Unternehmen darauf spezialisiert, kundenspezifische Produkte f\u00fcr kleine und mittlere Unternehmen, Dienstleistungen und L\u00f6sungen.Wir denken, dass kleine und mittelst\u00e4ndische Unternehmen haben es Bed\u00fcrfnisse, die von denen unterscheiden, die gro\u00dfen Unternehmen oder Konzerne erfordern. Noch, kleine und mittelst\u00e4ndische Unternehmen noch brauchen, hoch qualifizierte Ressourcen und gut entwickelten L\u00f6sungen um &hellip;<\/p>\n","protected":false},"author":1,"featured_media":0,"parent":0,"menu_order":0,"comment_status":"closed","ping_status":"closed","template":"","meta":{"footnotes":""},"class_list":["post-767","page","type-page","status-publish","hentry"],"translation":{"provider":"WPGlobus","version":"3.0.2","language":"de","enabled_languages":["en","da","de","es","fi","fr","it","hu","nl","no","pl","pt","ru","sv"],"languages":{"en":{"title":true,"content":true,"excerpt":false},"da":{"title":true,"content":true,"excerpt":false},"de":{"title":true,"content":true,"excerpt":false},"es":{"title":true,"content":true,"excerpt":false},"fi":{"title":true,"content":true,"excerpt":false},"fr":{"title":true,"content":true,"excerpt":false},"it":{"title":true,"content":true,"excerpt":false},"hu":{"title":true,"content":true,"excerpt":false},"nl":{"title":true,"content":true,"excerpt":false},"no":{"title":true,"content":true,"excerpt":false},"pl":{"title":true,"content":true,"excerpt":false},"pt":{"title":false,"content":false,"excerpt":false},"ru":{"title":true,"content":true,"excerpt":false},"sv":{"title":true,"content":true,"excerpt":false}}},"_links":{"self":[{"href":"https:\/\/evosec.eu\/de\/wp-json\/wp\/v2\/pages\/767","targetHints":{"allow":["GET"]}}],"collection":[{"href":"https:\/\/evosec.eu\/de\/wp-json\/wp\/v2\/pages"}],"about":[{"href":"https:\/\/evosec.eu\/de\/wp-json\/wp\/v2\/types\/page"}],"author":[{"embeddable":true,"href":"https:\/\/evosec.eu\/de\/wp-json\/wp\/v2\/users\/1"}],"replies":[{"embeddable":true,"href":"https:\/\/evosec.eu\/de\/wp-json\/wp\/v2\/comments?post=767"}],"version-history":[{"count":3,"href":"https:\/\/evosec.eu\/de\/wp-json\/wp\/v2\/pages\/767\/revisions"}],"predecessor-version":[{"id":1159,"href":"https:\/\/evosec.eu\/de\/wp-json\/wp\/v2\/pages\/767\/revisions\/1159"}],"wp:attachment":[{"href":"https:\/\/evosec.eu\/de\/wp-json\/wp\/v2\/media?parent=767"}],"curies":[{"name":"wp","href":"https:\/\/api.w.org\/{rel}","templated":true}]}}