{"id":1757,"date":"2016-05-09T22:48:35","date_gmt":"2016-05-09T22:48:35","guid":{"rendered":"https:\/\/evosec.eu\/?page_id=1757"},"modified":"2016-09-11T01:00:42","modified_gmt":"2016-09-11T01:00:42","slug":"wordpress-security-testinghardening","status":"publish","type":"page","link":"https:\/\/evosec.eu\/de\/wordpress-security-testinghardening\/","title":{"rendered":"WordPress Security Testing &amp; Amp; H\u00e4rten"},"content":{"rendered":"<p>Haben Sie Ihre WordPress-basierten Website gegen h\u00e4ufige Konfigurationsprobleme getestet, die Kopfschmerzen wegen der Sicherheit f\u00fchren k\u00f6nnte?<br \/>\nHave you heard of <a class=\"external text\" href=\"http:\/\/en.wikipedia.org\/wiki\/Security_through_obscurity\">Security through obscurity<\/a>?<br \/>\nWussten Sie, dass \\ Unn\u00f6tig zu sagen, werden wie WordPress CMS-Plattformen nicht Sicherheit-zu einem gro\u00dfen Teil aus dem Kasten heraus geh\u00e4rtet.<br \/>\nDiese hier jemals daran gedacht?<\/p>\n<ul>\n<li>F\u00fchren Sie immer die neueste version<\/li>\n<li>Aktualisieren Sie regelm\u00e4\u00dfig Ihr Back-End<\/li>\n<li>Verwenden Sie immer vertrauensw\u00fcrdige Quellen f\u00fcr Themes und Plugins. Werden zus\u00e4tzliche sorgf\u00e4ltig \u00fcber kostenlose Themes und Plugins (da sie haben zu leben, wie sie es tun?)<\/li>\n<li>Verwenden Sie niemals Standardeinstellungen<\/li>\n<li>Reduzieren Sie Anmeldeinformationen und seien Sie vorsichtig \u00fcber Benutzerebenen<\/li>\n<li>Immer verwenden Sie sichere Kennw\u00f6rter<\/li>\n<li>Die .htaccess-Datei sch\u00fctzen<\/li>\n<li>Backup t\u00e4glich, sondern auch halten w\u00f6chentliche und monatliche Sicherungen. Ein Website-Kompromiss k\u00f6nnte in einer Tag-\u00dcberspannung, nicht erkannt werden, m\u00fcssen Sie m\u00f6glicherweise eine alte Sicherung.<\/li>\n<\/ul>\n<p>Haben Sie Interesse? Wir k\u00f6nnen Ihnen sichern Sie Ihre Website, Pen-Test es und\/oder individuelle Ratschl\u00e4ge zu geben. Schreiben Sie uns einfach eine Linie am <a href=\"mailto:Office@evosec.EU\">Office@evosec.EU<\/a> oder verwenden Sie die <a href=\"\/contact\">contact section<\/a>.\n<\/p>\n<hr \/>\n<div class=\"row\" style=\"text-align:center;\">\n<img decoding=\"async\" src=\"\/wp-content\/uploads\/2016\/05\/wordpress-hacker-rgb1.jpg\" \/>\n<\/div>\n","protected":false},"excerpt":{"rendered":"<p>Haben Sie Ihre WordPress-basierten Website gegen h\u00e4ufige Konfigurationsprobleme getestet, die Kopfschmerzen wegen der Sicherheit f\u00fchren k\u00f6nnte? Have you heard of Security through obscurity? Wussten Sie, dass \\ Unn\u00f6tig zu sagen, werden wie WordPress CMS-Plattformen nicht Sicherheit-zu einem gro\u00dfen Teil aus dem Kasten heraus geh\u00e4rtet. Diese hier jemals daran gedacht? F\u00fchren &hellip;<\/p>\n","protected":false},"author":1,"featured_media":1785,"parent":0,"menu_order":0,"comment_status":"closed","ping_status":"closed","template":"","meta":{"footnotes":""},"class_list":["post-1757","page","type-page","status-publish","has-post-thumbnail","hentry"],"translation":{"provider":"WPGlobus","version":"3.0.2","language":"de","enabled_languages":["en","da","de","es","fi","fr","it","hu","nl","no","pl","pt","ru","sv"],"languages":{"en":{"title":true,"content":true,"excerpt":false},"da":{"title":true,"content":true,"excerpt":false},"de":{"title":true,"content":true,"excerpt":false},"es":{"title":true,"content":true,"excerpt":false},"fi":{"title":true,"content":true,"excerpt":false},"fr":{"title":true,"content":true,"excerpt":false},"it":{"title":true,"content":true,"excerpt":false},"hu":{"title":true,"content":true,"excerpt":false},"nl":{"title":true,"content":true,"excerpt":false},"no":{"title":true,"content":true,"excerpt":false},"pl":{"title":true,"content":true,"excerpt":false},"pt":{"title":true,"content":true,"excerpt":false},"ru":{"title":true,"content":true,"excerpt":false},"sv":{"title":true,"content":true,"excerpt":false}}},"_links":{"self":[{"href":"https:\/\/evosec.eu\/de\/wp-json\/wp\/v2\/pages\/1757","targetHints":{"allow":["GET"]}}],"collection":[{"href":"https:\/\/evosec.eu\/de\/wp-json\/wp\/v2\/pages"}],"about":[{"href":"https:\/\/evosec.eu\/de\/wp-json\/wp\/v2\/types\/page"}],"author":[{"embeddable":true,"href":"https:\/\/evosec.eu\/de\/wp-json\/wp\/v2\/users\/1"}],"replies":[{"embeddable":true,"href":"https:\/\/evosec.eu\/de\/wp-json\/wp\/v2\/comments?post=1757"}],"version-history":[{"count":3,"href":"https:\/\/evosec.eu\/de\/wp-json\/wp\/v2\/pages\/1757\/revisions"}],"predecessor-version":[{"id":2129,"href":"https:\/\/evosec.eu\/de\/wp-json\/wp\/v2\/pages\/1757\/revisions\/2129"}],"wp:featuredmedia":[{"embeddable":true,"href":"https:\/\/evosec.eu\/de\/wp-json\/wp\/v2\/media\/1785"}],"wp:attachment":[{"href":"https:\/\/evosec.eu\/de\/wp-json\/wp\/v2\/media?parent=1757"}],"curies":[{"name":"wp","href":"https:\/\/api.w.org\/{rel}","templated":true}]}}