{"id":1640,"date":"2016-03-23T20:45:27","date_gmt":"2016-03-23T20:45:27","guid":{"rendered":"https:\/\/evosec.eu\/?page_id=1640"},"modified":"2016-09-11T01:05:18","modified_gmt":"2016-09-11T01:05:18","slug":"ransomware-prevention-backup","status":"publish","type":"page","link":"https:\/\/evosec.eu\/de\/ransomware-prevention-backup\/","title":{"rendered":"Ransomware-Pr\u00e4vention: L\u00f6segeld-Proof Sicherungen"},"content":{"rendered":"<div class=\"row\">\n<img decoding=\"async\" src=\"\/\/evosec.eu\/wp-content\/uploads\/2016\/03\/ransomware.jpg\" alt=\"Ransomware\" class=\"aligncenter img-responsive\" \/>\n<\/div>\n<div class=\"row\">\nUnsere Ingenieure haben eine L\u00f6sung entwickelt, die l\u00e4uft auf Linux, aber funktioniert sowohl f\u00fcr Windows und Linux-basierte Netzwerke. Hier sind ein paar Features unserer L\u00f6sung, perfekt anpassbar an SMB-Netzwerke:<\/p>\n<ul>\n<li>Vollst\u00e4ndig automatisiert<\/li>\n<li>Kompatibel mit Windows-Freigaben<\/li>\n<li>M\u00f6glichkeit, rechtzeitig ein Rollback<\/li>\n<li>Geplante Updates von backups<\/li>\n<li>Propfens auf Windows-basierte Angriffe und Windows-Freigaben<\/li>\n<li>K\u00f6nnen vollst\u00e4ndig, gesperrt werden um Sch\u00e4den an den Sicherungen zu vermeiden<\/li>\n<li>Auf bestimmte Anwendungen zugeschnitten werden k\u00f6nnen oder mit anderen integriert werden<\/li>\n<li>Einsetzbar f\u00fcr vor-Ort-Sicherungen, sondern auch f\u00fcr gesicherte, remote, Off-Site-backups<\/li>\n<\/ul>\n<h4>Bei Interesse z\u00f6gern Sie bitte nicht <a href=\"\/contact\/\">kontaktieren Sie uns<\/a><\/h4>\n<\/div>\n","protected":false},"excerpt":{"rendered":"<p>Unsere Ingenieure haben eine L\u00f6sung entwickelt, die l\u00e4uft auf Linux, aber funktioniert sowohl f\u00fcr Windows und Linux-basierte Netzwerke. Hier sind ein paar Features unserer L\u00f6sung, perfekt anpassbar an SMB-Netzwerke: Vollst\u00e4ndig automatisiert Kompatibel mit Windows-Freigaben M\u00f6glichkeit, rechtzeitig ein Rollback Geplante Updates von backups Propfens auf Windows-basierte Angriffe und Windows-Freigaben K\u00f6nnen vollst\u00e4ndig, &hellip;<\/p>\n","protected":false},"author":1,"featured_media":0,"parent":0,"menu_order":0,"comment_status":"closed","ping_status":"closed","template":"","meta":{"footnotes":""},"class_list":["post-1640","page","type-page","status-publish","hentry"],"translation":{"provider":"WPGlobus","version":"3.0.2","language":"de","enabled_languages":["en","da","de","es","fi","fr","it","hu","nl","no","pl","pt","ru","sv"],"languages":{"en":{"title":true,"content":true,"excerpt":false},"da":{"title":true,"content":true,"excerpt":false},"de":{"title":true,"content":true,"excerpt":false},"es":{"title":true,"content":true,"excerpt":false},"fi":{"title":true,"content":true,"excerpt":false},"fr":{"title":true,"content":true,"excerpt":false},"it":{"title":true,"content":true,"excerpt":false},"hu":{"title":true,"content":true,"excerpt":false},"nl":{"title":true,"content":true,"excerpt":false},"no":{"title":true,"content":true,"excerpt":false},"pl":{"title":true,"content":true,"excerpt":false},"pt":{"title":true,"content":true,"excerpt":false},"ru":{"title":true,"content":true,"excerpt":false},"sv":{"title":true,"content":true,"excerpt":false}}},"_links":{"self":[{"href":"https:\/\/evosec.eu\/de\/wp-json\/wp\/v2\/pages\/1640","targetHints":{"allow":["GET"]}}],"collection":[{"href":"https:\/\/evosec.eu\/de\/wp-json\/wp\/v2\/pages"}],"about":[{"href":"https:\/\/evosec.eu\/de\/wp-json\/wp\/v2\/types\/page"}],"author":[{"embeddable":true,"href":"https:\/\/evosec.eu\/de\/wp-json\/wp\/v2\/users\/1"}],"replies":[{"embeddable":true,"href":"https:\/\/evosec.eu\/de\/wp-json\/wp\/v2\/comments?post=1640"}],"version-history":[{"count":3,"href":"https:\/\/evosec.eu\/de\/wp-json\/wp\/v2\/pages\/1640\/revisions"}],"predecessor-version":[{"id":2131,"href":"https:\/\/evosec.eu\/de\/wp-json\/wp\/v2\/pages\/1640\/revisions\/2131"}],"wp:attachment":[{"href":"https:\/\/evosec.eu\/de\/wp-json\/wp\/v2\/media?parent=1640"}],"curies":[{"name":"wp","href":"https:\/\/api.w.org\/{rel}","templated":true}]}}