{"id":785,"date":"2014-08-16T23:08:54","date_gmt":"2014-08-16T23:08:54","guid":{"rendered":"http:\/\/evosec.eu\/?page_id=785"},"modified":"2016-09-11T00:57:42","modified_gmt":"2016-09-11T00:57:42","slug":"what-we-do","status":"publish","type":"page","link":"https:\/\/evosec.eu\/da\/what-we-do\/","title":{"rendered":"Hvad Vi G\u00f8r"},"content":{"rendered":"<h2><a href=\"\/security\"><i class=\"fa fa-shield fa-fw\"><\/i>IT-SIKKERHED<\/a><\/h2>\n<ul class=\"fa-ul\" style=\"list-style-type: none\">\n<li><i class=\"fa-li fa fa-angle-right fa-fw\"><\/i><a href=\"http:\/\/evosec.eu\/smbs-fast-cyber-security-checklist\/\">Hurtig SMB-Check<\/a><\/li>\n<li><i class=\"fa-li fa fa-angle-right fa-fw\"><\/i>WebSite sikkerhedsrevision<\/li>\n<li><i class=\"fa-li fa fa-angle-right fa-fw\"><\/i>Netv\u00e6rk sikkerhedsrevision<\/li>\n<li><i class=\"fa-li fa fa-angle-right fa-fw\"><\/i>Server sikkerhedsrevision<\/li>\n<li><i class=\"fa-li fa fa-angle-right fa-fw\"><\/i>Integreret enhed sikkerhedsrevision<\/li>\n<\/ul>\n<h2><a href=\"\/operations\"><i class=\"fa fa-heartbeat fa-fw\"><\/i>IT-DRIFT<\/a><\/h2>\n<ul class=\"fa-ul\" style=\"list-style-type: none\">\n<li><i class=\"fa-li fa fa-angle-right fa-fw\"><\/i>Netv\u00e6rk<\/li>\n<li><i class=\"fa-li fa fa-angle-right fa-fw\"><\/i>Linux-servere<\/li>\n<li><i class=\"fa-li fa fa-angle-right fa-fw\"><\/i>Sikkerhedskopier \/ Ransomware-bevis sikkerhedskopier<\/li>\n<li><i class=\"fa-li fa fa-angle-right fa-fw\"><\/i>Overv\u00e5gning af websites, IPs\/IP-omr\u00e5der, enheder osv<\/li>\n<li><i class=\"fa-li fa fa-angle-right fa-fw\"><\/i>3rd part\/for\u00e6ldede protokoller opdatering\/integrationer<\/li>\n<\/ul>\n<h2><a href=\"\/automation\"><i class=\"fa fa-cogs fa-fw\"><\/i>IT AUTOMATION<\/a><\/h2>\n<ul class=\"fa-ul\" style=\"list-style-type: none\">\n<li><i class=\"fa-li fa fa-angle-right fa-fw\"><\/i>Data kravle\/Parsing<\/li>\n<li><i class=\"fa-li fa fa-angle-right fa-fw\"><\/i>Automatiserede eMails<\/li>\n<li><i class=\"fa-li fa fa-angle-right fa-fw\"><\/i>Brugerdefineret-udviklet programmer, scripts eller l\u00f8sninger til at k\u00f8re p\u00e5 generelt tilg\u00e6ngelige indlejrede bestyrelser &#8211; Raspberry PI, Arduino osv<\/li>\n<\/ul>\n<h2><a href=\"\/web-support\"><i class=\"fa fa-user fa-fw\"><\/i>WEB-SUPPORT<\/a><\/h2>\n<ul class=\"fa-ul\" style=\"list-style-type: none\">\n<li><i class=\"fa-li fa fa-angle-right fa-fw\"><\/i>Opdatering, sk\u00e6rm &#038; Patch: WordPress-baserede Sites &#038; Plugins<\/li>\n<li><i class=\"fa-li fa fa-angle-right fa-fw\"><\/i>Opdatering, sk\u00e6rm &#038; Patch: Joomla-baserede Sites, Plugins &#038; komponenter<\/li>\n<\/ul>\n<h2><a href=\"\/iot-devices-security-assessment\"><i class=\"fa fa-wifi fa-fw\"><\/i>Tingenes internet enheder sikkerhed<\/a><\/h2>\n<ul class=\"fa-ul\" style=\"list-style-type: none\">\n<li><i class=\"fa-li fa fa-angle-right fa-fw\"><\/i>Konfiguration check\/fejlfinding<\/li>\n<li><i class=\"fa-li fa fa-angle-right fa-fw\"><\/i>Usikrede protokoller-klartekst adgangskoder<\/li>\n<li><i class=\"fa-li fa fa-angle-right fa-fw\"><\/i>Reverse engineering protokoller<\/li>\n<li><i class=\"fa-li fa fa-angle-right fa-fw\"><\/i>Fast adgangskoder, bagd\u00f8re, standardindstillinger<\/li>\n<\/ul>\n","protected":false},"excerpt":{"rendered":"<p>IT-SIKKERHED Hurtig SMB-Check WebSite sikkerhedsrevision Netv\u00e6rk sikkerhedsrevision Server sikkerhedsrevision Integreret enhed sikkerhedsrevision IT-DRIFT Netv\u00e6rk Linux-servere Sikkerhedskopier \/ Ransomware-bevis sikkerhedskopier Overv\u00e5gning af websites, IPs\/IP-omr\u00e5der, enheder osv 3rd part\/for\u00e6ldede protokoller opdatering\/integrationer IT AUTOMATION Data kravle\/Parsing Automatiserede eMails Brugerdefineret-udviklet programmer, scripts eller l\u00f8sninger til at k\u00f8re p\u00e5 generelt tilg\u00e6ngelige indlejrede bestyrelser &#8211; Raspberry &hellip;<\/p>\n","protected":false},"author":1,"featured_media":0,"parent":0,"menu_order":0,"comment_status":"closed","ping_status":"open","template":"","meta":{"footnotes":""},"class_list":["post-785","page","type-page","status-publish","hentry"],"translation":{"provider":"WPGlobus","version":"3.0.2","language":"da","enabled_languages":["en","da","de","es","fi","fr","it","hu","nl","no","pl","pt","ru","sv"],"languages":{"en":{"title":true,"content":true,"excerpt":false},"da":{"title":true,"content":true,"excerpt":false},"de":{"title":true,"content":true,"excerpt":false},"es":{"title":true,"content":true,"excerpt":false},"fi":{"title":true,"content":true,"excerpt":false},"fr":{"title":true,"content":true,"excerpt":false},"it":{"title":true,"content":true,"excerpt":false},"hu":{"title":true,"content":true,"excerpt":false},"nl":{"title":true,"content":true,"excerpt":false},"no":{"title":true,"content":true,"excerpt":false},"pl":{"title":true,"content":true,"excerpt":false},"pt":{"title":true,"content":true,"excerpt":false},"ru":{"title":true,"content":true,"excerpt":false},"sv":{"title":true,"content":true,"excerpt":false}}},"_links":{"self":[{"href":"https:\/\/evosec.eu\/da\/wp-json\/wp\/v2\/pages\/785","targetHints":{"allow":["GET"]}}],"collection":[{"href":"https:\/\/evosec.eu\/da\/wp-json\/wp\/v2\/pages"}],"about":[{"href":"https:\/\/evosec.eu\/da\/wp-json\/wp\/v2\/types\/page"}],"author":[{"embeddable":true,"href":"https:\/\/evosec.eu\/da\/wp-json\/wp\/v2\/users\/1"}],"replies":[{"embeddable":true,"href":"https:\/\/evosec.eu\/da\/wp-json\/wp\/v2\/comments?post=785"}],"version-history":[{"count":3,"href":"https:\/\/evosec.eu\/da\/wp-json\/wp\/v2\/pages\/785\/revisions"}],"predecessor-version":[{"id":2132,"href":"https:\/\/evosec.eu\/da\/wp-json\/wp\/v2\/pages\/785\/revisions\/2132"}],"wp:attachment":[{"href":"https:\/\/evosec.eu\/da\/wp-json\/wp\/v2\/media?parent=785"}],"curies":[{"name":"wp","href":"https:\/\/api.w.org\/{rel}","templated":true}]}}