{"id":767,"date":"2015-01-16T23:29:16","date_gmt":"2015-01-16T23:29:16","guid":{"rendered":"http:\/\/evosec.eu\/?page_id=767"},"modified":"2017-09-08T01:08:35","modified_gmt":"2017-09-08T01:08:35","slug":"homepage","status":"publish","type":"page","link":"https:\/\/evosec.eu\/da\/","title":{"rendered":"Vi Byder Dig Velkommen!"},"content":{"rendered":"<div class=\"row\">\n<div class=\"col-lg-12\">\n<div class=\"panel panel-default\">\n<div class=\"panel-body\">Vi er en IT-tech virksomhed, specialiseret i at levere tjenester, l\u00f8sninger og tilpassede produkter til sm\u00e5-mellemstore virksomheder.Vi mener, at sm\u00e5 og mellemstore virksomheder har det behov der er forskellige fra dem, der kr\u00e6ver store virksomheder eller selskaber. Dog beh\u00f8ver SMB&#8217;er stadig h\u00f8jt kvalificerede ressourcer og veludviklede l\u00f8sninger for at konkurrere p\u00e5 et marked, is\u00e6r nu, hvor n\u00e6sten enhver virksomhed omdanne\/flytte til digital og st\u00f8der p\u00e5 en ny verden med nye fordele og udfordringer.<\/p>\n<p>Et af vores m\u00e5l er at give sm\u00e5 og mellemstore virksomheder med de samme konkurrencem\u00e6ssige fordele, som st\u00f8rre organisationer har.<\/p>\n<\/div>\n<\/div>\n<\/div>\n<\/div>\n<div class=\"row\">\n<div class=\"col-xs-12 col-sm-12 col-md-6 col-lg-6\">\n<div class=\"thumbnail\"><a href=\"\/da\/security\/\"><img decoding=\"async\" src=\"\/wp-content\/images\/security.png\" alt=\"IT-sikkerhed\" \/><\/a><\/p>\n<div class=\"caption\">\n<h1><i class=\"fa fa-shield fa-fw\"><\/i>IT-sikkerhed<\/h1>\n<p><a class=\"btn btn-primary\" href=\"\/da\/security\/\">Find ud af mere<\/a><\/div>\n<\/div>\n<\/div>\n<div class=\"col-xs-12 col-sm-12 col-md-6 col-lg-6\">\n<div class=\"thumbnail\"><a href=\"\/da\/category\/case-studies\/it-operations\/\"><img decoding=\"async\" src=\"\/wp-content\/images\/operations.png\" alt=\"IT-drift\" \/><\/a><\/p>\n<div class=\"caption\">\n<h1><i class=\"fa fa-heartbeat fa-fw\"><\/i>IT-drift<\/h1>\n<p><a class=\"btn btn-success\" href=\"\/da\/category\/case-studies\/it-operations\/\">Find ud af mere<\/a>\n<\/div>\n<\/div>\n<\/div>\n<\/div>\n<div class=\"row\">\n<div class=\"col-xs-12 col-sm-12 col-md-6 col-lg-6\">\n<div class=\"thumbnail\"><a href=\"\/da\/category\/case-studies\/automation\/\"><img decoding=\"async\" src=\"\/wp-content\/images\/automation.png\" alt=\"IT Automation\" \/><\/a><\/p>\n<div class=\"caption\">\n<h1><i class=\"fa fa-cogs fa-fw\"><\/i>IT Automation<\/h1>\n<p><a class=\"btn btn-info\" href=\"\/da\/category\/case-studies\/automation\/\">Find ud af mere<\/a><\/div>\n<\/div>\n<\/div>\n<div class=\"col-xs-12 col-sm-12 col-md-6 col-lg-6\">\n<div class=\"thumbnail\"><a href=\"\/da\/category\/case-studies\/iot-security\/\"><img decoding=\"async\" src=\"\/wp-content\/images\/iot.png\" alt=\"Tingenes internet enheder\" \/><\/a><\/p>\n<div class=\"caption\">\n<h1><i class=\"fa fa-wifi fa-fw\"><\/i>Tingenes internet enheder<\/h1>\n<p><a class=\"btn btn-warning\" href=\"\/da\/category\/case-studies\/iot-security\/\">Find ud af mere<\/a><\/div>\n<\/div>\n<\/div>\n<\/div>\n","protected":false},"excerpt":{"rendered":"<p>Vi er en IT-tech virksomhed, specialiseret i at levere tjenester, l\u00f8sninger og tilpassede produkter til sm\u00e5-mellemstore virksomheder.Vi mener, at sm\u00e5 og mellemstore virksomheder har det behov der er forskellige fra dem, der kr\u00e6ver store virksomheder eller selskaber. Dog beh\u00f8ver SMB&#8217;er stadig h\u00f8jt kvalificerede ressourcer og veludviklede l\u00f8sninger for at konkurrere &hellip;<\/p>\n","protected":false},"author":1,"featured_media":0,"parent":0,"menu_order":0,"comment_status":"closed","ping_status":"closed","template":"","meta":{"footnotes":""},"class_list":["post-767","page","type-page","status-publish","hentry"],"translation":{"provider":"WPGlobus","version":"3.0.2","language":"da","enabled_languages":["en","da","de","es","fi","fr","it","hu","nl","no","pl","pt","ru","sv"],"languages":{"en":{"title":true,"content":true,"excerpt":false},"da":{"title":true,"content":true,"excerpt":false},"de":{"title":true,"content":true,"excerpt":false},"es":{"title":true,"content":true,"excerpt":false},"fi":{"title":true,"content":true,"excerpt":false},"fr":{"title":true,"content":true,"excerpt":false},"it":{"title":true,"content":true,"excerpt":false},"hu":{"title":true,"content":true,"excerpt":false},"nl":{"title":true,"content":true,"excerpt":false},"no":{"title":true,"content":true,"excerpt":false},"pl":{"title":true,"content":true,"excerpt":false},"pt":{"title":false,"content":false,"excerpt":false},"ru":{"title":true,"content":true,"excerpt":false},"sv":{"title":true,"content":true,"excerpt":false}}},"_links":{"self":[{"href":"https:\/\/evosec.eu\/da\/wp-json\/wp\/v2\/pages\/767","targetHints":{"allow":["GET"]}}],"collection":[{"href":"https:\/\/evosec.eu\/da\/wp-json\/wp\/v2\/pages"}],"about":[{"href":"https:\/\/evosec.eu\/da\/wp-json\/wp\/v2\/types\/page"}],"author":[{"embeddable":true,"href":"https:\/\/evosec.eu\/da\/wp-json\/wp\/v2\/users\/1"}],"replies":[{"embeddable":true,"href":"https:\/\/evosec.eu\/da\/wp-json\/wp\/v2\/comments?post=767"}],"version-history":[{"count":3,"href":"https:\/\/evosec.eu\/da\/wp-json\/wp\/v2\/pages\/767\/revisions"}],"predecessor-version":[{"id":1159,"href":"https:\/\/evosec.eu\/da\/wp-json\/wp\/v2\/pages\/767\/revisions\/1159"}],"wp:attachment":[{"href":"https:\/\/evosec.eu\/da\/wp-json\/wp\/v2\/media?parent=767"}],"curies":[{"name":"wp","href":"https:\/\/api.w.org\/{rel}","templated":true}]}}