{"id":1757,"date":"2016-05-09T22:48:35","date_gmt":"2016-05-09T22:48:35","guid":{"rendered":"https:\/\/evosec.eu\/?page_id=1757"},"modified":"2016-09-11T01:00:42","modified_gmt":"2016-09-11T01:00:42","slug":"wordpress-security-testinghardening","status":"publish","type":"page","link":"https:\/\/evosec.eu\/da\/wordpress-security-testinghardening\/","title":{"rendered":"WordPress Sikkerhed Test &amp; Amp; H\u00e6rdning"},"content":{"rendered":"<p>Gjorde jer overh\u00f8re jeres WordPress-baserede hjemmeside mod almindelige konfigurationsproblemer, der kan f\u00f8re til sikkerhed hovedpine?<br \/>\nHave you heard of <a class=\"external text\" href=\"http:\/\/en.wikipedia.org\/wiki\/Security_through_obscurity\">Security through obscurity<\/a>?<br \/>\nVidste du, at \\ Overfl\u00f8digt at sige, er CMS platforme som WordPress ikke sikkerhed-h\u00e6rdede i stor grad ud af kassen.<br \/>\nNogensinde t\u00e6nkt p\u00e5 at disse dem?<\/p>\n<ul>\n<li>Altid k\u00f8re den nyeste version<\/li>\n<li>Opdater din backend regelm\u00e6ssigt<\/li>\n<li>Brug altid p\u00e5lidelige kilder til temaer og plugins. V\u00e6re ekstra omhyggeligt om gratis temaer og plugins (da de er n\u00f8dt til at g\u00f8re en levende, hvordan kan de g\u00f8re det?)<\/li>\n<li>Aldrig brug standardindstillinger<\/li>\n<li>Reducere legitimationsoplysninger og v\u00e6re forsigtig med brugerniveauer<\/li>\n<li>Altid bruge st\u00e6rke adgangskoder<\/li>\n<li>Beskytte .htaccess fil<\/li>\n<li>Backup dagligt, men ogs\u00e5 holde ugentlige og m\u00e5nedlige sikkerhedskopier. En hjemmeside kompromis kan registreres ikke i en dags-span, s\u00e5 skal du m\u00e5ske en gammel backup.<\/li>\n<\/ul>\n<p>Interesseret? Vi kan hj\u00e6lpe dig med at sikre din hjemmeside, pen-test, det og\/eller give tilpassede r\u00e5d. Bare drop os en linje p\u00e5 <a href=\"mailto:Office@evosec.EU\">Office@evosec.EU<\/a> eller bruge den <a href=\"\/contact\">contact section<\/a>.\n<\/p>\n<hr \/>\n<div class=\"row\" style=\"text-align:center;\">\n<img decoding=\"async\" src=\"\/wp-content\/uploads\/2016\/05\/wordpress-hacker-rgb1.jpg\" \/>\n<\/div>\n","protected":false},"excerpt":{"rendered":"<p>Gjorde jer overh\u00f8re jeres WordPress-baserede hjemmeside mod almindelige konfigurationsproblemer, der kan f\u00f8re til sikkerhed hovedpine? Have you heard of Security through obscurity? Vidste du, at \\ Overfl\u00f8digt at sige, er CMS platforme som WordPress ikke sikkerhed-h\u00e6rdede i stor grad ud af kassen. Nogensinde t\u00e6nkt p\u00e5 at disse dem? Altid k\u00f8re &hellip;<\/p>\n","protected":false},"author":1,"featured_media":1785,"parent":0,"menu_order":0,"comment_status":"closed","ping_status":"closed","template":"","meta":{"footnotes":""},"class_list":["post-1757","page","type-page","status-publish","has-post-thumbnail","hentry"],"translation":{"provider":"WPGlobus","version":"3.0.2","language":"da","enabled_languages":["en","da","de","es","fi","fr","it","hu","nl","no","pl","pt","ru","sv"],"languages":{"en":{"title":true,"content":true,"excerpt":false},"da":{"title":true,"content":true,"excerpt":false},"de":{"title":true,"content":true,"excerpt":false},"es":{"title":true,"content":true,"excerpt":false},"fi":{"title":true,"content":true,"excerpt":false},"fr":{"title":true,"content":true,"excerpt":false},"it":{"title":true,"content":true,"excerpt":false},"hu":{"title":true,"content":true,"excerpt":false},"nl":{"title":true,"content":true,"excerpt":false},"no":{"title":true,"content":true,"excerpt":false},"pl":{"title":true,"content":true,"excerpt":false},"pt":{"title":true,"content":true,"excerpt":false},"ru":{"title":true,"content":true,"excerpt":false},"sv":{"title":true,"content":true,"excerpt":false}}},"_links":{"self":[{"href":"https:\/\/evosec.eu\/da\/wp-json\/wp\/v2\/pages\/1757","targetHints":{"allow":["GET"]}}],"collection":[{"href":"https:\/\/evosec.eu\/da\/wp-json\/wp\/v2\/pages"}],"about":[{"href":"https:\/\/evosec.eu\/da\/wp-json\/wp\/v2\/types\/page"}],"author":[{"embeddable":true,"href":"https:\/\/evosec.eu\/da\/wp-json\/wp\/v2\/users\/1"}],"replies":[{"embeddable":true,"href":"https:\/\/evosec.eu\/da\/wp-json\/wp\/v2\/comments?post=1757"}],"version-history":[{"count":3,"href":"https:\/\/evosec.eu\/da\/wp-json\/wp\/v2\/pages\/1757\/revisions"}],"predecessor-version":[{"id":2129,"href":"https:\/\/evosec.eu\/da\/wp-json\/wp\/v2\/pages\/1757\/revisions\/2129"}],"wp:featuredmedia":[{"embeddable":true,"href":"https:\/\/evosec.eu\/da\/wp-json\/wp\/v2\/media\/1785"}],"wp:attachment":[{"href":"https:\/\/evosec.eu\/da\/wp-json\/wp\/v2\/media?parent=1757"}],"curies":[{"name":"wp","href":"https:\/\/api.w.org\/{rel}","templated":true}]}}