{"id":1640,"date":"2016-03-23T20:45:27","date_gmt":"2016-03-23T20:45:27","guid":{"rendered":"https:\/\/evosec.eu\/?page_id=1640"},"modified":"2016-09-11T01:05:18","modified_gmt":"2016-09-11T01:05:18","slug":"ransomware-prevention-backup","status":"publish","type":"page","link":"https:\/\/evosec.eu\/da\/ransomware-prevention-backup\/","title":{"rendered":"Ransomware-forebyggelse: Ransom-bevis Sikkerhedskopier"},"content":{"rendered":"<div class=\"row\">\n<img decoding=\"async\" src=\"\/\/evosec.eu\/wp-content\/uploads\/2016\/03\/ransomware.jpg\" alt=\"Ransomware\" class=\"aligncenter img-responsive\" \/>\n<\/div>\n<div class=\"row\">\nVores ingeni\u00f8rer har udviklet en l\u00f8sning, der k\u00f8rer p\u00e5 Linux, men virker b\u00e5de til Windows og Linux-baserede netv\u00e6rk. Her er et par funktioner i vores l\u00f8sning, perfekt kan tilpasses til SMB-netv\u00e6rk:<\/p>\n<ul>\n<li>Fuldautomatisk<\/li>\n<li>Kompatibel med Windows aktier<\/li>\n<li>Mulighed for at rulle tilbage i tid<\/li>\n<li>Planlagte opdateringer af sikkerhedskopier<\/li>\n<li>Imune til Windows-baserede angreb og Windows-aktier angreb<\/li>\n<li>Kan v\u00e6re helt l\u00e5st ned, for at forebygge skader sikkerhedskopierne<\/li>\n<li>Kan v\u00e6re skr\u00e6ddersyet til bestemte programmer eller kan integreres med andre<\/li>\n<li>Kan bruges til on-site sikkerhedskopier, men ogs\u00e5 for sikrede, fjernbetjening, off-site backup<\/li>\n<\/ul>\n<h4>Hvis du er interesseret, s\u00e5 t\u00f8v ikke med at <a href=\"\/contact\/\">Kontakt os<\/a><\/h4>\n<\/div>\n","protected":false},"excerpt":{"rendered":"<p>Vores ingeni\u00f8rer har udviklet en l\u00f8sning, der k\u00f8rer p\u00e5 Linux, men virker b\u00e5de til Windows og Linux-baserede netv\u00e6rk. Her er et par funktioner i vores l\u00f8sning, perfekt kan tilpasses til SMB-netv\u00e6rk: Fuldautomatisk Kompatibel med Windows aktier Mulighed for at rulle tilbage i tid Planlagte opdateringer af sikkerhedskopier Imune til Windows-baserede &hellip;<\/p>\n","protected":false},"author":1,"featured_media":0,"parent":0,"menu_order":0,"comment_status":"closed","ping_status":"closed","template":"","meta":{"footnotes":""},"class_list":["post-1640","page","type-page","status-publish","hentry"],"translation":{"provider":"WPGlobus","version":"3.0.2","language":"da","enabled_languages":["en","da","de","es","fi","fr","it","hu","nl","no","pl","pt","ru","sv"],"languages":{"en":{"title":true,"content":true,"excerpt":false},"da":{"title":true,"content":true,"excerpt":false},"de":{"title":true,"content":true,"excerpt":false},"es":{"title":true,"content":true,"excerpt":false},"fi":{"title":true,"content":true,"excerpt":false},"fr":{"title":true,"content":true,"excerpt":false},"it":{"title":true,"content":true,"excerpt":false},"hu":{"title":true,"content":true,"excerpt":false},"nl":{"title":true,"content":true,"excerpt":false},"no":{"title":true,"content":true,"excerpt":false},"pl":{"title":true,"content":true,"excerpt":false},"pt":{"title":true,"content":true,"excerpt":false},"ru":{"title":true,"content":true,"excerpt":false},"sv":{"title":true,"content":true,"excerpt":false}}},"_links":{"self":[{"href":"https:\/\/evosec.eu\/da\/wp-json\/wp\/v2\/pages\/1640","targetHints":{"allow":["GET"]}}],"collection":[{"href":"https:\/\/evosec.eu\/da\/wp-json\/wp\/v2\/pages"}],"about":[{"href":"https:\/\/evosec.eu\/da\/wp-json\/wp\/v2\/types\/page"}],"author":[{"embeddable":true,"href":"https:\/\/evosec.eu\/da\/wp-json\/wp\/v2\/users\/1"}],"replies":[{"embeddable":true,"href":"https:\/\/evosec.eu\/da\/wp-json\/wp\/v2\/comments?post=1640"}],"version-history":[{"count":3,"href":"https:\/\/evosec.eu\/da\/wp-json\/wp\/v2\/pages\/1640\/revisions"}],"predecessor-version":[{"id":2131,"href":"https:\/\/evosec.eu\/da\/wp-json\/wp\/v2\/pages\/1640\/revisions\/2131"}],"wp:attachment":[{"href":"https:\/\/evosec.eu\/da\/wp-json\/wp\/v2\/media?parent=1640"}],"curies":[{"name":"wp","href":"https:\/\/api.w.org\/{rel}","templated":true}]}}