{"id":1380,"date":"2015-12-16T18:35:15","date_gmt":"2015-12-16T18:35:15","guid":{"rendered":"http:\/\/evosec.eu\/?page_id=1380"},"modified":"2016-09-11T00:55:24","modified_gmt":"2016-09-11T00:55:24","slug":"smbs-fast-cyber-security-checklist","status":"publish","type":"page","link":"https:\/\/evosec.eu\/da\/smbs-fast-cyber-security-checklist\/","title":{"rendered":"SMB&#8217;er Hurtige Cyber Security Tjekliste"},"content":{"rendered":"<p>Vi kan hj\u00e6lpe, konsultere eller give din virksomhed med f\u00f8lgende:<\/p>\n<ol>\n<li>Beskyttelse mod vira, spyware, malware og andre skadelig kode eller programmer<\/li>\n<li>Sikre dit netv\u00e6rk, is\u00e6r dine WiFi netv\u00e6rk<\/li>\n<li>Fastl\u00e6gge bedste praksis og politik og beskytte dine f\u00f8lsomme\/v\u00e6rdifulde oplysninger<\/li>\n<li>Uddanne og bevidstg\u00f8re medarbejderne om cyberthreats, i vores udenfor din virksomhed<\/li>\n<li>Backup, interne backup og ekstern backup (ja, triple backup, inden i og uden for virksomheden)<\/li>\n<li>Fysisk adgang til computere, NAS&#8217;er og andre anordninger, som anvendes af din virksomhed<\/li>\n<li>Mobile enheder\/Bring din egen enhed: handlingsplan, security management, sikkerhed apps, tabt enheder, kryptering af f\u00f8lsomme data<\/li>\n<li>Offentligt hjemmesider: beskyttelse, offentligg\u00f8relse af f\u00f8lsomme oplysninger, programsikkerhed<\/li>\n<\/ol>\n","protected":false},"excerpt":{"rendered":"<p>Vi kan hj\u00e6lpe, konsultere eller give din virksomhed med f\u00f8lgende: Beskyttelse mod vira, spyware, malware og andre skadelig kode eller programmer Sikre dit netv\u00e6rk, is\u00e6r dine WiFi netv\u00e6rk Fastl\u00e6gge bedste praksis og politik og beskytte dine f\u00f8lsomme\/v\u00e6rdifulde oplysninger Uddanne og bevidstg\u00f8re medarbejderne om cyberthreats, i vores udenfor din virksomhed Backup, &hellip;<\/p>\n","protected":false},"author":1,"featured_media":0,"parent":0,"menu_order":0,"comment_status":"closed","ping_status":"closed","template":"","meta":{"footnotes":""},"class_list":["post-1380","page","type-page","status-publish","hentry"],"translation":{"provider":"WPGlobus","version":"3.0.2","language":"da","enabled_languages":["en","da","de","es","fi","fr","it","hu","nl","no","pl","pt","ru","sv"],"languages":{"en":{"title":true,"content":true,"excerpt":false},"da":{"title":true,"content":true,"excerpt":false},"de":{"title":true,"content":true,"excerpt":false},"es":{"title":true,"content":true,"excerpt":false},"fi":{"title":true,"content":true,"excerpt":false},"fr":{"title":true,"content":true,"excerpt":false},"it":{"title":true,"content":true,"excerpt":false},"hu":{"title":true,"content":true,"excerpt":false},"nl":{"title":true,"content":true,"excerpt":false},"no":{"title":true,"content":true,"excerpt":false},"pl":{"title":true,"content":true,"excerpt":false},"pt":{"title":true,"content":true,"excerpt":false},"ru":{"title":true,"content":true,"excerpt":false},"sv":{"title":true,"content":true,"excerpt":false}}},"_links":{"self":[{"href":"https:\/\/evosec.eu\/da\/wp-json\/wp\/v2\/pages\/1380","targetHints":{"allow":["GET"]}}],"collection":[{"href":"https:\/\/evosec.eu\/da\/wp-json\/wp\/v2\/pages"}],"about":[{"href":"https:\/\/evosec.eu\/da\/wp-json\/wp\/v2\/types\/page"}],"author":[{"embeddable":true,"href":"https:\/\/evosec.eu\/da\/wp-json\/wp\/v2\/users\/1"}],"replies":[{"embeddable":true,"href":"https:\/\/evosec.eu\/da\/wp-json\/wp\/v2\/comments?post=1380"}],"version-history":[{"count":3,"href":"https:\/\/evosec.eu\/da\/wp-json\/wp\/v2\/pages\/1380\/revisions"}],"predecessor-version":[{"id":2134,"href":"https:\/\/evosec.eu\/da\/wp-json\/wp\/v2\/pages\/1380\/revisions\/2134"}],"wp:attachment":[{"href":"https:\/\/evosec.eu\/da\/wp-json\/wp\/v2\/media?parent=1380"}],"curies":[{"name":"wp","href":"https:\/\/api.w.org\/{rel}","templated":true}]}}